{"id":146500,"date":"2022-04-05T16:00:44","date_gmt":"2022-04-05T14:00:44","guid":{"rendered":"https:\/\/nextcloud.com\/?page_id=146500"},"modified":"2024-11-08T14:35:06","modified_gmt":"2024-11-08T13:35:06","slug":"ricerca","status":"publish","type":"page","link":"https:\/\/nextcloud.com\/it\/ricerca\/","title":{"rendered":"Ricerca"},"content":{"rendered":"<div class=\"wpb-content-wrapper\"><p>[vc_section el_class=&#8221;titlebar blueGradient&#8221; css=&#8221;.vc_custom_1725458274701{padding-top: 14rem !important;}&#8221;][vc_row content_placement=&#8221;middle&#8221;][vc_column width=&#8221;1\/2&#8243;][vc_column_text css=&#8221;&#8221; el_class=&#8221;page-title centerMobile&#8221;]<\/p>\n<h1>Cerca nel nostro sito<\/h1>\n<p>[\/vc_column_text][vc_column_text css=&#8221;&#8221; el_class=&#8221;page-subtitle centerMobile&#8221;]<\/p>\n<p>Cercate nel nostro sito utilizzando il modulo e trovate ci\u00f2 che state cercando.<\/p>\n<p>[\/vc_column_text][\/vc_column][vc_column width=&#8221;1\/2&#8243; css=&#8221;.vc_custom_1725458178164{padding-top: 0px !important;}&#8221;][vc_column_text css=&#8221;&#8221; el_class=&#8221;nc_form_container centered&#8221;]<form id='wpes-form-1612' role=\"search\" method=\"get\" class=\"search-form \" action=\"https:\/\/nextcloud.com\/it\/\">\n\t\t<label>\n\t\t    <span class=\"screen-reader-text\">Ricerca per:<\/span>\n\t\t    <input type=\"search\" class=\"search-field \" placeholder=\"Ricerca \u2026 \" value=\"\" name=\"s\" \/>\n\t\t<\/label>\n\t\t<input type=\"submit\" class=\"search-submit \" value=\"Search\" \/><input type='hidden' value='1612' name='wpessid' \/><\/form>[\/vc_column_text][\/vc_column][\/vc_row][\/vc_section][vc_section el_class=&#8221;nc_default_section&#8221;][vc_row gap=&#8221;20&#8243; content_placement=&#8221;middle&#8221;][vc_column width=&#8221;1\/3&#8243;][vc_column_text css=&#8221;&#8221;]<\/p>\n<h3>Prodotti Nextcloud<\/h3>\n<p>[\/vc_column_text][vc_column_text css=&#8221;&#8221;]Completamente self-hosted, l&#8217;ecosistema di app Nextcloud offre i vantaggi della collaborazione online senza i rischi di conformit\u00e0 e sicurezza.[\/vc_column_text][\/vc_column][vc_column width=&#8221;2\/3&#8243;][vc_column_text css=&#8221;&#8221;]<\/p>\n<ul class=\"nc-list two-cols\">\n<li><a class=\"hyperlink\" href=\"https:\/\/nextcloud.com\/it\/hub\/\">Nextcloud Hub <\/a><\/li>\n<li><a class=\"hyperlink\" href=\"https:\/\/nextcloud.com\/it\/files\/\">Nextcloud Files <\/a><\/li>\n<li><a class=\"hyperlink\" href=\"https:\/\/nextcloud.com\/it\/talk\/\">Nextcloud Talk <\/a><\/li>\n<li><a class=\"hyperlink\" href=\"https:\/\/nextcloud.com\/it\/groupware\/\">Nextcloud Groupware <\/a><\/li>\n<li><a class=\"hyperlink\" href=\"https:\/\/nextcloud.com\/it\/office\/\">Modifica dei documenti online con Nextcloud Office<\/a><\/li>\n<li><a class=\"hyperlink\" href=\"https:\/\/nextcloud.com\/it\/assistant\/\">Nextcloud Assistant<\/a><\/li>\n<li><a href=\"https:\/\/nextcloud.com\/it\/roundcube\/\">Roundcube<\/a><\/li>\n<li><a href=\"https:\/\/nextcloud.com\/it\/integrazioni-microsoft\/\">Integrazioni con Microsoft<\/a><\/li>\n<\/ul>\n<p>[\/vc_column_text][\/vc_column][\/vc_row][\/vc_section][vc_section el_class=&#8221;nc_default_section&#8221;][vc_row gap=&#8221;15&#8243; content_placement=&#8221;middle&#8221;][vc_column width=&#8221;1\/3&#8243;][vc_column_text css=&#8221;&#8221;]<\/p>\n<h3>Soluzioni Nextcloud<\/h3>\n<p>[\/vc_column_text][vc_column_text css=&#8221;&#8221;]Ottimizzato e testato per l&#8217;implementazione mission-critical, Nextcloud vi aiuta a raggiungere la vera sovranit\u00e0 digitale e la piena conformit\u00e0 alle normative del vostro settore.[\/vc_column_text][\/vc_column][vc_column width=&#8221;2\/3&#8243;][vc_column_text css=&#8221;&#8221;]<\/p>\n<ul class=\"nc-list two-cols\">\n<li><a class=\"hyperlink\" href=\"https:\/\/nextcloud.com\/it\/enterprise\/\">Nextcloud Enterprise<\/a><\/li>\n<li><a href=\"https:\/\/nextcloud.com\/it\/governi\/\">Settore pubblico<\/a><\/li>\n<li><a href=\"https:\/\/nextcloud.com\/it\/enterprises\/\">Enterprise<\/a><\/li>\n<li><a href=\"https:\/\/nextcloud.com\/it\/fornitori-di-servizi\/\">Fornitori di servizi<\/a><\/li>\n<li><a href=\"https:\/\/nextcloud.com\/it\/istruzione\/\">Educazione<\/a><\/li>\n<li><a href=\"https:\/\/nextcloud.com\/athome\/\">Nextcloud a casa<\/a><\/li>\n<\/ul>\n<p>[\/vc_column_text][\/vc_column][\/vc_row][\/vc_section][vc_section el_class=&#8221;nc_default_section&#8221;][vc_row gap=&#8221;15&#8243; content_placement=&#8221;middle&#8221;][vc_column width=&#8221;1\/3&#8243;][vc_column_text css=&#8221;&#8221;]<\/p>\n<h3>Funzionalit\u00e0 di Nextcloud<\/h3>\n<p>[\/vc_column_text][vc_column_text css=&#8221;&#8221;]Nextcloud Hub \u00e8 una piattaforma di collaborazione affidabile e sicura che offre funzionalit\u00e0 importanti come la condivisione di file, la crittografia end-to-end, la federazione, la conformit\u00e0 e molto altro ancora.[\/vc_column_text][\/vc_column][vc_column width=&#8221;2\/3&#8243;][vc_column_text css=&#8221;&#8221;]<\/p>\n<ul class=\"nc-list two-cols\">\n<li><a class=\"hyperlink\" href=\"https:\/\/nextcloud.com\/it\/funzionalita-di-nextcloud\/#clients\">Client mobili e desktop<\/a><\/li>\n<li><a class=\"hyperlink\" href=\"https:\/\/nextcloud.com\/it\/funzionalita-di-nextcloud\/#permissions\">Capacit\u00e0 di condivisione sicura dei file<\/a><\/li>\n<li><a class=\"hyperlink\" href=\"https:\/\/nextcloud.com\/it\/funzionalita-di-nextcloud\/#file-drop\">Caricamento dei file dei clienti (file drop)<\/a><\/li>\n<li><a class=\"hyperlink\" href=\"https:\/\/nextcloud.com\/it\/funzionalita-di-nextcloud\/#dashboard\">Dashboard<\/a><\/li>\n<li><a class=\"hyperlink\" href=\"https:\/\/nextcloud.com\/it\/funzionalita-di-nextcloud\/#unified-search\">Ricerca<\/a><\/li>\n<li><a class=\"hyperlink\" href=\"https:\/\/nextcloud.com\/it\/funzionalita-di-nextcloud\/#storage\">Opzioni di archiviazione<\/a><\/li>\n<li><a class=\"hyperlink\" href=\"https:\/\/nextcloud.com\/it\/funzionalita-di-nextcloud\/#user-management\">Gestione e autenticazione degli utenti<\/a><\/li>\n<li><a class=\"hyperlink\" href=\"https:\/\/nextcloud.com\/it\/funzionalita-di-nextcloud\/#monitoring\">Monitoraggio e auditing<\/a><\/li>\n<li><a class=\"hyperlink\" href=\"https:\/\/nextcloud.com\/it\/funzionalita-di-nextcloud\/#flow\">Nextcloud Flow<\/a><\/li>\n<li><a href=\"https:\/\/nextcloud.com\/it\/funzionalita-di-nextcloud\/#federation\">Nextcloud Federation<\/a><\/li>\n<li><a href=\"https:\/\/nextcloud.com\/it\/funzionalita-di-nextcloud\/#whiteboard\">Nextcloud Whiteboard<\/a><\/li>\n<li><a class=\"hyperlink\" href=\"https:\/\/nextcloud.com\/blog\/nextcloud-global-scale-how-it-works\/\">Scalabilit\u00e0<\/a><\/li>\n<li><a class=\"hyperlink\" href=\"https:\/\/nextcloud.com\/it\/integrazioni-microsoft\/\">Integrazioni Microsoft<\/a><\/li>\n<li><a class=\"hyperlink\" href=\"https:\/\/nextcloud.com\/onlyoffice\/\">Modifica dei documenti online con ONLYOFFICE<\/a><\/li>\n<li class=\"highlighted\"><a href=\"https:\/\/nextcloud.com\/it\/funzionalita-di-nextcloud\/\">Di pi\u00f9 sulla pagina delle caratteristiche<\/a><\/li>\n<\/ul>\n<p>[\/vc_column_text][\/vc_column][\/vc_row][\/vc_section][vc_section el_class=&#8221;nc_default_section&#8221;][vc_row gap=&#8221;15&#8243; content_placement=&#8221;middle&#8221;][vc_column width=&#8221;1\/3&#8243;][vc_column_text css=&#8221;&#8221;]<\/p>\n<h3>Sicurezza e conformit\u00e0<\/h3>\n<p>[\/vc_column_text][vc_column_text css=&#8221;&#8221;]Nextcloud \u00e8 progettato per proteggere i dati degli utenti attraverso molteplici livelli di protezione.[\/vc_column_text][\/vc_column][vc_column width=&#8221;2\/3&#8243;][vc_column_text css=&#8221;&#8221;]<\/p>\n<ul class=\"nc-list two-cols\">\n<li><a class=\"hyperlink\" href=\"https:\/\/nextcloud.com\/secure\/\">Sicurezza<\/a><\/li>\n<li><a class=\"hyperlink\" href=\"https:\/\/nextcloud.com\/it\/crittografia\/\">Crittografia<\/a><\/li>\n<li><a class=\"hyperlink\" href=\"https:\/\/nextcloud.com\/it\/funzionalita-di-nextcloud\/#end-to-end\">Crittografia end-to-end<\/a><\/li>\n<li><a class=\"hyperlink\" href=\"https:\/\/nextcloud.com\/it\/funzionalita-di-nextcloud\/#vdr\">Sale dati virtuali<\/a><\/li>\n<li><a class=\"hyperlink\" href=\"https:\/\/nextcloud.com\/security\/\">Rapporti sulla sicurezza<\/a><\/li>\n<li><a class=\"hyperlink\" href=\"https:\/\/nextcloud.com\/compliance\/\">Conformit\u00e0 (GDPR, HIPAA e altro)<\/a><\/li>\n<\/ul>\n<p>[\/vc_column_text][\/vc_column][\/vc_row][\/vc_section][vc_section el_class=&#8221;nc_default_section&#8221;][vc_row gap=&#8221;15&#8243; content_placement=&#8221;middle&#8221;][vc_column width=&#8221;1\/3&#8243;][vc_column_text css=&#8221;&#8221;]<\/p>\n<h3>Altro<\/h3>\n<p>[\/vc_column_text][vc_column_text css=&#8221;&#8221;]Qui potete trovare altri link utili per saperne di pi\u00f9 sull&#8217;importanza della condivisione sicura, su cosa pu\u00f2 fare per voi una piattaforma di collaborazione di contenuti, sulla nostra politica sui marchi o sulle nostre linee guida sul marchio.[\/vc_column_text][\/vc_column][vc_column width=&#8221;2\/3&#8243;][vc_column_text css=&#8221;&#8221;]<\/p>\n<ul class=\"nc-list two-cols\">\n<li><a class=\"hyperlink\" href=\"https:\/\/nextcloud.com\/secure-sharing\/\">L\u2019importanza della condivisione sicura<\/a><\/li>\n<li><a class=\"hyperlink\" href=\"https:\/\/nextcloud.com\/it\/sincronizzazione-e-condivisione-dei-file-aziendali-efss\/\">Cos\u2019\u00e8 la sincronizzazione e la condivisione dei file aziendali o EFSS<\/a><\/li>\n<li><a class=\"hyperlink\" href=\"https:\/\/nextcloud.com\/content-collaboration-platform\/\">Cos\u2019\u00e8 una piattaforma di collaborazione dei contenuti<\/a><\/li>\n<li><a class=\"hyperlink\" href=\"https:\/\/nextcloud.com\/it\/sviluppatore\/\">Risorse per gli sviluppatori<\/a><\/li>\n<li><a class=\"hyperlink\" href=\"https:\/\/nextcloud.com\/privacy\/\">La nostra politica sulla privacy<\/a><\/li>\n<li><a class=\"hyperlink\" href=\"https:\/\/nextcloud.com\/trademarks\/\">La politica sui marchi<\/a><\/li>\n<li><a href=\"https:\/\/nextcloud.com\/it\/brand\/\">La politica sul marchio<\/a><\/li>\n<\/ul>\n<p>[\/vc_column_text][\/vc_column][\/vc_row][\/vc_section]<\/p>\n<\/div>","protected":false},"excerpt":{"rendered":"<p>[vc_section el_class=&#8221;titlebar blueGradient&#8221; css=&#8221;.vc_custom_1725458274701{padding-top: 14rem !important;}&#8221;][vc_row content_placement=&#8221;middle&#8221;][vc_column width=&#8221;1\/2&#8243;][vc_column_text css=&#8221;&#8221; el_class=&#8221;page-title centerMobile&#8221;] Cerca nel nostro sito [\/vc_column_text][vc_column_text css=&#8221;&#8221; el_class=&#8221;page-subtitle centerMobile&#8221;] Cercate nel nostro sito utilizzando il modulo e trovate ci\u00f2 che state cercando. [\/vc_column_text][\/vc_column][vc_column width=&#8221;1\/2&#8243; css=&#8221;.vc_custom_1725458178164{padding-top: 0px !important;}&#8221;][vc_column_text css=&#8221;&#8221; el_class=&#8221;nc_form_container centered&#8221;][\/vc_column_text][\/vc_column][\/vc_row][\/vc_section][vc_section el_class=&#8221;nc_default_section&#8221;][vc_row gap=&#8221;20&#8243; content_placement=&#8221;middle&#8221;][vc_column width=&#8221;1\/3&#8243;][vc_column_text css=&#8221;&#8221;] Prodotti Nextcloud [\/vc_column_text][vc_column_text css=&#8221;&#8221;]Completamente self-hosted, l&#8217;ecosistema di app Nextcloud offre [&hellip;]<\/p>\n","protected":false},"author":26,"featured_media":0,"parent":0,"menu_order":0,"comment_status":"closed","ping_status":"closed","template":"","meta":{"_acf_changed":false,"inline_featured_image":false,"publish_to_discourse":"","publish_post_category":"","wpdc_auto_publish_overridden":"","wpdc_topic_tags":"","wpdc_pin_topic":"","wpdc_pin_until":"","discourse_post_id":"","discourse_permalink":"","wpdc_publishing_response":"","wpdc_publishing_error":"","footnotes":""},"tags":[],"class_list":["post-146500","page","type-page","status-publish","hentry"],"acf":[],"yoast_head":"<!-- This site is optimized with the Yoast SEO plugin v27.1.1 - https:\/\/yoast.com\/product\/yoast-seo-wordpress\/ -->\n<title>Ricerca - Nextcloud<\/title>\n<meta name=\"robots\" content=\"index, follow, max-snippet:-1, max-image-preview:large, max-video-preview:-1\" \/>\n<link rel=\"canonical\" href=\"https:\/\/nextcloud.com\/it\/ricerca\/\" \/>\n<meta property=\"og:locale\" content=\"it_IT\" \/>\n<meta property=\"og:type\" content=\"article\" \/>\n<meta property=\"og:title\" content=\"Ricerca - Nextcloud\" \/>\n<meta property=\"og:description\" content=\"[vc_section el_class=&#8221;titlebar blueGradient&#8221; css=&#8221;.vc_custom_1725458274701{padding-top: 14rem !important;}&#8221;][vc_row content_placement=&#8221;middle&#8221;][vc_column width=&#8221;1\/2&#8243;][vc_column_text css=&#8221;&#8221; el_class=&#8221;page-title centerMobile&#8221;] Cerca nel nostro sito [\/vc_column_text][vc_column_text css=&#8221;&#8221; el_class=&#8221;page-subtitle centerMobile&#8221;] Cercate nel nostro sito utilizzando il modulo e trovate ci\u00f2 che state cercando. [\/vc_column_text][\/vc_column][vc_column width=&#8221;1\/2&#8243; css=&#8221;.vc_custom_1725458178164{padding-top: 0px !important;}&#8221;][vc_column_text css=&#8221;&#8221; el_class=&#8221;nc_form_container centered&#8221;][\/vc_column_text][\/vc_column][\/vc_row][\/vc_section][vc_section el_class=&#8221;nc_default_section&#8221;][vc_row gap=&#8221;20&#8243; content_placement=&#8221;middle&#8221;][vc_column width=&#8221;1\/3&#8243;][vc_column_text css=&#8221;&#8221;] Prodotti Nextcloud [\/vc_column_text][vc_column_text css=&#8221;&#8221;]Completamente self-hosted, l&#8217;ecosistema di app Nextcloud offre [&hellip;]\" \/>\n<meta property=\"og:url\" content=\"https:\/\/nextcloud.com\/it\/ricerca\/\" \/>\n<meta property=\"og:site_name\" content=\"Nextcloud\" \/>\n<meta property=\"article:publisher\" content=\"https:\/\/www.facebook.com\/Nextclouders\/\" \/>\n<meta property=\"article:modified_time\" content=\"2024-11-08T13:35:06+00:00\" \/>\n<meta property=\"og:image\" content=\"https:\/\/nextcloud.com\/c\/uploads\/2026\/01\/nextcloud-home-featured-image.png\" \/>\n\t<meta property=\"og:image:width\" content=\"1920\" \/>\n\t<meta property=\"og:image:height\" content=\"1080\" \/>\n\t<meta property=\"og:image:type\" content=\"image\/png\" \/>\n<meta name=\"twitter:card\" content=\"summary_large_image\" \/>\n<meta name=\"twitter:site\" content=\"@nextclouders\" \/>\n<meta name=\"twitter:label1\" content=\"Tempo di lettura stimato\" \/>\n\t<meta name=\"twitter:data1\" content=\"3 minuti\" \/>\n<script type=\"application\/ld+json\" class=\"yoast-schema-graph\">{\"@context\":\"https:\/\/schema.org\",\"@graph\":[{\"@type\":\"WebPage\",\"@id\":\"https:\/\/nextcloud.com\/it\/ricerca\/\",\"url\":\"https:\/\/nextcloud.com\/it\/ricerca\/\",\"name\":\"Ricerca - Nextcloud\",\"isPartOf\":{\"@id\":\"https:\/\/nextcloud.com\/it\/#website\"},\"datePublished\":\"2022-04-05T14:00:44+00:00\",\"dateModified\":\"2024-11-08T13:35:06+00:00\",\"breadcrumb\":{\"@id\":\"https:\/\/nextcloud.com\/it\/ricerca\/#breadcrumb\"},\"inLanguage\":\"it-IT\",\"potentialAction\":[{\"@type\":\"ReadAction\",\"target\":[\"https:\/\/nextcloud.com\/it\/ricerca\/\"]}]},{\"@type\":\"BreadcrumbList\",\"@id\":\"https:\/\/nextcloud.com\/it\/ricerca\/#breadcrumb\",\"itemListElement\":[{\"@type\":\"ListItem\",\"position\":1,\"name\":\"Home\",\"item\":\"https:\/\/nextcloud.com\/it\/\"},{\"@type\":\"ListItem\",\"position\":2,\"name\":\"Ricerca\"}]},{\"@type\":\"WebSite\",\"@id\":\"https:\/\/nextcloud.com\/it\/#website\",\"url\":\"https:\/\/nextcloud.com\/it\/\",\"name\":\"Nextcloud\",\"description\":\"Regain control over your data\",\"publisher\":{\"@id\":\"https:\/\/nextcloud.com\/it\/#organization\"},\"potentialAction\":[{\"@type\":\"SearchAction\",\"target\":{\"@type\":\"EntryPoint\",\"urlTemplate\":\"https:\/\/nextcloud.com\/it\/?s={search_term_string}\"},\"query-input\":{\"@type\":\"PropertyValueSpecification\",\"valueRequired\":true,\"valueName\":\"search_term_string\"}}],\"inLanguage\":\"it-IT\"},{\"@type\":\"Organization\",\"@id\":\"https:\/\/nextcloud.com\/it\/#organization\",\"name\":\"Nextcloud\",\"url\":\"https:\/\/nextcloud.com\/it\/\",\"logo\":{\"@type\":\"ImageObject\",\"inLanguage\":\"it-IT\",\"@id\":\"https:\/\/nextcloud.com\/it\/#\/schema\/logo\/image\/\",\"url\":\"https:\/\/nextcloud.com\/c\/uploads\/2022\/10\/nextcloud-logo-blue-transparent.svg\",\"contentUrl\":\"https:\/\/nextcloud.com\/c\/uploads\/2022\/10\/nextcloud-logo-blue-transparent.svg\",\"width\":\"1024\",\"height\":\"1024\",\"caption\":\"Nextcloud\"},\"image\":{\"@id\":\"https:\/\/nextcloud.com\/it\/#\/schema\/logo\/image\/\"},\"sameAs\":[\"https:\/\/www.facebook.com\/Nextclouders\/\",\"https:\/\/x.com\/nextclouders\",\"https:\/\/www.linkedin.com\/company\/10827569\/\",\"https:\/\/youtube.com\/nextcloud\",\"https:\/\/www.instagram.com\/nextclouders\/\"]}]}<\/script>\n<!-- \/ Yoast SEO plugin. -->","yoast_head_json":{"title":"Ricerca - Nextcloud","robots":{"index":"index","follow":"follow","max-snippet":"max-snippet:-1","max-image-preview":"max-image-preview:large","max-video-preview":"max-video-preview:-1"},"canonical":"https:\/\/nextcloud.com\/it\/ricerca\/","og_locale":"it_IT","og_type":"article","og_title":"Ricerca - Nextcloud","og_description":"[vc_section el_class=&#8221;titlebar blueGradient&#8221; css=&#8221;.vc_custom_1725458274701{padding-top: 14rem !important;}&#8221;][vc_row content_placement=&#8221;middle&#8221;][vc_column width=&#8221;1\/2&#8243;][vc_column_text css=&#8221;&#8221; el_class=&#8221;page-title centerMobile&#8221;] Cerca nel nostro sito [\/vc_column_text][vc_column_text css=&#8221;&#8221; el_class=&#8221;page-subtitle centerMobile&#8221;] Cercate nel nostro sito utilizzando il modulo e trovate ci\u00f2 che state cercando. [\/vc_column_text][\/vc_column][vc_column width=&#8221;1\/2&#8243; css=&#8221;.vc_custom_1725458178164{padding-top: 0px !important;}&#8221;][vc_column_text css=&#8221;&#8221; el_class=&#8221;nc_form_container centered&#8221;][\/vc_column_text][\/vc_column][\/vc_row][\/vc_section][vc_section el_class=&#8221;nc_default_section&#8221;][vc_row gap=&#8221;20&#8243; content_placement=&#8221;middle&#8221;][vc_column width=&#8221;1\/3&#8243;][vc_column_text css=&#8221;&#8221;] Prodotti Nextcloud [\/vc_column_text][vc_column_text css=&#8221;&#8221;]Completamente self-hosted, l&#8217;ecosistema di app Nextcloud offre [&hellip;]","og_url":"https:\/\/nextcloud.com\/it\/ricerca\/","og_site_name":"Nextcloud","article_publisher":"https:\/\/www.facebook.com\/Nextclouders\/","article_modified_time":"2024-11-08T13:35:06+00:00","og_image":[{"width":1920,"height":1080,"url":"https:\/\/nextcloud.com\/c\/uploads\/2026\/01\/nextcloud-home-featured-image.png","type":"image\/png"}],"twitter_card":"summary_large_image","twitter_site":"@nextclouders","twitter_misc":{"Tempo di lettura stimato":"3 minuti"},"schema":{"@context":"https:\/\/schema.org","@graph":[{"@type":"WebPage","@id":"https:\/\/nextcloud.com\/it\/ricerca\/","url":"https:\/\/nextcloud.com\/it\/ricerca\/","name":"Ricerca - Nextcloud","isPartOf":{"@id":"https:\/\/nextcloud.com\/it\/#website"},"datePublished":"2022-04-05T14:00:44+00:00","dateModified":"2024-11-08T13:35:06+00:00","breadcrumb":{"@id":"https:\/\/nextcloud.com\/it\/ricerca\/#breadcrumb"},"inLanguage":"it-IT","potentialAction":[{"@type":"ReadAction","target":["https:\/\/nextcloud.com\/it\/ricerca\/"]}]},{"@type":"BreadcrumbList","@id":"https:\/\/nextcloud.com\/it\/ricerca\/#breadcrumb","itemListElement":[{"@type":"ListItem","position":1,"name":"Home","item":"https:\/\/nextcloud.com\/it\/"},{"@type":"ListItem","position":2,"name":"Ricerca"}]},{"@type":"WebSite","@id":"https:\/\/nextcloud.com\/it\/#website","url":"https:\/\/nextcloud.com\/it\/","name":"Nextcloud","description":"Regain control over your data","publisher":{"@id":"https:\/\/nextcloud.com\/it\/#organization"},"potentialAction":[{"@type":"SearchAction","target":{"@type":"EntryPoint","urlTemplate":"https:\/\/nextcloud.com\/it\/?s={search_term_string}"},"query-input":{"@type":"PropertyValueSpecification","valueRequired":true,"valueName":"search_term_string"}}],"inLanguage":"it-IT"},{"@type":"Organization","@id":"https:\/\/nextcloud.com\/it\/#organization","name":"Nextcloud","url":"https:\/\/nextcloud.com\/it\/","logo":{"@type":"ImageObject","inLanguage":"it-IT","@id":"https:\/\/nextcloud.com\/it\/#\/schema\/logo\/image\/","url":"https:\/\/nextcloud.com\/c\/uploads\/2022\/10\/nextcloud-logo-blue-transparent.svg","contentUrl":"https:\/\/nextcloud.com\/c\/uploads\/2022\/10\/nextcloud-logo-blue-transparent.svg","width":"1024","height":"1024","caption":"Nextcloud"},"image":{"@id":"https:\/\/nextcloud.com\/it\/#\/schema\/logo\/image\/"},"sameAs":["https:\/\/www.facebook.com\/Nextclouders\/","https:\/\/x.com\/nextclouders","https:\/\/www.linkedin.com\/company\/10827569\/","https:\/\/youtube.com\/nextcloud","https:\/\/www.instagram.com\/nextclouders\/"]}]}},"_links":{"self":[{"href":"https:\/\/nextcloud.com\/it\/wp-json\/wp\/v2\/pages\/146500","targetHints":{"allow":["GET"]}}],"collection":[{"href":"https:\/\/nextcloud.com\/it\/wp-json\/wp\/v2\/pages"}],"about":[{"href":"https:\/\/nextcloud.com\/it\/wp-json\/wp\/v2\/types\/page"}],"author":[{"embeddable":true,"href":"https:\/\/nextcloud.com\/it\/wp-json\/wp\/v2\/users\/26"}],"replies":[{"embeddable":true,"href":"https:\/\/nextcloud.com\/it\/wp-json\/wp\/v2\/comments?post=146500"}],"version-history":[{"count":4,"href":"https:\/\/nextcloud.com\/it\/wp-json\/wp\/v2\/pages\/146500\/revisions"}],"predecessor-version":[{"id":267152,"href":"https:\/\/nextcloud.com\/it\/wp-json\/wp\/v2\/pages\/146500\/revisions\/267152"}],"wp:attachment":[{"href":"https:\/\/nextcloud.com\/it\/wp-json\/wp\/v2\/media?parent=146500"}],"wp:term":[{"taxonomy":"post_tag","embeddable":true,"href":"https:\/\/nextcloud.com\/it\/wp-json\/wp\/v2\/tags?post=146500"}],"curies":[{"name":"wp","href":"https:\/\/api.w.org\/{rel}","templated":true}]}}