{"id":350573,"date":"2022-04-05T16:00:44","date_gmt":"2022-04-05T14:00:44","guid":{"rendered":"https:\/\/nextcloud.com\/rechercher\/"},"modified":"2025-11-21T09:54:25","modified_gmt":"2025-11-21T08:54:25","slug":"rechercher","status":"publish","type":"page","link":"https:\/\/nextcloud.com\/fr\/rechercher\/","title":{"rendered":"Rechercher"},"content":{"rendered":"<div class=\"wpb-content-wrapper\"><p>[vc_section el_class=\u00a0\u00bbtitlebar blueGradient\u00a0\u00bb css=\u00a0\u00bb.vc_custom_1725458274701{padding-top: 14rem !important;}\u00a0\u00bb][vc_row content_placement=\u00a0\u00bbmiddle\u00a0\u00bb][vc_column width=\u00a0\u00bb1\/2&Prime;][vc_column_text css=\u00a0\u00bb\u00a0\u00bb el_class=\u00a0\u00bbpage-title centerMobile\u00a0\u00bb]<\/p>\n<h1>Rechercher sur notre site<\/h1>\n<p>[\/vc_column_text][vc_column_text css=\u00a0\u00bb\u00a0\u00bb el_class=\u00a0\u00bbpage-subtitle centerMobile\u00a0\u00bb]Recherchez sur notre site et trouvez facilement ce que vous cherchez[\/vc_column_text][\/vc_column][vc_column width=\u00a0\u00bb1\/2&Prime; css=\u00a0\u00bb.vc_custom_1725458178164{padding-top: 0px !important;}\u00a0\u00bb][vc_column_text css=\u00a0\u00bb\u00a0\u00bb el_class=\u00a0\u00bbnc_form_container centered\u00a0\u00bb]<form id='wpes-form-1612' role=\"search\" method=\"get\" class=\"search-form \" action=\"https:\/\/nextcloud.com\/fr\/\">\n\t\t<label>\n\t\t    <span class=\"screen-reader-text\">Rechercher\u00a0:<\/span>\n\t\t    <input type=\"search\" class=\"search-field \" placeholder=\"Rechercher ...\" value=\"\" name=\"s\" \/>\n\t\t<\/label>\n\t\t<input type=\"submit\" class=\"search-submit \" value=\"Search\" \/><input type='hidden' value='1612' name='wpessid' \/><\/form>[\/vc_column_text][\/vc_column][\/vc_row][\/vc_section][vc_section el_class=\u00a0\u00bbnc_default_section\u00a0\u00bb][vc_row gap=\u00a0\u00bb20&Prime; content_placement=\u00a0\u00bbmiddle\u00a0\u00bb][vc_column width=\u00a0\u00bb1\/3&Prime;][vc_column_text css=\u00a0\u00bb\u00a0\u00bb]<\/p>\n<h3>Produits Nextcloud<\/h3>\n<p>[\/vc_column_text][vc_column_text css=\u00a0\u00bb\u00a0\u00bb]Enti\u00e8rement auto-h\u00e9berg\u00e9, l\u2019\u00e9cosyst\u00e8me d\u2019applications Nextcloud offre les avantages de la collaboration en ligne sans les risques de conformit\u00e9 et de s\u00e9curit\u00e9.[\/vc_column_text][\/vc_column][vc_column width=\u00a0\u00bb2\/3&Prime;][vc_column_text css=\u00a0\u00bb\u00a0\u00bb]<\/p>\n<ul class=\"nc-list two-cols\">\n<li><a class=\"hyperlink\" href=\"https:\/\/nextcloud.com\/fr\/hub\/\">Nextcloud Hub<\/a><\/li>\n<li><a class=\"hyperlink\" href=\"https:\/\/nextcloud.com\/fr\/files\/\">Nextcloud Files<\/a><\/li>\n<li><a class=\"hyperlink\" href=\"https:\/\/nextcloud.com\/fr\/talk\/\">Nextcloud Talk<b> <\/b><\/a><\/li>\n<li><a class=\"hyperlink\" href=\"https:\/\/nextcloud.com\/fr\/groupware\/\">Nextcloud Groupware<\/a><\/li>\n<li><a class=\"hyperlink\" href=\"https:\/\/nextcloud.com\/fr\/office\/\">Nextcloud Office<\/a><\/li>\n<li><a class=\"hyperlink\" href=\"https:\/\/nextcloud.com\/fr\/assistant\/\">Nextcloud Assistant<\/a><\/li>\n<li><a href=\"https:\/\/nextcloud.com\/fr\/roundcube\/\">Roundcube<\/a><\/li>\n<li><a href=\"https:\/\/nextcloud.com\/fr\/integrations-microsoft\/\">Int\u00e9grations Microsoft<\/a><\/li>\n<\/ul>\n<p>[\/vc_column_text][\/vc_column][\/vc_row][\/vc_section][vc_section el_class=\u00a0\u00bbnc_default_section\u00a0\u00bb][vc_row gap=\u00a0\u00bb15&Prime; content_placement=\u00a0\u00bbmiddle\u00a0\u00bb][vc_column width=\u00a0\u00bb1\/3&Prime;][vc_column_text css=\u00a0\u00bb\u00a0\u00bb]<\/p>\n<h3>Les solutions Nextcloud<\/h3>\n<p>[\/vc_column_text][vc_column_text css=\u00a0\u00bb\u00a0\u00bb]Optimis\u00e9 et test\u00e9 pour un d\u00e9ploiement critique, Nextcloud vous aide \u00e0 atteindre une v\u00e9ritable souverainet\u00e9 num\u00e9rique et une conformit\u00e9 totale avec les r\u00e9glementations de votre secteur.[\/vc_column_text][\/vc_column][vc_column width=\u00a0\u00bb2\/3&Prime;][vc_column_text css=\u00a0\u00bb\u00a0\u00bb]<\/p>\n<ul class=\"nc-list two-cols\">\n<li><a class=\"hyperlink\" href=\"https:\/\/nextcloud.com\/fr\/enterprise\/\">Nextcloud Enterprise<\/a><\/li>\n<li><a href=\"https:\/\/nextcloud.com\/fr\/gouvernement\/\">Secteur public<\/a><\/li>\n<li><a href=\"https:\/\/nextcloud.com\/fr\/enterprises\/\">Entreprises<\/a><\/li>\n<li><a href=\"https:\/\/nextcloud.com\/fr\/prestataires-de-services\/\">Fournisseurs<\/a><\/li>\n<li><a href=\"https:\/\/nextcloud.com\/fr\/education\/\">Secteur \u00e9ducatif<\/a><\/li>\n<li><a href=\"https:\/\/nextcloud.com\/fr\/particuliers\/\">Nextcloud pour les particuliers<\/a><\/li>\n<\/ul>\n<p>[\/vc_column_text][\/vc_column][\/vc_row][\/vc_section][vc_section el_class=\u00a0\u00bbnc_default_section\u00a0\u00bb][vc_row gap=\u00a0\u00bb15&Prime; content_placement=\u00a0\u00bbmiddle\u00a0\u00bb][vc_column width=\u00a0\u00bb1\/3&Prime;][vc_column_text css=\u00a0\u00bb\u00a0\u00bb]<\/p>\n<h3>Capacit\u00e9s de Nextcloud<\/h3>\n<p>[\/vc_column_text][vc_column_text css=\u00a0\u00bb\u00a0\u00bb]Nextcloud Hub est une plateforme de collaboration fiable et s\u00e9curis\u00e9e, offrant des fonctionnalit\u00e9s essentielles telles que le partage de fichiers, le chiffrement de bout en bout, la f\u00e9d\u00e9ration, la conformit\u00e9 et bien plus encore.[\/vc_column_text][\/vc_column][vc_column width=\u00a0\u00bb2\/3&Prime;][vc_column_text css=\u00a0\u00bb\u00a0\u00bb]<\/p>\n<ul class=\"nc-list two-cols\">\n<li><a class=\"hyperlink\" href=\"https:\/\/nextcloud.com\/fr\/fonctionnalites\/\">Clients mobiles et de bureau<\/a><\/li>\n<li><a class=\"hyperlink\" href=\"https:\/\/nextcloud.com\/fr\/fonctionnalites\/\">Capacit\u00e9s de partage de fichiers s\u00e9curis\u00e9<\/a><\/li>\n<li><a class=\"hyperlink\" href=\"https:\/\/nextcloud.com\/fr\/fonctionnalites\/\">T\u00e9l\u00e9chargement du fichier client (d\u00e9p\u00f4t de fichier)<\/a><\/li>\n<li><a class=\"hyperlink\" href=\"https:\/\/nextcloud.com\/fr\/fonctionnalites\/\">Tableau de bord<\/a><\/li>\n<li><a class=\"hyperlink\" href=\"https:\/\/nextcloud.com\/fr\/fonctionnalites\/\">Rechercher<\/a><\/li>\n<li><a class=\"hyperlink\" href=\"https:\/\/nextcloud.com\/fr\/fonctionnalites\/\">Options de stockage<\/a><\/li>\n<li><a class=\"hyperlink\" href=\"https:\/\/nextcloud.com\/fr\/fonctionnalites\/\">Gestion et authentification des utilisateurs<\/a><\/li>\n<li><a class=\"hyperlink\" href=\"https:\/\/nextcloud.com\/fr\/fonctionnalites\/\">Surveillance et audit<\/a><\/li>\n<li><a class=\"hyperlink\" href=\"https:\/\/nextcloud.com\/fr\/fonctionnalites\/\">Nextcloud Flow<\/a><\/li>\n<li><a href=\"https:\/\/nextcloud.com\/fr\/fonctionnalites\/\">F\u00e9d\u00e9ration Nextcloud<\/a><\/li>\n<li><a href=\"https:\/\/nextcloud.com\/fr\/fonctionnalites\/\">Tableau blanc Nextcloud<\/a><\/li>\n<li><a class=\"hyperlink\" href=\"https:\/\/nextcloud.com\/fr\/fonctionnalites\/#global-scale\">\u00c9volutivit\u00e9<\/a><\/li>\n<li><a class=\"hyperlink\" href=\"https:\/\/nextcloud.com\/fr\/integrations-microsoft\/\">Int\u00e9grations Microsoft<\/a><\/li>\n<li><a class=\"hyperlink\" href=\"https:\/\/nextcloud.com\/onlyoffice\/\">\u00c9dition de documents en ligne avec ONLYOFFICE<\/a><\/li>\n<li class=\"highlighted\"><a href=\"https:\/\/nextcloud.com\/fr\/fonctionnalites\/\">Plus d\u2019informations sur la page Fonctionnalit\u00e9s<\/a><\/li>\n<\/ul>\n<p>[\/vc_column_text][\/vc_column][\/vc_row][\/vc_section][vc_section el_class=\u00a0\u00bbnc_default_section\u00a0\u00bb][vc_row gap=\u00a0\u00bb15&Prime; content_placement=\u00a0\u00bbmiddle\u00a0\u00bb][vc_column width=\u00a0\u00bb1\/3&Prime;][vc_column_text css=\u00a0\u00bb\u00a0\u00bb]<\/p>\n<h3>S\u00e9curit\u00e9 et conformit\u00e9<\/h3>\n<p>[\/vc_column_text][vc_column_text css=\u00a0\u00bb\u00a0\u00bb]Nextcloud est con\u00e7u pour prot\u00e9ger les donn\u00e9es des utilisateurs gr\u00e2ce \u00e0 plusieurs couches de protection.[\/vc_column_text][\/vc_column][vc_column width=\u00a0\u00bb2\/3&Prime;][vc_column_text css=\u00a0\u00bb\u00a0\u00bb]<\/p>\n<ul class=\"nc-list two-cols\">\n<li><a class=\"hyperlink\" href=\"https:\/\/nextcloud.com\/fr\/securise\/\">S\u00e9curit\u00e9 <\/a><\/li>\n<li><a class=\"hyperlink\" href=\"https:\/\/nextcloud.com\/fr\/chiffrement\/\">Chiffrement <\/a><\/li>\n<li><a class=\"hyperlink\" href=\"https:\/\/nextcloud.com\/fr\/fonctionnalites\/\">Chiffrement de bout en bout<\/a><\/li>\n<li><a class=\"hyperlink\" href=\"https:\/\/nextcloud.com\/fr\/fonctionnalites\/\">Salles de donn\u00e9es virtuelles<\/a><\/li>\n<li><a class=\"hyperlink\" href=\"https:\/\/nextcloud.com\/security\/\">Rapports de s\u00e9curit\u00e9<\/a><\/li>\n<li><a class=\"hyperlink\" href=\"https:\/\/nextcloud.com\/compliance\/\">Conformit\u00e9 (RGPD, HIPAA, etc.)<\/a><\/li>\n<\/ul>\n<p>[\/vc_column_text][\/vc_column][\/vc_row][\/vc_section][vc_section el_class=\u00a0\u00bbnc_default_section\u00a0\u00bb][vc_row gap=\u00a0\u00bb15&Prime; content_placement=\u00a0\u00bbmiddle\u00a0\u00bb][vc_column width=\u00a0\u00bb1\/3&Prime;][vc_column_text css=\u00a0\u00bb\u00a0\u00bb]<\/p>\n<h3>Autre<\/h3>\n<p>[\/vc_column_text][vc_column_text css=\u00a0\u00bb\u00a0\u00bb]Retrouvez ici d\u2019autres liens utiles pour en savoir plus sur le partage s\u00e9curis\u00e9, les fonctionnalit\u00e9s d\u2019une plateforme de collaboration, notre politique et nos directives de marque.[\/vc_column_text][\/vc_column][vc_column width=\u00a0\u00bb2\/3&Prime;][vc_column_text css=\u00a0\u00bb\u00a0\u00bb]<\/p>\n<ul class=\"nc-list two-cols\">\n<li><a class=\"hyperlink\" href=\"https:\/\/nextcloud.com\/secure-sharing\/\">\u00c9change de fichiers s\u00e9curis\u00e9<\/a><\/li>\n<li><a class=\"hyperlink\" href=\"https:\/\/nextcloud.com\/fr\/synchronisation-et-partage-de-fichiers-dentreprise-efss\/\">Partage et synchronisation de fichiers pour les entreprises ou EFSS<\/a><\/li>\n<li><a class=\"hyperlink\" href=\"https:\/\/nextcloud.com\/content-collaboration-platform\/\">Plateforme de collaboration de contenu<\/a><\/li>\n<li><a class=\"hyperlink\" href=\"https:\/\/nextcloud.com\/fr\/develop\/\">Ressources pour les d\u00e9veloppeurs<\/a><\/li>\n<li><a class=\"hyperlink\" href=\"https:\/\/nextcloud.com\/privacy\/\">Notre politique de confidentialit\u00e9<\/a><\/li>\n<li><a class=\"hyperlink\" href=\"https:\/\/nextcloud.com\/trademarks\/\">Notre politique en mati\u00e8re de marques<\/a><\/li>\n<li><a href=\"https:\/\/nextcloud.com\/brand\/\">Directives de la marque<\/a><\/li>\n<\/ul>\n<p>[\/vc_column_text][\/vc_column][\/vc_row][\/vc_section][vc_row][vc_column][vc_column_text]<\/p>\n<div id=\"excerpt\" class=\"memsource-post-attribute\">\n<div class=\"memsource-post-attribute-end\"><\/div>\n<\/div>\n<p>[\/vc_column_text][\/vc_column][\/vc_row]<\/p>\n<\/div>","protected":false},"excerpt":{"rendered":"<p>[vc_section el_class=\u00a0\u00bbtitlebar blueGradient\u00a0\u00bb css=\u00a0\u00bb.vc_custom_1725458274701{padding-top: 14rem !important;}\u00a0\u00bb][vc_row content_placement=\u00a0\u00bbmiddle\u00a0\u00bb][vc_column width=\u00a0\u00bb1\/2&Prime;][vc_column_text css=\u00a0\u00bb\u00a0\u00bb el_class=\u00a0\u00bbpage-title centerMobile\u00a0\u00bb] Rechercher sur notre site [\/vc_column_text][vc_column_text css=\u00a0\u00bb\u00a0\u00bb el_class=\u00a0\u00bbpage-subtitle centerMobile\u00a0\u00bb]Recherchez sur notre site et trouvez facilement ce que vous cherchez[\/vc_column_text][\/vc_column][vc_column width=\u00a0\u00bb1\/2&Prime; css=\u00a0\u00bb.vc_custom_1725458178164{padding-top: 0px !important;}\u00a0\u00bb][vc_column_text css=\u00a0\u00bb\u00a0\u00bb el_class=\u00a0\u00bbnc_form_container centered\u00a0\u00bb][\/vc_column_text][\/vc_column][\/vc_row][\/vc_section][vc_section el_class=\u00a0\u00bbnc_default_section\u00a0\u00bb][vc_row gap=\u00a0\u00bb20&Prime; content_placement=\u00a0\u00bbmiddle\u00a0\u00bb][vc_column width=\u00a0\u00bb1\/3&Prime;][vc_column_text css=\u00a0\u00bb\u00a0\u00bb] Produits Nextcloud [\/vc_column_text][vc_column_text css=\u00a0\u00bb\u00a0\u00bb]Enti\u00e8rement auto-h\u00e9berg\u00e9, l\u2019\u00e9cosyst\u00e8me d\u2019applications Nextcloud offre les avantages de la collaboration [&hellip;]<\/p>\n","protected":false},"author":2,"featured_media":0,"parent":0,"menu_order":0,"comment_status":"closed","ping_status":"closed","template":"","meta":{"_acf_changed":false,"inline_featured_image":false,"publish_to_discourse":"","publish_post_category":"","wpdc_auto_publish_overridden":"","wpdc_topic_tags":"","wpdc_pin_topic":"","wpdc_pin_until":"","discourse_post_id":"","discourse_permalink":"","wpdc_publishing_response":"","wpdc_publishing_error":"","footnotes":""},"tags":[],"class_list":["post-350573","page","type-page","status-publish","hentry"],"acf":[],"yoast_head":"<!-- This site is optimized with the Yoast SEO plugin v27.1.1 - https:\/\/yoast.com\/product\/yoast-seo-wordpress\/ -->\n<title>Rechercher sur notre site - Nextcloud<\/title>\n<meta name=\"robots\" content=\"index, follow, max-snippet:-1, max-image-preview:large, max-video-preview:-1\" \/>\n<link rel=\"canonical\" href=\"https:\/\/nextcloud.com\/fr\/rechercher\/\" \/>\n<meta property=\"og:locale\" content=\"fr_FR\" \/>\n<meta property=\"og:type\" content=\"article\" \/>\n<meta property=\"og:title\" content=\"Rechercher sur notre site - Nextcloud\" \/>\n<meta property=\"og:description\" content=\"[vc_section el_class=\u00a0\u00bbtitlebar blueGradient\u00a0\u00bb css=\u00a0\u00bb.vc_custom_1725458274701{padding-top: 14rem !important;}\u00a0\u00bb][vc_row content_placement=\u00a0\u00bbmiddle\u00a0\u00bb][vc_column width=\u00a0\u00bb1\/2&Prime;][vc_column_text css=\u00a0\u00bb\u00a0\u00bb el_class=\u00a0\u00bbpage-title centerMobile\u00a0\u00bb] Rechercher sur notre site [\/vc_column_text][vc_column_text css=\u00a0\u00bb\u00a0\u00bb el_class=\u00a0\u00bbpage-subtitle centerMobile\u00a0\u00bb]Recherchez sur notre site et trouvez facilement ce que vous cherchez[\/vc_column_text][\/vc_column][vc_column width=\u00a0\u00bb1\/2&Prime; css=\u00a0\u00bb.vc_custom_1725458178164{padding-top: 0px !important;}\u00a0\u00bb][vc_column_text css=\u00a0\u00bb\u00a0\u00bb el_class=\u00a0\u00bbnc_form_container centered\u00a0\u00bb][\/vc_column_text][\/vc_column][\/vc_row][\/vc_section][vc_section el_class=\u00a0\u00bbnc_default_section\u00a0\u00bb][vc_row gap=\u00a0\u00bb20&Prime; content_placement=\u00a0\u00bbmiddle\u00a0\u00bb][vc_column width=\u00a0\u00bb1\/3&Prime;][vc_column_text css=\u00a0\u00bb\u00a0\u00bb] Produits Nextcloud [\/vc_column_text][vc_column_text css=\u00a0\u00bb\u00a0\u00bb]Enti\u00e8rement auto-h\u00e9berg\u00e9, l\u2019\u00e9cosyst\u00e8me d\u2019applications Nextcloud offre les avantages de la collaboration [&hellip;]\" \/>\n<meta property=\"og:url\" content=\"https:\/\/nextcloud.com\/fr\/rechercher\/\" \/>\n<meta property=\"og:site_name\" content=\"Nextcloud\" \/>\n<meta property=\"article:publisher\" content=\"https:\/\/www.facebook.com\/Nextclouders\/\" \/>\n<meta property=\"article:modified_time\" content=\"2025-11-21T08:54:25+00:00\" \/>\n<meta property=\"og:image\" content=\"https:\/\/nextcloud.com\/c\/uploads\/2026\/01\/nextcloud-home-featured-image.png\" \/>\n\t<meta property=\"og:image:width\" content=\"1920\" \/>\n\t<meta property=\"og:image:height\" content=\"1080\" \/>\n\t<meta property=\"og:image:type\" content=\"image\/png\" \/>\n<meta name=\"twitter:card\" content=\"summary_large_image\" \/>\n<meta name=\"twitter:site\" content=\"@nextclouders\" \/>\n<meta name=\"twitter:label1\" content=\"Dur\u00e9e de lecture estim\u00e9e\" \/>\n\t<meta name=\"twitter:data1\" content=\"3 minutes\" \/>\n<script type=\"application\/ld+json\" class=\"yoast-schema-graph\">{\"@context\":\"https:\/\/schema.org\",\"@graph\":[{\"@type\":\"WebPage\",\"@id\":\"https:\/\/nextcloud.com\/fr\/rechercher\/\",\"url\":\"https:\/\/nextcloud.com\/fr\/rechercher\/\",\"name\":\"Rechercher sur notre site - Nextcloud\",\"isPartOf\":{\"@id\":\"https:\/\/nextcloud.com\/fr\/#website\"},\"datePublished\":\"2022-04-05T14:00:44+00:00\",\"dateModified\":\"2025-11-21T08:54:25+00:00\",\"breadcrumb\":{\"@id\":\"https:\/\/nextcloud.com\/fr\/rechercher\/#breadcrumb\"},\"inLanguage\":\"fr-FR\",\"potentialAction\":[{\"@type\":\"ReadAction\",\"target\":[\"https:\/\/nextcloud.com\/fr\/rechercher\/\"]}]},{\"@type\":\"BreadcrumbList\",\"@id\":\"https:\/\/nextcloud.com\/fr\/rechercher\/#breadcrumb\",\"itemListElement\":[{\"@type\":\"ListItem\",\"position\":1,\"name\":\"Home\",\"item\":\"https:\/\/nextcloud.com\/fr\/\"},{\"@type\":\"ListItem\",\"position\":2,\"name\":\"Rechercher\"}]},{\"@type\":\"WebSite\",\"@id\":\"https:\/\/nextcloud.com\/fr\/#website\",\"url\":\"https:\/\/nextcloud.com\/fr\/\",\"name\":\"Nextcloud\",\"description\":\"Regain control over your data\",\"publisher\":{\"@id\":\"https:\/\/nextcloud.com\/fr\/#organization\"},\"potentialAction\":[{\"@type\":\"SearchAction\",\"target\":{\"@type\":\"EntryPoint\",\"urlTemplate\":\"https:\/\/nextcloud.com\/fr\/?s={search_term_string}\"},\"query-input\":{\"@type\":\"PropertyValueSpecification\",\"valueRequired\":true,\"valueName\":\"search_term_string\"}}],\"inLanguage\":\"fr-FR\"},{\"@type\":\"Organization\",\"@id\":\"https:\/\/nextcloud.com\/fr\/#organization\",\"name\":\"Nextcloud\",\"url\":\"https:\/\/nextcloud.com\/fr\/\",\"logo\":{\"@type\":\"ImageObject\",\"inLanguage\":\"fr-FR\",\"@id\":\"https:\/\/nextcloud.com\/fr\/#\/schema\/logo\/image\/\",\"url\":\"https:\/\/nextcloud.com\/c\/uploads\/2022\/10\/nextcloud-logo-blue-transparent.svg\",\"contentUrl\":\"https:\/\/nextcloud.com\/c\/uploads\/2022\/10\/nextcloud-logo-blue-transparent.svg\",\"width\":\"1024\",\"height\":\"1024\",\"caption\":\"Nextcloud\"},\"image\":{\"@id\":\"https:\/\/nextcloud.com\/fr\/#\/schema\/logo\/image\/\"},\"sameAs\":[\"https:\/\/www.facebook.com\/Nextclouders\/\",\"https:\/\/x.com\/nextclouders\",\"https:\/\/www.linkedin.com\/company\/10827569\/\",\"https:\/\/youtube.com\/nextcloud\",\"https:\/\/www.instagram.com\/nextclouders\/\"]}]}<\/script>\n<!-- \/ Yoast SEO plugin. -->","yoast_head_json":{"title":"Rechercher sur notre site - Nextcloud","robots":{"index":"index","follow":"follow","max-snippet":"max-snippet:-1","max-image-preview":"max-image-preview:large","max-video-preview":"max-video-preview:-1"},"canonical":"https:\/\/nextcloud.com\/fr\/rechercher\/","og_locale":"fr_FR","og_type":"article","og_title":"Rechercher sur notre site - Nextcloud","og_description":"[vc_section el_class=\u00a0\u00bbtitlebar blueGradient\u00a0\u00bb css=\u00a0\u00bb.vc_custom_1725458274701{padding-top: 14rem !important;}\u00a0\u00bb][vc_row content_placement=\u00a0\u00bbmiddle\u00a0\u00bb][vc_column width=\u00a0\u00bb1\/2&Prime;][vc_column_text css=\u00a0\u00bb\u00a0\u00bb el_class=\u00a0\u00bbpage-title centerMobile\u00a0\u00bb] Rechercher sur notre site [\/vc_column_text][vc_column_text css=\u00a0\u00bb\u00a0\u00bb el_class=\u00a0\u00bbpage-subtitle centerMobile\u00a0\u00bb]Recherchez sur notre site et trouvez facilement ce que vous cherchez[\/vc_column_text][\/vc_column][vc_column width=\u00a0\u00bb1\/2&Prime; css=\u00a0\u00bb.vc_custom_1725458178164{padding-top: 0px !important;}\u00a0\u00bb][vc_column_text css=\u00a0\u00bb\u00a0\u00bb el_class=\u00a0\u00bbnc_form_container centered\u00a0\u00bb][\/vc_column_text][\/vc_column][\/vc_row][\/vc_section][vc_section el_class=\u00a0\u00bbnc_default_section\u00a0\u00bb][vc_row gap=\u00a0\u00bb20&Prime; content_placement=\u00a0\u00bbmiddle\u00a0\u00bb][vc_column width=\u00a0\u00bb1\/3&Prime;][vc_column_text css=\u00a0\u00bb\u00a0\u00bb] Produits Nextcloud [\/vc_column_text][vc_column_text css=\u00a0\u00bb\u00a0\u00bb]Enti\u00e8rement auto-h\u00e9berg\u00e9, l\u2019\u00e9cosyst\u00e8me d\u2019applications Nextcloud offre les avantages de la collaboration [&hellip;]","og_url":"https:\/\/nextcloud.com\/fr\/rechercher\/","og_site_name":"Nextcloud","article_publisher":"https:\/\/www.facebook.com\/Nextclouders\/","article_modified_time":"2025-11-21T08:54:25+00:00","og_image":[{"width":1920,"height":1080,"url":"https:\/\/nextcloud.com\/c\/uploads\/2026\/01\/nextcloud-home-featured-image.png","type":"image\/png"}],"twitter_card":"summary_large_image","twitter_site":"@nextclouders","twitter_misc":{"Dur\u00e9e de lecture estim\u00e9e":"3 minutes"},"schema":{"@context":"https:\/\/schema.org","@graph":[{"@type":"WebPage","@id":"https:\/\/nextcloud.com\/fr\/rechercher\/","url":"https:\/\/nextcloud.com\/fr\/rechercher\/","name":"Rechercher sur notre site - Nextcloud","isPartOf":{"@id":"https:\/\/nextcloud.com\/fr\/#website"},"datePublished":"2022-04-05T14:00:44+00:00","dateModified":"2025-11-21T08:54:25+00:00","breadcrumb":{"@id":"https:\/\/nextcloud.com\/fr\/rechercher\/#breadcrumb"},"inLanguage":"fr-FR","potentialAction":[{"@type":"ReadAction","target":["https:\/\/nextcloud.com\/fr\/rechercher\/"]}]},{"@type":"BreadcrumbList","@id":"https:\/\/nextcloud.com\/fr\/rechercher\/#breadcrumb","itemListElement":[{"@type":"ListItem","position":1,"name":"Home","item":"https:\/\/nextcloud.com\/fr\/"},{"@type":"ListItem","position":2,"name":"Rechercher"}]},{"@type":"WebSite","@id":"https:\/\/nextcloud.com\/fr\/#website","url":"https:\/\/nextcloud.com\/fr\/","name":"Nextcloud","description":"Regain control over your data","publisher":{"@id":"https:\/\/nextcloud.com\/fr\/#organization"},"potentialAction":[{"@type":"SearchAction","target":{"@type":"EntryPoint","urlTemplate":"https:\/\/nextcloud.com\/fr\/?s={search_term_string}"},"query-input":{"@type":"PropertyValueSpecification","valueRequired":true,"valueName":"search_term_string"}}],"inLanguage":"fr-FR"},{"@type":"Organization","@id":"https:\/\/nextcloud.com\/fr\/#organization","name":"Nextcloud","url":"https:\/\/nextcloud.com\/fr\/","logo":{"@type":"ImageObject","inLanguage":"fr-FR","@id":"https:\/\/nextcloud.com\/fr\/#\/schema\/logo\/image\/","url":"https:\/\/nextcloud.com\/c\/uploads\/2022\/10\/nextcloud-logo-blue-transparent.svg","contentUrl":"https:\/\/nextcloud.com\/c\/uploads\/2022\/10\/nextcloud-logo-blue-transparent.svg","width":"1024","height":"1024","caption":"Nextcloud"},"image":{"@id":"https:\/\/nextcloud.com\/fr\/#\/schema\/logo\/image\/"},"sameAs":["https:\/\/www.facebook.com\/Nextclouders\/","https:\/\/x.com\/nextclouders","https:\/\/www.linkedin.com\/company\/10827569\/","https:\/\/youtube.com\/nextcloud","https:\/\/www.instagram.com\/nextclouders\/"]}]}},"_links":{"self":[{"href":"https:\/\/nextcloud.com\/fr\/wp-json\/wp\/v2\/pages\/350573","targetHints":{"allow":["GET"]}}],"collection":[{"href":"https:\/\/nextcloud.com\/fr\/wp-json\/wp\/v2\/pages"}],"about":[{"href":"https:\/\/nextcloud.com\/fr\/wp-json\/wp\/v2\/types\/page"}],"author":[{"embeddable":true,"href":"https:\/\/nextcloud.com\/fr\/wp-json\/wp\/v2\/users\/2"}],"replies":[{"embeddable":true,"href":"https:\/\/nextcloud.com\/fr\/wp-json\/wp\/v2\/comments?post=350573"}],"version-history":[{"count":5,"href":"https:\/\/nextcloud.com\/fr\/wp-json\/wp\/v2\/pages\/350573\/revisions"}],"predecessor-version":[{"id":353842,"href":"https:\/\/nextcloud.com\/fr\/wp-json\/wp\/v2\/pages\/350573\/revisions\/353842"}],"wp:attachment":[{"href":"https:\/\/nextcloud.com\/fr\/wp-json\/wp\/v2\/media?parent=350573"}],"wp:term":[{"taxonomy":"post_tag","embeddable":true,"href":"https:\/\/nextcloud.com\/fr\/wp-json\/wp\/v2\/tags?post=350573"}],"curies":[{"name":"wp","href":"https:\/\/api.w.org\/{rel}","templated":true}]}}