{"id":321606,"date":"2022-03-04T16:57:01","date_gmt":"2022-03-04T15:57:01","guid":{"rendered":"https:\/\/nextcloud.com\/?page_id=321606"},"modified":"2025-08-27T14:24:27","modified_gmt":"2025-08-27T12:24:27","slug":"sign-up","status":"publish","type":"page","link":"https:\/\/nextcloud.com\/fr\/sign-up\/","title":{"rendered":"Sign-up"},"content":{"rendered":"<div class=\"wpb-content-wrapper\"><p>[vc_section el_class=\u00a0\u00bbtitlebar at_home blueGradient\u00a0\u00bb][vc_row gap=\u00a0\u00bb20&Prime; css=\u00a0\u00bb.vc_custom_1709805199707{margin-top: 4rem !important;}\u00a0\u00bb][vc_column offset=\u00a0\u00bbvc_col-lg-2\/5 vc_col-md-2\/5&Prime; el_class=\u00a0\u00bbpositionRelative\u00a0\u00bb][vc_single_image image=\u00a0\u00bb206108&Prime; el_class=\u00a0\u00bbnc-sep-logo signup-icon\u00a0\u00bb][vc_column_text css=\u00a0\u00bb\u00a0\u00bb el_class=\u00a0\u00bbpage-title centerMobile\u00a0\u00bb]<\/p>\n<h1>Inscrivez-vous pour cr\u00e9er votre compte Nextcloud gratuit !<\/h1>\n<p>[\/vc_column_text][vc_column_text css=\u00a0\u00bb.vc_custom_1751542063847{margin-top: 2rem !important;margin-bottom: 2rem !important;}\u00a0\u00bb el_class=\u00a0\u00bbpage-subtitle centerMobile\u00a0\u00bb]Veuillez s\u00e9lectionner l&rsquo;un de nos fournisseurs certifi\u00e9s et de confiance pour cr\u00e9er gratuitement votre compte utilisateur personnel et commencer d\u00e8s aujourd&rsquo;hui votre exp\u00e9rience Nextcloud.[\/vc_column_text][vc_column_text css=\u00a0\u00bb.vc_custom_1751462112620{margin-top: 2rem !important;margin-bottom: 2rem !important;}\u00a0\u00bb el_class=\u00a0\u00bbnc_warning_note\u00a0\u00bb]<b>Remarque :<\/b> le compte gratuit fait partie de l&rsquo;offre du partenaire s\u00e9lectionn\u00e9, et non de Nextcloud GmbH.<\/p>\n<p>En cas de probl\u00e8me avec votre compte, veuillez contacter le fournisseur aupr\u00e8s duquel vous vous \u00eates inscrit.[\/vc_column_text][\/vc_column][vc_column offset=\u00a0\u00bbvc_col-lg-3\/5 vc_col-md-3\/5&Prime;][vc_column_text]\n\t<section class=\"section--providers\">\n\t\t<div id=\"register\" class=\"container\"\n\t\t\tdata-ip=\"216.73.216.19\"\n\t\t\tdata-ll=\"{&quot;accuracy_radius&quot;:50,&quot;latitude&quot;:34.0734,&quot;longitude&quot;:-118.0139,&quot;metro_code&quot;:803,&quot;time_zone&quot;:&quot;America\\\/Los_Angeles&quot;}\"\n\t\t\tdata-ocsapi=\"\"\n\t\t\tdata-l10n=\"{&quot;subscribe&quot;:&quot;S&#039;inscrire \\u00e0 la newsletter Nextcloud&quot;,&quot;email&quot;:&quot;Votre adresse e-mail&quot;,&quot;success&quot;:&quot;Success! Redirecting you to the provider&quot;,&quot;error&quot;:&quot;Error:&quot;,&quot;processing&quot;:&quot;Creating your account&quot;,&quot;register&quot;:&quot;S&#039;inscrire&quot;,&quot;change&quot;:&quot;Changer de fournisseur&quot;,&quot;close&quot;:&quot;fermer&quot;,&quot;far&quot;:&quot;Far far away&quot;,&quot;geterror&quot;:&quot;Error while retrieving the providers list.&quot;,&quot;tos&quot;:&quot;les conditions d&#039;utilisation&quot;,&quot;tosagree&quot;:&quot;J&#039;accepte %tos%&quot;,&quot;toserror&quot;:&quot;Please agree to the terms of service&quot;}\"\n\t\t\tdata-officialapps=\"{&quot;files&quot;:&quot;Files&quot;,&quot;calendar&quot;:&quot;Calendar&quot;,&quot;contacts&quot;:&quot;Contacts&quot;,&quot;spreed&quot;:&quot;Talk&quot;,&quot;mail&quot;:&quot;Mail&quot;,&quot;tasks&quot;:&quot;Tasks&quot;,&quot;notes&quot;:&quot;Notes&quot;,&quot;news&quot;:&quot;News&quot;,&quot;twofactor_totp&quot;:&quot;Two-factor authentication&quot;,&quot;twofactor_u2f&quot;:&quot;Two-factor U2F&quot;,&quot;gallery&quot;:&quot;Gallery&quot;,&quot;photos&quot;:&quot;Photos&quot;,&quot;collabora&quot;:&quot;Collabora Online&quot;,&quot;onlyoffice&quot;:&quot;Onlyoffice&quot;,&quot;deck&quot;:&quot;Deck&quot;,&quot;fulltextsearch&quot;:&quot;Full text search&quot;,&quot;mindmaps&quot;:&quot;Mindmaps&quot;,&quot;passman&quot;:&quot;Passman&quot;,&quot;drawio&quot;:&quot;Draw.io&quot;,&quot;bookmarks&quot;:&quot;Bookmarks&quot;,&quot;audioplayer&quot;:&quot;Audioplayer&quot;,&quot;appointments&quot;:&quot;Appointments&quot;}\"\n\t\t\tdata-coreapps=\"[&quot;files&quot;,&quot;calendar&quot;,&quot;contacts&quot;,&quot;spreed&quot;,&quot;mail&quot;,&quot;tasks&quot;,&quot;notes&quot;]\">\n\t\t<\/div>\n\t\t<div id=\"register-details\" class=\"container\"><p><\/p><\/div>\n\t<\/section>\n\n\n[\/vc_column_text][\/vc_column][\/vc_row][\/vc_section][vc_section el_class=\u00a0\u00bbvertical-page-intro why_section nc_default_section\u00a0\u00bb css=\u00a0\u00bb.vc_custom_1673353645405{margin-top: 2rem !important;margin-bottom: 0px !important;}\u00a0\u00bb el_id=\u00a0\u00bbwhy_section\u00a0\u00bb][vc_row disable_element=\u00a0\u00bbyes\u00a0\u00bb css=\u00a0\u00bb.vc_custom_1714499193177{margin-bottom: 3rem !important;}\u00a0\u00bb el_id=\u00a0\u00bbnc_one\u00a0\u00bb][vc_column width=\u00a0\u00bb1\/12&Prime;][\/vc_column][vc_column width=\u00a0\u00bb10\/12&Prime;][vc_row_inner content_placement=\u00a0\u00bbmiddle\u00a0\u00bb gap=\u00a0\u00bb30&Prime; el_class=\u00a0\u00bblightBG borderRadius boxShadow\u00a0\u00bb][vc_column_inner width=\u00a0\u00bb1\/4&Prime;][vc_single_image image=\u00a0\u00bb210168&Prime; alignment=\u00a0\u00bbcenter\u00a0\u00bb css=\u00a0\u00bb\u00a0\u00bb][\/vc_column_inner][vc_column_inner width=\u00a0\u00bb3\/4&Prime;][vc_column_text css=\u00a0\u00bb\u00a0\u00bb el_class=\u00a0\u00bbnew_label label_arrow_down\u00a0\u00bb]New[\/vc_column_text][vc_column_text css=\u00a0\u00bb\u00a0\u00bb]<\/p>\n<h3>Nextcloud One: a fully managed cloud platform<\/h3>\n<p>[\/vc_column_text][vc_column_text css=\u00a0\u00bb\u00a0\u00bb]Nextcloud One is a fully managed service hosted in Germany. It includes hosting, maintenance and management of a dedicated Nextcloud instance. It comes with 24\/7 support, 30 days of backups and is fully compliant with GDPR.[\/vc_column_text][vc_btn title=\u00a0\u00bbTry Nextcloud One now\u00a0\u00bb i_align=\u00a0\u00bbright\u00a0\u00bb i_icon_fontawesome=\u00a0\u00bbfas fa-external-link-alt\u00a0\u00bb css=\u00a0\u00bb\u00a0\u00bb add_icon=\u00a0\u00bbtrue\u00a0\u00bb el_class=\u00a0\u00bbbtn-main\u00a0\u00bb link=\u00a0\u00bburl:https%3A%2F%2Fnextcloud-one.com%3Futm_source%3Dnextcloud.com%26utm_medium%3Dreferral%26utm_campaign%3Dnextcloud-one%26utm_content%3Dsign-up-page|target:_blank\u00a0\u00bb][\/vc_column_inner][\/vc_row_inner][\/vc_column][vc_column width=\u00a0\u00bb1\/12&Prime;][\/vc_column][\/vc_row][vc_row gap=\u00a0\u00bb30&Prime; content_placement=\u00a0\u00bbmiddle\u00a0\u00bb css=\u00a0\u00bb.vc_custom_1663052125396{padding-right: 3rem !important;padding-left: 3rem !important;}\u00a0\u00bb][vc_column width=\u00a0\u00bb1\/5&Prime;][\/vc_column][vc_column width=\u00a0\u00bb3\/5&Prime;][vc_column_text css=\u00a0\u00bb\u00a0\u00bb el_class=\u00a0\u00bbpage-title centerMobile\u00a0\u00bb]<\/p>\n<h2 style=\"text-align: center;\">S\u2019inscrire n\u2019a jamais \u00e9t\u00e9 aussi simple :<\/h2>\n<h2 style=\"text-align: center;\">1, 2, 3, c\u2019est parti !<\/h2>\n<p>[\/vc_column_text][vc_separator color=\u00a0\u00bbcustom\u00a0\u00bb border_width=\u00a0\u00bb2&Prime; el_width=\u00a0\u00bb20&Prime; el_class=\u00a0\u00bbnc_separator_line\u00a0\u00bb][\/vc_column][vc_column width=\u00a0\u00bb1\/5&Prime;][\/vc_column][\/vc_row][vc_row gap=\u00a0\u00bb30&Prime; equal_height=\u00a0\u00bbyes\u00a0\u00bb css=\u00a0\u00bb.vc_custom_1708503913073{padding-right: 3rem !important;padding-left: 3rem !important;}\u00a0\u00bb el_class=\u00a0\u00bbiconboxes\u00a0\u00bb][vc_column width=\u00a0\u00bb1\/3&Prime; el_class=\u00a0\u00bbiconbox\u00a0\u00bb el_id=\u00a0\u00bbproviders\u00a0\u00bb][vc_icon icon_fontawesome=\u00a0\u00bbfas fa-info-circle\u00a0\u00bb color=\u00a0\u00bbcustom\u00a0\u00bb custom_color=\u00a0\u00bb#0082c9&Prime; el_class=\u00a0\u00bbimage-icon\u00a0\u00bb][vc_column_text css=\u00a0\u00bb\u00a0\u00bb]<\/p>\n<h4>Fournisseurs<\/h4>\n<p>[\/vc_column_text][vc_column_text css=\u00a0\u00bb\u00a0\u00bb]Bien que nous nous efforcions de s\u00e9lectionner des fournisseurs de qualit\u00e9, nous ne sommes pas responsables de leurs services. Nous ne conservons aucune information personnelle et ne sommes donc pas en mesure de vous aider en cas de probl\u00e8mes li\u00e9s \u00e0 votre compte. Si vous rencontrez des difficult\u00e9s, <strong>nous vous prions de bien vouloir contacter directement votre prestataire<\/strong>.[\/vc_column_text][\/vc_column][vc_column width=\u00a0\u00bb1\/3&Prime; el_class=\u00a0\u00bbiconbox\u00a0\u00bb][vc_icon icon_fontawesome=\u00a0\u00bbfas fa-server\u00a0\u00bb color=\u00a0\u00bbcustom\u00a0\u00bb custom_color=\u00a0\u00bb#0082c9&Prime; el_class=\u00a0\u00bbimage-icon\u00a0\u00bb][vc_column_text css=\u00a0\u00bb\u00a0\u00bb]<\/p>\n<h4>Comptes gratuits<\/h4>\n<p>[\/vc_column_text][vc_column_text css=\u00a0\u00bb\u00a0\u00bb]Les services gratuits sont bien s\u00fbr financ\u00e9s d&rsquo;une mani\u00e8re ou d&rsquo;une autre. Les fournisseurs Nextcloud r\u00e9pertori\u00e9s proposent tous un compte gratuit avec 2 \u00e0 5 GB de stockage, mais offrent \u00e9galement davantage d&rsquo;espace de stockage et plus d&rsquo;options, comme une configuration d\u00e9di\u00e9e, moyennant des frais qui financent les comptes gratuits. Envisagez de payer pour votre compte, cela les aide \u00e0 fournir ce service.[\/vc_column_text][vc_btn title=\u00a0\u00bbDonnez votre avis\u00a0\u00bb css=\u00a0\u00bb\u00a0\u00bb link=\u00a0\u00bburl:https%3A%2F%2Fhelp.nextcloud.com%2Fc%2Fhosting%2F14|target:_blank\u00a0\u00bb el_class=\u00a0\u00bbbtn-main btn-small\u00a0\u00bb][\/vc_column][vc_column width=\u00a0\u00bb1\/3&Prime; el_class=\u00a0\u00bbiconbox\u00a0\u00bb][vc_icon icon_fontawesome=\u00a0\u00bbfas fa-shield-alt\u00a0\u00bb color=\u00a0\u00bbcustom\u00a0\u00bb custom_color=\u00a0\u00bb#0082c9&Prime; el_class=\u00a0\u00bbimage-icon\u00a0\u00bb][vc_column_text css=\u00a0\u00bb\u00a0\u00bb]<\/p>\n<h4>Confidentialit\u00e9<\/h4>\n<p>[\/vc_column_text][vc_column_text css=\u00a0\u00bb\u00a0\u00bb]En continuant, vous acceptez notre politique de confidentialit\u00e9. En r\u00e9sum\u00e9, nous traitons uniquement le minimum de donn\u00e9es utilisateur n\u00e9cessaire pour permettre au fournisseur de cr\u00e9er un compte minimal et ne conservons aucune donn\u00e9e personnelle identifiable.[\/vc_column_text][vc_btn title=\u00a0\u00bbPolitique de confidentialit\u00e9\u00a0\u00bb css=\u00a0\u00bb\u00a0\u00bb link=\u00a0\u00bburl:https%3A%2F%2Fnextcloud.com%2Fprivacy%2F|title:Privacy%20policy\u00a0\u00bb el_class=\u00a0\u00bbbtn-main btn-small\u00a0\u00bb][\/vc_column][\/vc_row][\/vc_section][vc_section el_id=\u00a0\u00bbcta-contact\u00a0\u00bb el_class=\u00a0\u00bbcta-contact nc-section-gradient-bg white-text\u00a0\u00bb css=\u00a0\u00bb.vc_custom_1663589051447{padding-top: 3rem !important;padding-bottom: 3rem !important;}\u00a0\u00bb][vc_row content_placement=\u00a0\u00bbmiddle\u00a0\u00bb][vc_column el_class=\u00a0\u00bbtext-right\u00a0\u00bb][vc_column_text css=\u00a0\u00bb\u00a0\u00bb el_class=\u00a0\u00bbnc-section-title\u00a0\u00bb]<\/p>\n<h2 style=\"text-align: center;\">Vous ne trouvez pas ce dont vous avez besoin ?<\/h2>\n<p>[\/vc_column_text][vc_column_text css=\u00a0\u00bb.vc_custom_1751462384316{margin-bottom: 0px !important;}\u00a0\u00bb]<\/p>\n<p style=\"text-align: center;\">Chaque organisation est unique et pr\u00e9sente des besoins et des d\u00e9fis qui lui sont propres.<br \/>\nNous serions ravis de vous aider \u00e0 trouver la solution id\u00e9ale pour vous.<\/p>\n<p>[\/vc_column_text][vc_row_inner el_class=\u00a0\u00bbbtns-inline-centered\u00a0\u00bb][vc_column_inner el_class=\u00a0\u00bbbtns-inline-centered\u00a0\u00bb css=\u00a0\u00bb.vc_custom_1673354326524{margin-top: 1.5rem !important;}\u00a0\u00bb][vc_btn title=\u00a0\u00bbConsulter le forum\u00a0\u00bb i_icon_fontawesome=\u00a0\u00bb\u00a0\u00bb css=\u00a0\u00bb\u00a0\u00bb add_icon=\u00a0\u00bbtrue\u00a0\u00bb el_class=\u00a0\u00bbbtn-white\u00a0\u00bb link=\u00a0\u00bburl:https%3A%2F%2Fhelp.nextcloud.com%2F|title:Check%20the%20forum|target:_blank\u00a0\u00bb][vc_btn title=\u00a0\u00bbContactez-nous\u00a0\u00bb i_icon_fontawesome=\u00a0\u00bb\u00a0\u00bb css=\u00a0\u00bb\u00a0\u00bb add_icon=\u00a0\u00bbtrue\u00a0\u00bb el_class=\u00a0\u00bbbtn-white-outline\u00a0\u00bb link=\u00a0\u00bburl:https%3A%2F%2Fnextcloud.com%2Fcontact%2F|title:Contact%20us%20now\u00a0\u00bb][\/vc_column_inner][\/vc_row_inner][\/vc_column][\/vc_row][\/vc_section][vc_row][vc_column][vc_column_text]<\/p>\n<p>[\/vc_column_text][\/vc_column][\/vc_row]<\/p>\n<\/div>","protected":false},"excerpt":{"rendered":"<p>[vc_section el_class=\u00a0\u00bbtitlebar at_home blueGradient\u00a0\u00bb][vc_row gap=\u00a0\u00bb20&Prime; css=\u00a0\u00bb.vc_custom_1709805199707{margin-top: 4rem !important;}\u00a0\u00bb][vc_column offset=\u00a0\u00bbvc_col-lg-2\/5 vc_col-md-2\/5&Prime; el_class=\u00a0\u00bbpositionRelative\u00a0\u00bb][vc_single_image image=\u00a0\u00bb206108&Prime; el_class=\u00a0\u00bbnc-sep-logo signup-icon\u00a0\u00bb][vc_column_text css=\u00a0\u00bb\u00a0\u00bb el_class=\u00a0\u00bbpage-title centerMobile\u00a0\u00bb] Inscrivez-vous pour cr\u00e9er votre compte Nextcloud gratuit ! [\/vc_column_text][vc_column_text css=\u00a0\u00bb.vc_custom_1751542063847{margin-top: 2rem !important;margin-bottom: 2rem !important;}\u00a0\u00bb el_class=\u00a0\u00bbpage-subtitle centerMobile\u00a0\u00bb]Veuillez s\u00e9lectionner l&rsquo;un de nos fournisseurs certifi\u00e9s et de confiance pour cr\u00e9er gratuitement votre compte utilisateur personnel et commencer d\u00e8s aujourd&rsquo;hui votre exp\u00e9rience [&hellip;]<\/p>\n","protected":false},"author":26,"featured_media":0,"parent":0,"menu_order":0,"comment_status":"closed","ping_status":"closed","template":"","meta":{"_acf_changed":false,"inline_featured_image":false,"publish_to_discourse":"","publish_post_category":"","wpdc_auto_publish_overridden":"","wpdc_topic_tags":"","wpdc_pin_topic":"","wpdc_pin_until":"","discourse_post_id":"","discourse_permalink":"","wpdc_publishing_response":"","wpdc_publishing_error":"","footnotes":""},"tags":[],"class_list":["post-321606","page","type-page","status-publish","hentry"],"acf":[],"yoast_head":"<!-- This site is optimized with the Yoast SEO plugin v27.1.1 - https:\/\/yoast.com\/product\/yoast-seo-wordpress\/ -->\n<title>Inscrivez-vous pour un compte Nextcloud gratuit<\/title>\n<meta name=\"description\" content=\"Choisissez un fournisseur Nextcloud certifi\u00e9 et fiable pour cr\u00e9er gratuitement votre compte priv\u00e9 cloud en toute s\u00e9curit\u00e9.\" \/>\n<meta name=\"robots\" content=\"index, follow, max-snippet:-1, max-image-preview:large, max-video-preview:-1\" \/>\n<link rel=\"canonical\" href=\"https:\/\/nextcloud.com\/fr\/sign-up\/\" \/>\n<meta property=\"og:locale\" content=\"fr_FR\" \/>\n<meta property=\"og:type\" content=\"article\" \/>\n<meta property=\"og:title\" content=\"Inscrivez-vous pour un compte Nextcloud gratuit\" \/>\n<meta property=\"og:description\" content=\"Choisissez un fournisseur Nextcloud certifi\u00e9 et fiable pour cr\u00e9er gratuitement votre compte priv\u00e9 cloud en toute s\u00e9curit\u00e9.\" \/>\n<meta property=\"og:url\" content=\"https:\/\/nextcloud.com\/fr\/sign-up\/\" \/>\n<meta property=\"og:site_name\" content=\"Nextcloud\" \/>\n<meta property=\"article:publisher\" content=\"https:\/\/www.facebook.com\/Nextclouders\/\" \/>\n<meta property=\"article:modified_time\" content=\"2025-08-27T12:24:27+00:00\" \/>\n<meta property=\"og:image\" content=\"https:\/\/nextcloud.com\/c\/uploads\/2026\/01\/nextcloud-home-featured-image.png\" \/>\n\t<meta property=\"og:image:width\" content=\"1920\" \/>\n\t<meta property=\"og:image:height\" content=\"1080\" \/>\n\t<meta property=\"og:image:type\" content=\"image\/png\" \/>\n<meta name=\"twitter:card\" content=\"summary_large_image\" \/>\n<meta name=\"twitter:site\" content=\"@nextclouders\" \/>\n<meta name=\"twitter:label1\" content=\"Dur\u00e9e de lecture estim\u00e9e\" \/>\n\t<meta name=\"twitter:data1\" content=\"5 minutes\" \/>\n<script type=\"application\/ld+json\" class=\"yoast-schema-graph\">{\"@context\":\"https:\/\/schema.org\",\"@graph\":[{\"@type\":\"WebPage\",\"@id\":\"https:\/\/nextcloud.com\/fr\/sign-up\/\",\"url\":\"https:\/\/nextcloud.com\/fr\/sign-up\/\",\"name\":\"Inscrivez-vous pour un compte Nextcloud gratuit\",\"isPartOf\":{\"@id\":\"https:\/\/nextcloud.com\/fr\/#website\"},\"datePublished\":\"2022-03-04T15:57:01+00:00\",\"dateModified\":\"2025-08-27T12:24:27+00:00\",\"description\":\"Choisissez un fournisseur Nextcloud certifi\u00e9 et fiable pour cr\u00e9er gratuitement votre compte priv\u00e9 cloud en toute s\u00e9curit\u00e9.\",\"breadcrumb\":{\"@id\":\"https:\/\/nextcloud.com\/fr\/sign-up\/#breadcrumb\"},\"inLanguage\":\"fr-FR\",\"potentialAction\":[{\"@type\":\"ReadAction\",\"target\":[\"https:\/\/nextcloud.com\/fr\/sign-up\/\"]}]},{\"@type\":\"BreadcrumbList\",\"@id\":\"https:\/\/nextcloud.com\/fr\/sign-up\/#breadcrumb\",\"itemListElement\":[{\"@type\":\"ListItem\",\"position\":1,\"name\":\"Home\",\"item\":\"https:\/\/nextcloud.com\/fr\/\"},{\"@type\":\"ListItem\",\"position\":2,\"name\":\"Sign-up\"}]},{\"@type\":\"WebSite\",\"@id\":\"https:\/\/nextcloud.com\/fr\/#website\",\"url\":\"https:\/\/nextcloud.com\/fr\/\",\"name\":\"Nextcloud\",\"description\":\"Regain control over your data\",\"publisher\":{\"@id\":\"https:\/\/nextcloud.com\/fr\/#organization\"},\"potentialAction\":[{\"@type\":\"SearchAction\",\"target\":{\"@type\":\"EntryPoint\",\"urlTemplate\":\"https:\/\/nextcloud.com\/fr\/?s={search_term_string}\"},\"query-input\":{\"@type\":\"PropertyValueSpecification\",\"valueRequired\":true,\"valueName\":\"search_term_string\"}}],\"inLanguage\":\"fr-FR\"},{\"@type\":\"Organization\",\"@id\":\"https:\/\/nextcloud.com\/fr\/#organization\",\"name\":\"Nextcloud\",\"url\":\"https:\/\/nextcloud.com\/fr\/\",\"logo\":{\"@type\":\"ImageObject\",\"inLanguage\":\"fr-FR\",\"@id\":\"https:\/\/nextcloud.com\/fr\/#\/schema\/logo\/image\/\",\"url\":\"https:\/\/nextcloud.com\/c\/uploads\/2022\/10\/nextcloud-logo-blue-transparent.svg\",\"contentUrl\":\"https:\/\/nextcloud.com\/c\/uploads\/2022\/10\/nextcloud-logo-blue-transparent.svg\",\"width\":\"1024\",\"height\":\"1024\",\"caption\":\"Nextcloud\"},\"image\":{\"@id\":\"https:\/\/nextcloud.com\/fr\/#\/schema\/logo\/image\/\"},\"sameAs\":[\"https:\/\/www.facebook.com\/Nextclouders\/\",\"https:\/\/x.com\/nextclouders\",\"https:\/\/www.linkedin.com\/company\/10827569\/\",\"https:\/\/youtube.com\/nextcloud\",\"https:\/\/www.instagram.com\/nextclouders\/\"]}]}<\/script>\n<!-- \/ Yoast SEO plugin. -->","yoast_head_json":{"title":"Inscrivez-vous pour un compte Nextcloud gratuit","description":"Choisissez un fournisseur Nextcloud certifi\u00e9 et fiable pour cr\u00e9er gratuitement votre compte priv\u00e9 cloud en toute s\u00e9curit\u00e9.","robots":{"index":"index","follow":"follow","max-snippet":"max-snippet:-1","max-image-preview":"max-image-preview:large","max-video-preview":"max-video-preview:-1"},"canonical":"https:\/\/nextcloud.com\/fr\/sign-up\/","og_locale":"fr_FR","og_type":"article","og_title":"Inscrivez-vous pour un compte Nextcloud gratuit","og_description":"Choisissez un fournisseur Nextcloud certifi\u00e9 et fiable pour cr\u00e9er gratuitement votre compte priv\u00e9 cloud en toute s\u00e9curit\u00e9.","og_url":"https:\/\/nextcloud.com\/fr\/sign-up\/","og_site_name":"Nextcloud","article_publisher":"https:\/\/www.facebook.com\/Nextclouders\/","article_modified_time":"2025-08-27T12:24:27+00:00","og_image":[{"width":1920,"height":1080,"url":"https:\/\/nextcloud.com\/c\/uploads\/2026\/01\/nextcloud-home-featured-image.png","type":"image\/png"}],"twitter_card":"summary_large_image","twitter_site":"@nextclouders","twitter_misc":{"Dur\u00e9e de lecture estim\u00e9e":"5 minutes"},"schema":{"@context":"https:\/\/schema.org","@graph":[{"@type":"WebPage","@id":"https:\/\/nextcloud.com\/fr\/sign-up\/","url":"https:\/\/nextcloud.com\/fr\/sign-up\/","name":"Inscrivez-vous pour un compte Nextcloud gratuit","isPartOf":{"@id":"https:\/\/nextcloud.com\/fr\/#website"},"datePublished":"2022-03-04T15:57:01+00:00","dateModified":"2025-08-27T12:24:27+00:00","description":"Choisissez un fournisseur Nextcloud certifi\u00e9 et fiable pour cr\u00e9er gratuitement votre compte priv\u00e9 cloud en toute s\u00e9curit\u00e9.","breadcrumb":{"@id":"https:\/\/nextcloud.com\/fr\/sign-up\/#breadcrumb"},"inLanguage":"fr-FR","potentialAction":[{"@type":"ReadAction","target":["https:\/\/nextcloud.com\/fr\/sign-up\/"]}]},{"@type":"BreadcrumbList","@id":"https:\/\/nextcloud.com\/fr\/sign-up\/#breadcrumb","itemListElement":[{"@type":"ListItem","position":1,"name":"Home","item":"https:\/\/nextcloud.com\/fr\/"},{"@type":"ListItem","position":2,"name":"Sign-up"}]},{"@type":"WebSite","@id":"https:\/\/nextcloud.com\/fr\/#website","url":"https:\/\/nextcloud.com\/fr\/","name":"Nextcloud","description":"Regain control over your data","publisher":{"@id":"https:\/\/nextcloud.com\/fr\/#organization"},"potentialAction":[{"@type":"SearchAction","target":{"@type":"EntryPoint","urlTemplate":"https:\/\/nextcloud.com\/fr\/?s={search_term_string}"},"query-input":{"@type":"PropertyValueSpecification","valueRequired":true,"valueName":"search_term_string"}}],"inLanguage":"fr-FR"},{"@type":"Organization","@id":"https:\/\/nextcloud.com\/fr\/#organization","name":"Nextcloud","url":"https:\/\/nextcloud.com\/fr\/","logo":{"@type":"ImageObject","inLanguage":"fr-FR","@id":"https:\/\/nextcloud.com\/fr\/#\/schema\/logo\/image\/","url":"https:\/\/nextcloud.com\/c\/uploads\/2022\/10\/nextcloud-logo-blue-transparent.svg","contentUrl":"https:\/\/nextcloud.com\/c\/uploads\/2022\/10\/nextcloud-logo-blue-transparent.svg","width":"1024","height":"1024","caption":"Nextcloud"},"image":{"@id":"https:\/\/nextcloud.com\/fr\/#\/schema\/logo\/image\/"},"sameAs":["https:\/\/www.facebook.com\/Nextclouders\/","https:\/\/x.com\/nextclouders","https:\/\/www.linkedin.com\/company\/10827569\/","https:\/\/youtube.com\/nextcloud","https:\/\/www.instagram.com\/nextclouders\/"]}]}},"_links":{"self":[{"href":"https:\/\/nextcloud.com\/fr\/wp-json\/wp\/v2\/pages\/321606","targetHints":{"allow":["GET"]}}],"collection":[{"href":"https:\/\/nextcloud.com\/fr\/wp-json\/wp\/v2\/pages"}],"about":[{"href":"https:\/\/nextcloud.com\/fr\/wp-json\/wp\/v2\/types\/page"}],"author":[{"embeddable":true,"href":"https:\/\/nextcloud.com\/fr\/wp-json\/wp\/v2\/users\/26"}],"replies":[{"embeddable":true,"href":"https:\/\/nextcloud.com\/fr\/wp-json\/wp\/v2\/comments?post=321606"}],"version-history":[{"count":9,"href":"https:\/\/nextcloud.com\/fr\/wp-json\/wp\/v2\/pages\/321606\/revisions"}],"predecessor-version":[{"id":331400,"href":"https:\/\/nextcloud.com\/fr\/wp-json\/wp\/v2\/pages\/321606\/revisions\/331400"}],"wp:attachment":[{"href":"https:\/\/nextcloud.com\/fr\/wp-json\/wp\/v2\/media?parent=321606"}],"wp:term":[{"taxonomy":"post_tag","embeddable":true,"href":"https:\/\/nextcloud.com\/fr\/wp-json\/wp\/v2\/tags?post=321606"}],"curies":[{"name":"wp","href":"https:\/\/api.w.org\/{rel}","templated":true}]}}