{"id":71904,"date":"2022-04-08T19:02:38","date_gmt":"2022-04-08T17:02:38","guid":{"rendered":"https:\/\/nextcloud.com\/devices\/"},"modified":"2022-10-20T16:20:19","modified_gmt":"2022-10-20T14:20:19","slug":"devices","status":"publish","type":"page","link":"https:\/\/nextcloud.com\/es\/devices\/","title":{"rendered":"Devices"},"content":{"rendered":"<section class=\"page-hero-section gr\"><div class=\"container\">\r\n\t<div class=\"row\">\r\n\t\t<div class=\"col-lg-9\">\r\n\t\t\t<div class=\"section-title\">\r\n\t\t\t\t<h1>Mant\u00e9n tu servidor en casa.<\/h1><p>Compa\u00f1\u00edas a nuestro alrededor construyen hardware en el que Nextcloud funciona sin ning\u00fan problema.<\/p>\t\t\t<\/div>\r\n\t\t<\/div>\r\n\t<\/div>\r\n<\/div>\r\n<\/section><section class=\"columns4-section\" id=\"\">\n\t<div class=\"container\">\n\t\t<div class=\"row spacer align-items-center\"><div class=\"col-lg-6 order-lg-1\"><div class=\"image-slider\"><div><img decoding=\"async\" class=\"no-shd\" src=\"https:\/\/nextcloud.com\/c\/uploads\/2022\/04\/TrueNAS-banner.jpg\" alt=\"\"\/><\/div><\/div><\/div><div class=\"col-lg-6 order-lg-0\"><div class=\"text-block\"><h3>Nextcloud on TrueNAS<\/h3><div class=\"mobile-media\"><div class=\"image-slider\"><div><img decoding=\"async\" class=\"no-shd\" src=\"https:\/\/nextcloud.com\/c\/uploads\/2022\/04\/TrueNAS-banner.jpg\" alt=\"\"\/><\/div><\/div><\/div><p>Add Nextcloud to your NAS<\/p>\n<p>TrueNAS is an Open Source powered storage platform that scales from private home servers to 20PB+ storage platforms and has over a million deployments. Nextcloud Hub is be officially supported on TrueNAS systems with easy install of the official Nextcloud Hub app requiring just a few clicks. Together, Nextcloud and TrueNAS provide an extremely versatile and reliable collaboration and data storage platform.<\/p>\n<p><em>Enterprise<\/em><\/p>\n<a class=\"c-btn btn-blue\" href=\"https:\/\/www.truenas.com\/docs\/core\/solutions\/integrations\/nextcloud\/\" target=\"_blank\">Comencemos<\/a><\/div><\/div><\/div><div class=\"row spacer align-items-center\"><div class=\"col-lg-6 order-lg-0\"><div class=\"image-slider\"><div><img decoding=\"async\" class=\"no-shd\" src=\"https:\/\/nextcloud.com\/c\/uploads\/2022\/04\/ubosbox-nextcloud-on-nuc-model-a-on-500x375-1.png\" alt=\"\"\/><\/div><\/div><\/div><div class=\"col-lg-6 order-lg-1\"><div class=\"text-block\"><h3>UBOSbox Nextcloud Home\/Office Server<\/h3><div class=\"mobile-media\"><div class=\"image-slider\"><div><img decoding=\"async\" class=\"no-shd\" src=\"https:\/\/nextcloud.com\/c\/uploads\/2022\/04\/ubosbox-nextcloud-on-nuc-model-a-on-500x375-1.png\" alt=\"\"\/><\/div><\/div><\/div><p>Fully-assembled based on ARM processors with optional management service<\/p>\n<ul>\n<li>Preconfigured: UBOS Linux (pre-installed) and Nextcloud plus apps (auto-install on first boot)<\/li>\n<li>Can be set up and maintained without attached monitor and keyboard<\/li>\n<li>Easy day-to-day management: upgrades, backups, network configuration and more are just a single command<\/li>\n<li>Different variants available based on ARM processors<\/li>\n<\/ul>\n<p><em>Commercial<\/em><\/p>\n<a class=\"c-btn btn-blue\" href=\"https:\/\/indiecomputing.com\/products\/\" target=\"_blank\">More about UBOSbox Nextcloud<\/a><\/div><\/div><\/div><div class=\"row spacer align-items-center\"><div class=\"col-lg-6 order-lg-1\"><div class=\"image-slider\"><div><img decoding=\"async\" class=\"no-shd\" src=\"https:\/\/nextcloud.com\/c\/uploads\/2022\/04\/nextbox.png\" alt=\"\"\/><\/div><\/div><\/div><div class=\"col-lg-6 order-lg-0\"><div class=\"text-block\"><h3>Nitrokey Nextbox &#8211; Your Private Home Cloud.<\/h3><div class=\"mobile-media\"><div class=\"image-slider\"><div><img decoding=\"async\" class=\"no-shd\" src=\"https:\/\/nextcloud.com\/c\/uploads\/2022\/04\/nextbox.png\" alt=\"\"\/><\/div><\/div><\/div><p>The cloud in your home or office. With NextBox by Nitrokey you get everything you need for your secure and private cloud<\/p>\n<ul>\n<li>For photos, videos, backups, files, address books, calendars, office and more<\/li>\n<li>Full aluminium casing: perfectly quiet, passive thermal design, living-room ready<\/li>\n<li>Easy operation without technical administration including Remote Access<\/li>\n<li>Unattended, long-term updates and no monthly costs<\/li>\n<li>Based on Debian Buster &#038; RaspberryPI 4<\/li>\n<\/ul>\n<p><em>Commercial<\/em><\/p>\n<a class=\"c-btn btn-blue\" href=\"https:\/\/shop.nitrokey.com\/shop\/product\/nextbox-116\" target=\"_blank\">More about NextBox<\/a><\/div><\/div><\/div><div class=\"row spacer align-items-center\"><div class=\"col-lg-6 order-lg-0\"><div class=\"image-slider\"><div><img decoding=\"async\" class=\"no-shd\" src=\"https:\/\/nextcloud.com\/c\/uploads\/2022\/04\/homedrive.png\" alt=\"\"\/><\/div><\/div><\/div><div class=\"col-lg-6 order-lg-1\"><div class=\"text-block\"><h3>HomeDrive<\/h3><div class=\"mobile-media\"><div class=\"image-slider\"><div><img decoding=\"async\" class=\"no-shd\" src=\"https:\/\/nextcloud.com\/c\/uploads\/2022\/04\/homedrive.png\" alt=\"\"\/><\/div><\/div><\/div><p>Easy Nextcloud hosting at home. Access your data anywhere in the world.<\/p>\n<ul>\n<li>HomeDrive provides an easy way to host Nextcloud at your home. It requires zero configuration to work, and automatically updates itself.<\/li>\n<li>Setting up HomeDrive is as simple as plugging it into your home router. You can start accessing your data under a custom domain name from anywhere in the world right away.<\/li>\n<li>Traffic from and to your HomeDrive server is end-to-end encrypted to ensure security and your privacy.<\/li>\n<\/ul>\n<p><em>Commercial<\/em><\/p>\n<a class=\"c-btn btn-blue\" href=\"https:\/\/www.homedrive.io\/\" target=\"_blank\">More about homedrive<\/a><\/div><\/div><\/div><div class=\"row spacer align-items-center\"><div class=\"col-lg-6 order-lg-1\"><div class=\"image-slider\"><div><img decoding=\"async\" class=\"no-shd\" src=\"https:\/\/nextcloud.com\/c\/uploads\/2022\/04\/syncloud.jpg\" alt=\"\"\/><\/div><\/div><\/div><div class=\"col-lg-6 order-lg-0\"><div class=\"text-block\"><h3>Syncloud<\/h3><div class=\"mobile-media\"><div class=\"image-slider\"><div><img decoding=\"async\" class=\"no-shd\" src=\"https:\/\/nextcloud.com\/c\/uploads\/2022\/04\/syncloud.jpg\" alt=\"\"\/><\/div><\/div><\/div><p>Syncloud es un servidor casero que soporta totalmente Nextcloud.<\/p>\n<p>Ofrece una instalaci\u00f3n y activaci\u00f3n sencillas, selecci\u00f3n de hardware entre 10+ placas, facilidad de uso de discos duros externos para el almacenamiento, nombre de dominio para el dispositivo y acceso a trav\u00e9s de internet, configuraci\u00f3n HTTPS autom\u00e1tica y m\u00e1s aplicaciones.<\/p>\n<p><em>Commercial<\/em> <\/p>\n<a class=\"c-btn btn-blue\" href=\"http:\/\/syncloud.org\/\" target=\"_blank\">More about Syncloud<\/a><\/div><\/div><\/div><div class=\"row spacer align-items-center\"><div class=\"col-lg-6 order-lg-0\"><div class=\"image-slider\"><div><img decoding=\"async\" class=\"no-shd\" src=\"https:\/\/nextcloud.com\/c\/uploads\/2022\/04\/MOX.png\" alt=\"\"\/><\/div><\/div><\/div><div class=\"col-lg-6 order-lg-1\"><div class=\"text-block\"><h3>Turris MOX: Cloud<\/h3><div class=\"mobile-media\"><div class=\"image-slider\"><div><img decoding=\"async\" class=\"no-shd\" src=\"https:\/\/nextcloud.com\/c\/uploads\/2022\/04\/MOX.png\" alt=\"\"\/><\/div><\/div><\/div><p>Modular router comes with private cloud module.<\/p>\n<p>The Turris MOX: Cloud bundle is a ready-to-go kit with a 64bit dualcore CPU, 1GB RAM, wifi connectivity and four USB 3.0 ports for attaching storage. The MOX makes it easy for users to set up RAID storage and Nextcloud for hosting and can be extended with other router modules like network ports.<\/p>\n<p><em>Commercial<\/em><\/p>\n<a class=\"c-btn btn-blue\" href=\"https:\/\/nextcloud.com\/blog\/turris-mox-adds-nextcloud-to-put-users-back-in-control-over-their-data\/\" target=\"_self\">More about Turris Mox<\/a><\/div><\/div><\/div><div class=\"row spacer align-items-center\"><div class=\"col-lg-6 order-lg-1\"><div class=\"image-slider\"><div><p class=\"caption\">Picture of a Raspberry Pi in a case with a NextcloudPi logo<\/p><img decoding=\"async\" class=\"no-shd\" src=\"https:\/\/nextcloud.com\/c\/uploads\/2022\/10\/nextcloudpi.png\" alt=\"\"\/><\/div><\/div><\/div><div class=\"col-lg-6 order-lg-0\"><div class=\"text-block\"><h3>NextcloudPi<\/h3><div class=\"mobile-media\"><div class=\"image-slider\"><div><img decoding=\"async\" class=\"no-shd\" src=\"https:\/\/nextcloud.com\/c\/uploads\/2022\/10\/nextcloudpi.png\" alt=\"\"\/><\/div><\/div><\/div><p>Build your own Nextcloud device!<\/p>\n<p>NextcloudPi is a community effort building a preinstalled and preconfigured Nextcloud setup initially developed for Raspberry Pi and similar development board devices. It includes a management interface with all the tools you need to self host your private data in a single package and works on a variety of hardware.<\/p>\n<p>NextcloudPi is free, thriving only on your help, feedback and support!<\/p>\n<p><em>Do-It-Yourself Community<\/em><\/p>\n<\/div><\/div><\/div>\t<\/div>\n<\/section><section class=\"columns4-section\" id=\"\">\n\t<div class=\"container\">\n\t\t<div class=\"row\"><div class=\"col-12\"><div class=\"section-title\"><h2>Sold out\/or not available any more<\/h2><\/div><\/div><\/div><div class=\"row spacer align-items-center\"><div class=\"col-lg-6 order-lg-1\"><div class=\"image-slider\"><div><img decoding=\"async\" class=\"no-shd\" src=\"https:\/\/nextcloud.com\/c\/uploads\/2022\/04\/spreedbox.png\" alt=\"\"\/><\/div><\/div><\/div><div class=\"col-lg-6 order-lg-0\"><div class=\"text-block\"><h3>Spreedbox<\/h3><div class=\"mobile-media\"><div class=\"image-slider\"><div><img decoding=\"async\" class=\"no-shd\" src=\"https:\/\/nextcloud.com\/c\/uploads\/2022\/04\/spreedbox.png\" alt=\"\"\/><\/div><\/div><\/div><p>Tras el premiado dispositivo dise\u00f1ado por struktur AG opera una soluci\u00f3n de videochat seguro e intercambio de archivos para uso de peque\u00f1as empresas.<\/p>\n<p>Ofrece chat de audio y v\u00eddeo con cifrado fuerte punto a punto, una soluci\u00f3n de sincronizaci\u00f3n y compartici\u00f3n de archivos basada en Nextcloud y caracter\u00edsticas avanzadas de seguridad con un generador de claves hardware de silicio.<\/p>\n<p>La Spreedbox ofrece un gateway SIP opcional, permitiendo a los participantes en conferencias web que entren a trav\u00e9s de una conexi\u00f3n de tel\u00e9fono9 tradicional.<\/p>\n<p>Pricing is in the Eur 1500\/USD 1500 range.<br \/>\nCommercial <\/p>\n<a class=\"c-btn btn-blue\" href=\"https:\/\/spreedbox.me\/\" target=\"_blank\">More about spreedbox<\/a><\/div><\/div><\/div><div class=\"row spacer align-items-center\"><div class=\"col-lg-6 order-lg-0\"><div class=\"image-slider\"><div><img decoding=\"async\" class=\"no-shd\" src=\"https:\/\/nextcloud.com\/c\/uploads\/2022\/04\/box-perspective.png\" alt=\"\"\/><\/div><\/div><\/div><div class=\"col-lg-6 order-lg-1\"><div class=\"text-block\"><h3>Nextcloud Box<\/h3><div class=\"mobile-media\"><div class=\"image-slider\"><div><img decoding=\"async\" class=\"no-shd\" src=\"https:\/\/nextcloud.com\/c\/uploads\/2022\/04\/box-perspective.png\" alt=\"\"\/><\/div><\/div><\/div><p>La Nextcloud Box viene preinstalada con Nextcloud, corriendo sobre Ubuntu Core (basado en los nuevos paquetes de aplicaciones Linux conocidos como snaps, superseguros y actualizables remotamente ) como SO.<\/p>\n<p>La caja consiste de un disco duro USB3 de 1 TB de WDLabs, una carcasa con espacio para el disco duro y una placa base, un cargador microUSB, cables y adaptadores, tornillos y un destornillador.<\/p>\n<p><b>Sadly, the box is sold out and no longer produced by WD Labs!<\/b><\/p>\n<a class=\"c-btn btn-blue\" href=\"https:\/\/nextcloud.com\/box\" target=\"_self\">More about the Nc box<\/a><\/div><\/div><\/div>\t<\/div>\n<\/section><section class=\"post-single-section\">\n\t<div class=\"container\">\n\t\t<div class=\"row\">\n\t\t\t<div class=\"col-lg-12\">\n\t\t\t\t<div class=\"text-block \">\n\t\t\t\t\t<h2 style=\"text-align: center;\">\u00bfInteresado en construir dispositivos Nextcloud?<\/h2>\n<p style=\"text-align: center;\">You can <a href=\"https:\/\/nextcloud.com\/contact\/\">get in touch<\/a> with us, and we will help you with individual offerings and get your devices listed on this page.<\/p>\n\t\t\t\t<\/div>\n\t\t\t<\/div>\n\t\t<\/div>\n\t<\/div>\n<\/section>","protected":false},"excerpt":{"rendered":"","protected":false},"author":2,"featured_media":0,"parent":0,"menu_order":0,"comment_status":"closed","ping_status":"closed","template":"","meta":{"_acf_changed":false,"inline_featured_image":false,"publish_to_discourse":"","publish_post_category":"","wpdc_auto_publish_overridden":"","wpdc_topic_tags":"","wpdc_pin_topic":"","wpdc_pin_until":"","discourse_post_id":"","discourse_permalink":"","wpdc_publishing_response":"","wpdc_publishing_error":"","footnotes":""},"tags":[],"class_list":["post-71904","page","type-page","status-publish","hentry"],"acf":[],"yoast_head":"<!-- This site is optimized with the Yoast SEO plugin v27.1.1 - https:\/\/yoast.com\/product\/yoast-seo-wordpress\/ -->\n<title>Devices - Nextcloud<\/title>\n<meta name=\"robots\" content=\"index, follow, max-snippet:-1, max-image-preview:large, max-video-preview:-1\" \/>\n<link rel=\"canonical\" href=\"https:\/\/nextcloud.com\/es\/devices\/\" \/>\n<meta property=\"og:locale\" content=\"es_ES\" \/>\n<meta property=\"og:type\" content=\"article\" \/>\n<meta property=\"og:title\" content=\"Devices - Nextcloud\" \/>\n<meta property=\"og:url\" content=\"https:\/\/nextcloud.com\/es\/devices\/\" \/>\n<meta property=\"og:site_name\" content=\"Nextcloud\" \/>\n<meta property=\"article:publisher\" content=\"https:\/\/www.facebook.com\/Nextclouders\/\" \/>\n<meta property=\"article:modified_time\" content=\"2022-10-20T14:20:19+00:00\" \/>\n<meta property=\"og:image\" content=\"https:\/\/nextcloud.com\/c\/uploads\/2026\/01\/nextcloud-home-featured-image.png\" \/>\n\t<meta property=\"og:image:width\" content=\"1920\" \/>\n\t<meta property=\"og:image:height\" content=\"1080\" \/>\n\t<meta property=\"og:image:type\" content=\"image\/png\" \/>\n<meta name=\"twitter:card\" content=\"summary_large_image\" \/>\n<meta name=\"twitter:site\" content=\"@nextclouders\" \/>\n<script type=\"application\/ld+json\" class=\"yoast-schema-graph\">{\"@context\":\"https:\/\/schema.org\",\"@graph\":[{\"@type\":\"WebPage\",\"@id\":\"https:\/\/nextcloud.com\/es\/devices\/\",\"url\":\"https:\/\/nextcloud.com\/es\/devices\/\",\"name\":\"Devices - Nextcloud\",\"isPartOf\":{\"@id\":\"https:\/\/nextcloud.com\/es\/#website\"},\"datePublished\":\"2022-04-08T17:02:38+00:00\",\"dateModified\":\"2022-10-20T14:20:19+00:00\",\"breadcrumb\":{\"@id\":\"https:\/\/nextcloud.com\/es\/devices\/#breadcrumb\"},\"inLanguage\":\"es\",\"potentialAction\":[{\"@type\":\"ReadAction\",\"target\":[\"https:\/\/nextcloud.com\/es\/devices\/\"]}]},{\"@type\":\"BreadcrumbList\",\"@id\":\"https:\/\/nextcloud.com\/es\/devices\/#breadcrumb\",\"itemListElement\":[{\"@type\":\"ListItem\",\"position\":1,\"name\":\"Home\",\"item\":\"https:\/\/nextcloud.com\/es\/\"},{\"@type\":\"ListItem\",\"position\":2,\"name\":\"Devices\"}]},{\"@type\":\"WebSite\",\"@id\":\"https:\/\/nextcloud.com\/es\/#website\",\"url\":\"https:\/\/nextcloud.com\/es\/\",\"name\":\"Nextcloud\",\"description\":\"Regain control over your data\",\"publisher\":{\"@id\":\"https:\/\/nextcloud.com\/es\/#organization\"},\"potentialAction\":[{\"@type\":\"SearchAction\",\"target\":{\"@type\":\"EntryPoint\",\"urlTemplate\":\"https:\/\/nextcloud.com\/es\/?s={search_term_string}\"},\"query-input\":{\"@type\":\"PropertyValueSpecification\",\"valueRequired\":true,\"valueName\":\"search_term_string\"}}],\"inLanguage\":\"es\"},{\"@type\":\"Organization\",\"@id\":\"https:\/\/nextcloud.com\/es\/#organization\",\"name\":\"Nextcloud\",\"url\":\"https:\/\/nextcloud.com\/es\/\",\"logo\":{\"@type\":\"ImageObject\",\"inLanguage\":\"es\",\"@id\":\"https:\/\/nextcloud.com\/es\/#\/schema\/logo\/image\/\",\"url\":\"https:\/\/nextcloud.com\/c\/uploads\/2022\/10\/nextcloud-logo-blue-transparent.svg\",\"contentUrl\":\"https:\/\/nextcloud.com\/c\/uploads\/2022\/10\/nextcloud-logo-blue-transparent.svg\",\"width\":\"1024\",\"height\":\"1024\",\"caption\":\"Nextcloud\"},\"image\":{\"@id\":\"https:\/\/nextcloud.com\/es\/#\/schema\/logo\/image\/\"},\"sameAs\":[\"https:\/\/www.facebook.com\/Nextclouders\/\",\"https:\/\/x.com\/nextclouders\",\"https:\/\/www.linkedin.com\/company\/10827569\/\",\"https:\/\/youtube.com\/nextcloud\",\"https:\/\/www.instagram.com\/nextclouders\/\"]}]}<\/script>\n<!-- \/ Yoast SEO plugin. -->","yoast_head_json":{"title":"Devices - Nextcloud","robots":{"index":"index","follow":"follow","max-snippet":"max-snippet:-1","max-image-preview":"max-image-preview:large","max-video-preview":"max-video-preview:-1"},"canonical":"https:\/\/nextcloud.com\/es\/devices\/","og_locale":"es_ES","og_type":"article","og_title":"Devices - Nextcloud","og_url":"https:\/\/nextcloud.com\/es\/devices\/","og_site_name":"Nextcloud","article_publisher":"https:\/\/www.facebook.com\/Nextclouders\/","article_modified_time":"2022-10-20T14:20:19+00:00","og_image":[{"width":1920,"height":1080,"url":"https:\/\/nextcloud.com\/c\/uploads\/2026\/01\/nextcloud-home-featured-image.png","type":"image\/png"}],"twitter_card":"summary_large_image","twitter_site":"@nextclouders","schema":{"@context":"https:\/\/schema.org","@graph":[{"@type":"WebPage","@id":"https:\/\/nextcloud.com\/es\/devices\/","url":"https:\/\/nextcloud.com\/es\/devices\/","name":"Devices - Nextcloud","isPartOf":{"@id":"https:\/\/nextcloud.com\/es\/#website"},"datePublished":"2022-04-08T17:02:38+00:00","dateModified":"2022-10-20T14:20:19+00:00","breadcrumb":{"@id":"https:\/\/nextcloud.com\/es\/devices\/#breadcrumb"},"inLanguage":"es","potentialAction":[{"@type":"ReadAction","target":["https:\/\/nextcloud.com\/es\/devices\/"]}]},{"@type":"BreadcrumbList","@id":"https:\/\/nextcloud.com\/es\/devices\/#breadcrumb","itemListElement":[{"@type":"ListItem","position":1,"name":"Home","item":"https:\/\/nextcloud.com\/es\/"},{"@type":"ListItem","position":2,"name":"Devices"}]},{"@type":"WebSite","@id":"https:\/\/nextcloud.com\/es\/#website","url":"https:\/\/nextcloud.com\/es\/","name":"Nextcloud","description":"Regain control over your data","publisher":{"@id":"https:\/\/nextcloud.com\/es\/#organization"},"potentialAction":[{"@type":"SearchAction","target":{"@type":"EntryPoint","urlTemplate":"https:\/\/nextcloud.com\/es\/?s={search_term_string}"},"query-input":{"@type":"PropertyValueSpecification","valueRequired":true,"valueName":"search_term_string"}}],"inLanguage":"es"},{"@type":"Organization","@id":"https:\/\/nextcloud.com\/es\/#organization","name":"Nextcloud","url":"https:\/\/nextcloud.com\/es\/","logo":{"@type":"ImageObject","inLanguage":"es","@id":"https:\/\/nextcloud.com\/es\/#\/schema\/logo\/image\/","url":"https:\/\/nextcloud.com\/c\/uploads\/2022\/10\/nextcloud-logo-blue-transparent.svg","contentUrl":"https:\/\/nextcloud.com\/c\/uploads\/2022\/10\/nextcloud-logo-blue-transparent.svg","width":"1024","height":"1024","caption":"Nextcloud"},"image":{"@id":"https:\/\/nextcloud.com\/es\/#\/schema\/logo\/image\/"},"sameAs":["https:\/\/www.facebook.com\/Nextclouders\/","https:\/\/x.com\/nextclouders","https:\/\/www.linkedin.com\/company\/10827569\/","https:\/\/youtube.com\/nextcloud","https:\/\/www.instagram.com\/nextclouders\/"]}]}},"_links":{"self":[{"href":"https:\/\/nextcloud.com\/es\/wp-json\/wp\/v2\/pages\/71904","targetHints":{"allow":["GET"]}}],"collection":[{"href":"https:\/\/nextcloud.com\/es\/wp-json\/wp\/v2\/pages"}],"about":[{"href":"https:\/\/nextcloud.com\/es\/wp-json\/wp\/v2\/types\/page"}],"author":[{"embeddable":true,"href":"https:\/\/nextcloud.com\/es\/wp-json\/wp\/v2\/users\/2"}],"replies":[{"embeddable":true,"href":"https:\/\/nextcloud.com\/es\/wp-json\/wp\/v2\/comments?post=71904"}],"version-history":[{"count":0,"href":"https:\/\/nextcloud.com\/es\/wp-json\/wp\/v2\/pages\/71904\/revisions"}],"wp:attachment":[{"href":"https:\/\/nextcloud.com\/es\/wp-json\/wp\/v2\/media?parent=71904"}],"wp:term":[{"taxonomy":"post_tag","embeddable":true,"href":"https:\/\/nextcloud.com\/es\/wp-json\/wp\/v2\/tags?post=71904"}],"curies":[{"name":"wp","href":"https:\/\/api.w.org\/{rel}","templated":true}]}}