{"id":146486,"date":"2022-04-05T16:00:44","date_gmt":"2022-04-05T14:00:44","guid":{"rendered":"https:\/\/nextcloud.com\/?page_id=146486"},"modified":"2024-11-08T14:18:14","modified_gmt":"2024-11-08T13:18:14","slug":"buscar","status":"publish","type":"page","link":"https:\/\/nextcloud.com\/es\/buscar\/","title":{"rendered":"Buscar"},"content":{"rendered":"<div class=\"wpb-content-wrapper\"><p>[vc_section el_class=\u00bbtitlebar blueGradient\u00bb css=\u00bb.vc_custom_1725458274701{padding-top: 14rem !important;}\u00bb][vc_row content_placement=\u00bbmiddle\u00bb][vc_column width=\u00bb1\/2&#8243;][vc_column_text css=\u00bb\u00bb el_class=\u00bbpage-title centerMobile\u00bb]<\/p>\n<h1>Buscar en nuestro sitio<\/h1>\n<p>[\/vc_column_text][vc_column_text css=\u00bb\u00bb el_class=\u00bbpage-subtitle centerMobile\u00bb]<\/p>\n<p>Busque en nuestro sitio utilizando el formulario y encuentre lo que busca.<\/p>\n<p>[\/vc_column_text][\/vc_column][vc_column width=\u00bb1\/2&#8243; css=\u00bb.vc_custom_1725458178164{padding-top: 0px !important;}\u00bb][vc_column_text css=\u00bb\u00bb el_class=\u00bbnc_form_container centered\u00bb]<form id='wpes-form-1612' role=\"search\" method=\"get\" class=\"search-form \" action=\"https:\/\/nextcloud.com\/es\/\">\n\t\t<label>\n\t\t    <span class=\"screen-reader-text\">Buscar:<\/span>\n\t\t    <input type=\"search\" class=\"search-field \" placeholder=\"Busca \u2026 \" value=\"\" name=\"s\" \/>\n\t\t<\/label>\n\t\t<input type=\"submit\" class=\"search-submit \" value=\"Search\" \/><input type='hidden' value='1612' name='wpessid' \/><\/form>[\/vc_column_text][\/vc_column][\/vc_row][\/vc_section][vc_section el_class=\u00bbnc_default_section\u00bb][vc_row gap=\u00bb20&#8243; content_placement=\u00bbmiddle\u00bb][vc_column width=\u00bb1\/3&#8243;][vc_column_text css=\u00bb\u00bb]<\/p>\n<h3>Productos Nextcloud<\/h3>\n<p>[\/vc_column_text][vc_column_text css=\u00bb\u00bb]Fully self-hosted, Nextcloud app ecosystem provides the benefits of online collaboration without the compliance and security risks.[\/vc_column_text][\/vc_column][vc_column width=\u00bb2\/3&#8243;][vc_column_text css=\u00bb\u00bb]<\/p>\n<ul class=\"nc-list two-cols\">\n<li><a class=\"hyperlink\" href=\"https:\/\/nextcloud.com\/es\/hub\/\">Nextcloud Hub <\/a><\/li>\n<li><a class=\"hyperlink\" href=\"https:\/\/nextcloud.com\/es\/files\/\">Nextcloud Files <\/a><\/li>\n<li><a class=\"hyperlink\" href=\"https:\/\/nextcloud.com\/es\/talk\/\">Nextcloud Talk <\/a><\/li>\n<li><a class=\"hyperlink\" href=\"https:\/\/nextcloud.com\/es\/groupware\/\">Nextcloud Groupware <\/a><\/li>\n<li><a class=\"hyperlink\" href=\"https:\/\/nextcloud.com\/es\/office\/\">Edici\u00f3n de documentos en l\u00ednea con Nextcloud Office<\/a><\/li>\n<li><a class=\"hyperlink\" href=\"https:\/\/nextcloud.com\/es\/assistant\/\">Nextcloud Assistant<\/a><\/li>\n<li><a href=\"https:\/\/nextcloud.com\/es\/roundcube\/\">Roundcube<\/a><\/li>\n<li><a href=\"https:\/\/nextcloud.com\/es\/microsoft-integraciones\/\">Integraci\u00f3nes con Microsoft<\/a><\/li>\n<\/ul>\n<p>[\/vc_column_text][\/vc_column][\/vc_row][\/vc_section][vc_section el_class=\u00bbnc_default_section\u00bb][vc_row gap=\u00bb15&#8243; content_placement=\u00bbmiddle\u00bb][vc_column width=\u00bb1\/3&#8243;][vc_column_text css=\u00bb\u00bb]<\/p>\n<h3>Soluciones Nextcloud<\/h3>\n<p>[\/vc_column_text][vc_column_text css=\u00bb\u00bb]Nextcloud, optimizado y probado para el despliegue de misi\u00f3n cr\u00edtica, le ayuda a alcanzar una verdadera soberan\u00eda digital y el pleno cumplimiento de las normativas de su sector.[\/vc_column_text][\/vc_column][vc_column width=\u00bb2\/3&#8243;][vc_column_text css=\u00bb\u00bb]<\/p>\n<ul class=\"nc-list two-cols\">\n<li><a class=\"hyperlink\" href=\"https:\/\/nextcloud.com\/es\/enterprise\/\">Nextcloud Enterprise<\/a><\/li>\n<li><a href=\"https:\/\/nextcloud.com\/es\/gobierno\/\">Sector p\u00fablico<\/a><\/li>\n<li><a href=\"https:\/\/nextcloud.com\/es\/empresas\/\">Empresas<\/a><\/li>\n<li><a href=\"https:\/\/nextcloud.com\/es\/proveedores-de-servicios\/\">Proveedores de servicios<\/a><\/li>\n<li><a href=\"https:\/\/nextcloud.com\/es\/educacion\/\">Educaci\u00f3n<\/a><\/li>\n<li><a href=\"https:\/\/nextcloud.com\/es\/athome\/\">Nextcloud en casa<\/a><\/li>\n<\/ul>\n<p>[\/vc_column_text][\/vc_column][\/vc_row][\/vc_section][vc_section el_class=\u00bbnc_default_section\u00bb][vc_row gap=\u00bb15&#8243; content_placement=\u00bbmiddle\u00bb][vc_column width=\u00bb1\/3&#8243;][vc_column_text css=\u00bb\u00bb]<\/p>\n<h3>Capacidades de Nextcloud<\/h3>\n<p>[\/vc_column_text][vc_column_text css=\u00bb\u00bb]Nextcloud Hub es una plataforma de colaboraci\u00f3n fiable y segura que aporta funciones importantes como el uso compartido de archivos, el cifrado de extremo a extremo, la federaci\u00f3n, el cumplimiento de normativas y mucho m\u00e1s.[\/vc_column_text][\/vc_column][vc_column width=\u00bb2\/3&#8243;][vc_column_text css=\u00bb\u00bb]<\/p>\n<ul class=\"nc-list two-cols\">\n<li><a class=\"hyperlink\" href=\"https:\/\/nextcloud.com\/features\/#clients\">Clientes m\u00f3viles y de escritorio<\/a><\/li>\n<li><a class=\"hyperlink\" href=\"https:\/\/nextcloud.com\/features\/#permissions\">Capacidad de compartir archivos de forma segura<\/a><\/li>\n<li><a class=\"hyperlink\" href=\"https:\/\/nextcloud.com\/features\/#file-drop\">Carga de archivos de clientes (descarga de archivos)<\/a><\/li>\n<li><a class=\"hyperlink\" href=\"https:\/\/nextcloud.com\/features\/#dashboard\">Dashboard<\/a><\/li>\n<li><a class=\"hyperlink\" href=\"https:\/\/nextcloud.com\/features\/#unified-search\">Buscar<\/a><\/li>\n<li><a class=\"hyperlink\" href=\"https:\/\/nextcloud.com\/features\/#storage\">Opciones de almacenamiento<\/a><\/li>\n<li><a class=\"hyperlink\" href=\"https:\/\/nextcloud.com\/features\/#user-management\">Gesti\u00f3n de usuarios y autenticaci\u00f3n<\/a><\/li>\n<li><a class=\"hyperlink\" href=\"https:\/\/nextcloud.com\/features\/#monitoring\">Supervisi\u00f3n y auditor\u00eda<\/a><\/li>\n<li><a class=\"hyperlink\" href=\"https:\/\/nextcloud.com\/features\/#flow\">Nextcloud Flow<\/a><\/li>\n<li><a href=\"https:\/\/nextcloud.com\/features\/#federation\">Nextcloud Federation<\/a><\/li>\n<li><a href=\"https:\/\/nextcloud.com\/features\/#whiteboard\">Nextcloud Whiteboard<\/a><\/li>\n<li><a class=\"hyperlink\" href=\"https:\/\/nextcloud.com\/blog\/nextcloud-global-scale-how-it-works\/\">Escalabilidad<\/a><\/li>\n<li><a class=\"hyperlink\" href=\"https:\/\/nextcloud.com\/es\/microsoft-integraciones\/\">Integraci\u00f3nes con Microsoft<\/a><\/li>\n<li><a class=\"hyperlink\" href=\"https:\/\/nextcloud.com\/onlyoffice\/\">Edici\u00f3n de documentos en l\u00ednea con ONLYOFFICE<\/a><\/li>\n<li class=\"highlighted\"><a href=\"https:\/\/nextcloud.com\/features\/\">M\u00e1s informaci\u00f3n en la p\u00e1gina Caracter\u00edsticas<\/a><\/li>\n<\/ul>\n<p>[\/vc_column_text][\/vc_column][\/vc_row][\/vc_section][vc_section el_class=\u00bbnc_default_section\u00bb][vc_row gap=\u00bb15&#8243; content_placement=\u00bbmiddle\u00bb][vc_column width=\u00bb1\/3&#8243;][vc_column_text css=\u00bb\u00bb]<\/p>\n<h3>Seguridad y cumplimiento<\/h3>\n<p>[\/vc_column_text][vc_column_text css=\u00bb\u00bb]Nextcloud est\u00e1 dise\u00f1ado para proteger los datos de los usuarios mediante m\u00faltiples capas de protecci\u00f3n.[\/vc_column_text][\/vc_column][vc_column width=\u00bb2\/3&#8243;][vc_column_text css=\u00bb\u00bb]<\/p>\n<ul class=\"nc-list two-cols\">\n<li><a class=\"hyperlink\" href=\"https:\/\/nextcloud.com\/es\/seguridad\/\">Seguridad<\/a><\/li>\n<li><a class=\"hyperlink\" href=\"https:\/\/nextcloud.com\/encryption\/\">Cifrado<\/a><\/li>\n<li><a class=\"hyperlink\" href=\"https:\/\/nextcloud.com\/features\/#end-to-end\">Cifrado de extremo a extremo<\/a><\/li>\n<li><a class=\"hyperlink\" href=\"https:\/\/nextcloud.com\/features\/#vdr\">Salas de datos virtuales<\/a><\/li>\n<li><a class=\"hyperlink\" href=\"https:\/\/nextcloud.com\/security\/\">Informes de seguridad<\/a><\/li>\n<li><a class=\"hyperlink\" href=\"https:\/\/nextcloud.com\/es\/compliance\/\">Cumplimiento (GDPR, HIPAA y m\u00e1s)<\/a><\/li>\n<\/ul>\n<p>[\/vc_column_text][\/vc_column][\/vc_row][\/vc_section][vc_section el_class=\u00bbnc_default_section\u00bb][vc_row gap=\u00bb15&#8243; content_placement=\u00bbmiddle\u00bb][vc_column width=\u00bb1\/3&#8243;][vc_column_text css=\u00bb\u00bb]<\/p>\n<h3>Otros<\/h3>\n<p>[\/vc_column_text][vc_column_text css=\u00bb\u00bb]Aqu\u00ed encontrar\u00e1 otros enlaces \u00fatiles donde podr\u00e1 leer m\u00e1s sobre la importancia de compartir de forma segura, lo que una plataforma de colaboraci\u00f3n de contenidos puede hacer por usted, nuestra pol\u00edtica de marcas o nuestras directrices de marca.[\/vc_column_text][\/vc_column][vc_column width=\u00bb2\/3&#8243;][vc_column_text css=\u00bb\u00bb]<\/p>\n<ul class=\"nc-list two-cols\">\n<li><a class=\"hyperlink\" href=\"https:\/\/nextcloud.com\/secure-sharing\/\">La importancia de compartir de forma segura<\/a><\/li>\n<li><a class=\"hyperlink\" href=\"https:\/\/nextcloud.com\/enterprise-file-sync-and-sharing-efss\/\">Qu\u00e9 es la sincronizaci\u00f3n y compartici\u00f3n de archivos empresariales o EFSS<\/a><\/li>\n<li><a class=\"hyperlink\" href=\"https:\/\/nextcloud.com\/content-collaboration-platform\/\">Qu\u00e9 es una plataforma de colaboraci\u00f3n de contenidos<\/a><\/li>\n<li><a class=\"hyperlink\" href=\"https:\/\/nextcloud.com\/es\/desarrollador\/\">Recursos para desarrolladores<\/a><\/li>\n<li><a class=\"hyperlink\" href=\"https:\/\/nextcloud.com\/privacy\/\">Nuestra pol\u00edtica de privacidad<\/a><\/li>\n<li><a class=\"hyperlink\" href=\"https:\/\/nextcloud.com\/trademarks\/\">Nuestra pol\u00edtica de marcas<\/a><\/li>\n<li><a href=\"https:\/\/nextcloud.com\/brand\/\">Nuestra pol\u00edtica de marca<\/a><\/li>\n<\/ul>\n<p>[\/vc_column_text][\/vc_column][\/vc_row][\/vc_section]<\/p>\n<\/div>","protected":false},"excerpt":{"rendered":"<p>[vc_section el_class=\u00bbtitlebar blueGradient\u00bb css=\u00bb.vc_custom_1725458274701{padding-top: 14rem !important;}\u00bb][vc_row content_placement=\u00bbmiddle\u00bb][vc_column width=\u00bb1\/2&#8243;][vc_column_text css=\u00bb\u00bb el_class=\u00bbpage-title centerMobile\u00bb] Buscar en nuestro sitio [\/vc_column_text][vc_column_text css=\u00bb\u00bb el_class=\u00bbpage-subtitle centerMobile\u00bb] Busque en nuestro sitio utilizando el formulario y encuentre lo que busca. [\/vc_column_text][\/vc_column][vc_column width=\u00bb1\/2&#8243; css=\u00bb.vc_custom_1725458178164{padding-top: 0px !important;}\u00bb][vc_column_text css=\u00bb\u00bb el_class=\u00bbnc_form_container centered\u00bb][\/vc_column_text][\/vc_column][\/vc_row][\/vc_section][vc_section el_class=\u00bbnc_default_section\u00bb][vc_row gap=\u00bb20&#8243; content_placement=\u00bbmiddle\u00bb][vc_column width=\u00bb1\/3&#8243;][vc_column_text css=\u00bb\u00bb] Productos Nextcloud [\/vc_column_text][vc_column_text css=\u00bb\u00bb]Fully self-hosted, Nextcloud app ecosystem provides the benefits [&hellip;]<\/p>\n","protected":false},"author":26,"featured_media":0,"parent":0,"menu_order":0,"comment_status":"closed","ping_status":"closed","template":"","meta":{"_acf_changed":false,"inline_featured_image":false,"publish_to_discourse":"","publish_post_category":"","wpdc_auto_publish_overridden":"","wpdc_topic_tags":"","wpdc_pin_topic":"","wpdc_pin_until":"","discourse_post_id":"","discourse_permalink":"","wpdc_publishing_response":"","wpdc_publishing_error":"","footnotes":""},"tags":[],"class_list":["post-146486","page","type-page","status-publish","hentry"],"acf":[],"yoast_head":"<!-- This site is optimized with the Yoast SEO plugin v27.1.1 - https:\/\/yoast.com\/product\/yoast-seo-wordpress\/ -->\n<title>Buscar - Nextcloud<\/title>\n<meta name=\"robots\" content=\"index, follow, max-snippet:-1, max-image-preview:large, max-video-preview:-1\" \/>\n<link rel=\"canonical\" href=\"https:\/\/nextcloud.com\/es\/buscar\/\" \/>\n<meta property=\"og:locale\" content=\"es_ES\" \/>\n<meta property=\"og:type\" content=\"article\" \/>\n<meta property=\"og:title\" content=\"Buscar - Nextcloud\" \/>\n<meta property=\"og:description\" content=\"[vc_section el_class=\u00bbtitlebar blueGradient\u00bb css=\u00bb.vc_custom_1725458274701{padding-top: 14rem !important;}\u00bb][vc_row content_placement=\u00bbmiddle\u00bb][vc_column width=\u00bb1\/2&#8243;][vc_column_text css=\u00bb\u00bb el_class=\u00bbpage-title centerMobile\u00bb] Buscar en nuestro sitio [\/vc_column_text][vc_column_text css=\u00bb\u00bb el_class=\u00bbpage-subtitle centerMobile\u00bb] Busque en nuestro sitio utilizando el formulario y encuentre lo que busca. [\/vc_column_text][\/vc_column][vc_column width=\u00bb1\/2&#8243; css=\u00bb.vc_custom_1725458178164{padding-top: 0px !important;}\u00bb][vc_column_text css=\u00bb\u00bb el_class=\u00bbnc_form_container centered\u00bb][\/vc_column_text][\/vc_column][\/vc_row][\/vc_section][vc_section el_class=\u00bbnc_default_section\u00bb][vc_row gap=\u00bb20&#8243; content_placement=\u00bbmiddle\u00bb][vc_column width=\u00bb1\/3&#8243;][vc_column_text css=\u00bb\u00bb] Productos Nextcloud [\/vc_column_text][vc_column_text css=\u00bb\u00bb]Fully self-hosted, Nextcloud app ecosystem provides the benefits [&hellip;]\" \/>\n<meta property=\"og:url\" content=\"https:\/\/nextcloud.com\/es\/buscar\/\" \/>\n<meta property=\"og:site_name\" content=\"Nextcloud\" \/>\n<meta property=\"article:publisher\" content=\"https:\/\/www.facebook.com\/Nextclouders\/\" \/>\n<meta property=\"article:modified_time\" content=\"2024-11-08T13:18:14+00:00\" \/>\n<meta property=\"og:image\" content=\"https:\/\/nextcloud.com\/c\/uploads\/2026\/01\/nextcloud-home-featured-image.png\" \/>\n\t<meta property=\"og:image:width\" content=\"1920\" \/>\n\t<meta property=\"og:image:height\" content=\"1080\" \/>\n\t<meta property=\"og:image:type\" content=\"image\/png\" \/>\n<meta name=\"twitter:card\" content=\"summary_large_image\" \/>\n<meta name=\"twitter:site\" content=\"@nextclouders\" \/>\n<meta name=\"twitter:label1\" content=\"Tiempo de lectura\" \/>\n\t<meta name=\"twitter:data1\" content=\"3 minutos\" \/>\n<script type=\"application\/ld+json\" class=\"yoast-schema-graph\">{\"@context\":\"https:\/\/schema.org\",\"@graph\":[{\"@type\":\"WebPage\",\"@id\":\"https:\/\/nextcloud.com\/es\/buscar\/\",\"url\":\"https:\/\/nextcloud.com\/es\/buscar\/\",\"name\":\"Buscar - Nextcloud\",\"isPartOf\":{\"@id\":\"https:\/\/nextcloud.com\/es\/#website\"},\"datePublished\":\"2022-04-05T14:00:44+00:00\",\"dateModified\":\"2024-11-08T13:18:14+00:00\",\"breadcrumb\":{\"@id\":\"https:\/\/nextcloud.com\/es\/buscar\/#breadcrumb\"},\"inLanguage\":\"es\",\"potentialAction\":[{\"@type\":\"ReadAction\",\"target\":[\"https:\/\/nextcloud.com\/es\/buscar\/\"]}]},{\"@type\":\"BreadcrumbList\",\"@id\":\"https:\/\/nextcloud.com\/es\/buscar\/#breadcrumb\",\"itemListElement\":[{\"@type\":\"ListItem\",\"position\":1,\"name\":\"Home\",\"item\":\"https:\/\/nextcloud.com\/es\/\"},{\"@type\":\"ListItem\",\"position\":2,\"name\":\"Buscar\"}]},{\"@type\":\"WebSite\",\"@id\":\"https:\/\/nextcloud.com\/es\/#website\",\"url\":\"https:\/\/nextcloud.com\/es\/\",\"name\":\"Nextcloud\",\"description\":\"Regain control over your data\",\"publisher\":{\"@id\":\"https:\/\/nextcloud.com\/es\/#organization\"},\"potentialAction\":[{\"@type\":\"SearchAction\",\"target\":{\"@type\":\"EntryPoint\",\"urlTemplate\":\"https:\/\/nextcloud.com\/es\/?s={search_term_string}\"},\"query-input\":{\"@type\":\"PropertyValueSpecification\",\"valueRequired\":true,\"valueName\":\"search_term_string\"}}],\"inLanguage\":\"es\"},{\"@type\":\"Organization\",\"@id\":\"https:\/\/nextcloud.com\/es\/#organization\",\"name\":\"Nextcloud\",\"url\":\"https:\/\/nextcloud.com\/es\/\",\"logo\":{\"@type\":\"ImageObject\",\"inLanguage\":\"es\",\"@id\":\"https:\/\/nextcloud.com\/es\/#\/schema\/logo\/image\/\",\"url\":\"https:\/\/nextcloud.com\/c\/uploads\/2022\/10\/nextcloud-logo-blue-transparent.svg\",\"contentUrl\":\"https:\/\/nextcloud.com\/c\/uploads\/2022\/10\/nextcloud-logo-blue-transparent.svg\",\"width\":\"1024\",\"height\":\"1024\",\"caption\":\"Nextcloud\"},\"image\":{\"@id\":\"https:\/\/nextcloud.com\/es\/#\/schema\/logo\/image\/\"},\"sameAs\":[\"https:\/\/www.facebook.com\/Nextclouders\/\",\"https:\/\/x.com\/nextclouders\",\"https:\/\/www.linkedin.com\/company\/10827569\/\",\"https:\/\/youtube.com\/nextcloud\",\"https:\/\/www.instagram.com\/nextclouders\/\"]}]}<\/script>\n<!-- \/ Yoast SEO plugin. -->","yoast_head_json":{"title":"Buscar - Nextcloud","robots":{"index":"index","follow":"follow","max-snippet":"max-snippet:-1","max-image-preview":"max-image-preview:large","max-video-preview":"max-video-preview:-1"},"canonical":"https:\/\/nextcloud.com\/es\/buscar\/","og_locale":"es_ES","og_type":"article","og_title":"Buscar - Nextcloud","og_description":"[vc_section el_class=\u00bbtitlebar blueGradient\u00bb css=\u00bb.vc_custom_1725458274701{padding-top: 14rem !important;}\u00bb][vc_row content_placement=\u00bbmiddle\u00bb][vc_column width=\u00bb1\/2&#8243;][vc_column_text css=\u00bb\u00bb el_class=\u00bbpage-title centerMobile\u00bb] Buscar en nuestro sitio [\/vc_column_text][vc_column_text css=\u00bb\u00bb el_class=\u00bbpage-subtitle centerMobile\u00bb] Busque en nuestro sitio utilizando el formulario y encuentre lo que busca. [\/vc_column_text][\/vc_column][vc_column width=\u00bb1\/2&#8243; css=\u00bb.vc_custom_1725458178164{padding-top: 0px !important;}\u00bb][vc_column_text css=\u00bb\u00bb el_class=\u00bbnc_form_container centered\u00bb][\/vc_column_text][\/vc_column][\/vc_row][\/vc_section][vc_section el_class=\u00bbnc_default_section\u00bb][vc_row gap=\u00bb20&#8243; content_placement=\u00bbmiddle\u00bb][vc_column width=\u00bb1\/3&#8243;][vc_column_text css=\u00bb\u00bb] Productos Nextcloud [\/vc_column_text][vc_column_text css=\u00bb\u00bb]Fully self-hosted, Nextcloud app ecosystem provides the benefits [&hellip;]","og_url":"https:\/\/nextcloud.com\/es\/buscar\/","og_site_name":"Nextcloud","article_publisher":"https:\/\/www.facebook.com\/Nextclouders\/","article_modified_time":"2024-11-08T13:18:14+00:00","og_image":[{"width":1920,"height":1080,"url":"https:\/\/nextcloud.com\/c\/uploads\/2026\/01\/nextcloud-home-featured-image.png","type":"image\/png"}],"twitter_card":"summary_large_image","twitter_site":"@nextclouders","twitter_misc":{"Tiempo de lectura":"3 minutos"},"schema":{"@context":"https:\/\/schema.org","@graph":[{"@type":"WebPage","@id":"https:\/\/nextcloud.com\/es\/buscar\/","url":"https:\/\/nextcloud.com\/es\/buscar\/","name":"Buscar - Nextcloud","isPartOf":{"@id":"https:\/\/nextcloud.com\/es\/#website"},"datePublished":"2022-04-05T14:00:44+00:00","dateModified":"2024-11-08T13:18:14+00:00","breadcrumb":{"@id":"https:\/\/nextcloud.com\/es\/buscar\/#breadcrumb"},"inLanguage":"es","potentialAction":[{"@type":"ReadAction","target":["https:\/\/nextcloud.com\/es\/buscar\/"]}]},{"@type":"BreadcrumbList","@id":"https:\/\/nextcloud.com\/es\/buscar\/#breadcrumb","itemListElement":[{"@type":"ListItem","position":1,"name":"Home","item":"https:\/\/nextcloud.com\/es\/"},{"@type":"ListItem","position":2,"name":"Buscar"}]},{"@type":"WebSite","@id":"https:\/\/nextcloud.com\/es\/#website","url":"https:\/\/nextcloud.com\/es\/","name":"Nextcloud","description":"Regain control over your data","publisher":{"@id":"https:\/\/nextcloud.com\/es\/#organization"},"potentialAction":[{"@type":"SearchAction","target":{"@type":"EntryPoint","urlTemplate":"https:\/\/nextcloud.com\/es\/?s={search_term_string}"},"query-input":{"@type":"PropertyValueSpecification","valueRequired":true,"valueName":"search_term_string"}}],"inLanguage":"es"},{"@type":"Organization","@id":"https:\/\/nextcloud.com\/es\/#organization","name":"Nextcloud","url":"https:\/\/nextcloud.com\/es\/","logo":{"@type":"ImageObject","inLanguage":"es","@id":"https:\/\/nextcloud.com\/es\/#\/schema\/logo\/image\/","url":"https:\/\/nextcloud.com\/c\/uploads\/2022\/10\/nextcloud-logo-blue-transparent.svg","contentUrl":"https:\/\/nextcloud.com\/c\/uploads\/2022\/10\/nextcloud-logo-blue-transparent.svg","width":"1024","height":"1024","caption":"Nextcloud"},"image":{"@id":"https:\/\/nextcloud.com\/es\/#\/schema\/logo\/image\/"},"sameAs":["https:\/\/www.facebook.com\/Nextclouders\/","https:\/\/x.com\/nextclouders","https:\/\/www.linkedin.com\/company\/10827569\/","https:\/\/youtube.com\/nextcloud","https:\/\/www.instagram.com\/nextclouders\/"]}]}},"_links":{"self":[{"href":"https:\/\/nextcloud.com\/es\/wp-json\/wp\/v2\/pages\/146486","targetHints":{"allow":["GET"]}}],"collection":[{"href":"https:\/\/nextcloud.com\/es\/wp-json\/wp\/v2\/pages"}],"about":[{"href":"https:\/\/nextcloud.com\/es\/wp-json\/wp\/v2\/types\/page"}],"author":[{"embeddable":true,"href":"https:\/\/nextcloud.com\/es\/wp-json\/wp\/v2\/users\/26"}],"replies":[{"embeddable":true,"href":"https:\/\/nextcloud.com\/es\/wp-json\/wp\/v2\/comments?post=146486"}],"version-history":[{"count":5,"href":"https:\/\/nextcloud.com\/es\/wp-json\/wp\/v2\/pages\/146486\/revisions"}],"predecessor-version":[{"id":267144,"href":"https:\/\/nextcloud.com\/es\/wp-json\/wp\/v2\/pages\/146486\/revisions\/267144"}],"wp:attachment":[{"href":"https:\/\/nextcloud.com\/es\/wp-json\/wp\/v2\/media?parent=146486"}],"wp:term":[{"taxonomy":"post_tag","embeddable":true,"href":"https:\/\/nextcloud.com\/es\/wp-json\/wp\/v2\/tags?post=146486"}],"curies":[{"name":"wp","href":"https:\/\/api.w.org\/{rel}","templated":true}]}}