{"id":126662,"date":"2022-03-04T16:57:01","date_gmt":"2022-03-04T15:57:01","guid":{"rendered":"https:\/\/nextcloud.com\/?page_id=126662"},"modified":"2025-08-27T14:17:54","modified_gmt":"2025-08-27T12:17:54","slug":"sign-up","status":"publish","type":"page","link":"https:\/\/nextcloud.com\/es\/sign-up\/","title":{"rendered":"Sign-up"},"content":{"rendered":"<div class=\"wpb-content-wrapper\"><p>[vc_section el_class=\u00bbtitlebar at_home blueGradient\u00bb][vc_row gap=\u00bb20&#8243; css=\u00bb.vc_custom_1709805199707{margin-top: 4rem !important;}\u00bb][vc_column offset=\u00bbvc_col-lg-2\/5 vc_col-md-2\/5&#8243; el_class=\u00bbpositionRelative\u00bb][vc_single_image image=\u00bb206108&#8243; el_class=\u00bbnc-sep-logo signup-icon\u00bb][vc_column_text css=\u00bb\u00bb el_class=\u00bbpage-title centerMobile\u00bb]<\/p>\n<h1>Reg\u00edstrate\u00a0para obtener una cuenta Nextcloud gratuita<\/h1>\n<p>[\/vc_column_text][vc_column_text css=\u00bb.vc_custom_1752127577410{margin-top: 2rem !important;margin-bottom: 2rem !important;}\u00bb el_class=\u00bbpage-subtitle centerMobile\u00bb]Elige uno de nuestros proveedores certificados y de confianza para obtener tu cuenta de usuario dom\u00e9stico gratuita y comenzar a utilizar Nextcloud hoy mismo.[\/vc_column_text][vc_column_text css=\u00bb.vc_custom_1752001084819{margin-top: 2rem !important;margin-bottom: 2rem !important;}\u00bb el_class=\u00bbnc_warning_note\u00bb]<strong>Nota:<\/strong> La cuenta gratuita forma parte de la oferta de socios seleccionados, no de Nextcloud GmbH.<br data-v-ddd5e67e=\"\" \/>Si tienes alg\u00fan problema con tu cuenta, por favor contacta directamente al proveedor con el que te registraste.[\/vc_column_text][\/vc_column][vc_column offset=\u00bbvc_col-lg-3\/5 vc_col-md-3\/5&#8243;][vc_column_text]\n\t<section class=\"section--providers\">\n\t\t<div id=\"register\" class=\"container\"\n\t\t\tdata-ip=\"216.73.216.173\"\n\t\t\tdata-ll=\"{&quot;accuracy_radius&quot;:50,&quot;latitude&quot;:34.0734,&quot;longitude&quot;:-118.0139,&quot;metro_code&quot;:803,&quot;time_zone&quot;:&quot;America\\\/Los_Angeles&quot;}\"\n\t\t\tdata-ocsapi=\"\"\n\t\t\tdata-l10n=\"{&quot;subscribe&quot;:&quot;Suscr\\u00edbase a nuestro bolet\\u00edn&quot;,&quot;email&quot;:&quot;Su correo electr\\u00f3nico&quot;,&quot;success&quot;:&quot;Success! Redirecting you to the provider&quot;,&quot;error&quot;:&quot;Error:&quot;,&quot;processing&quot;:&quot;Creating your account&quot;,&quot;register&quot;:&quot;Reg\\u00edstrese&quot;,&quot;change&quot;:&quot;cambiar de proveedor&quot;,&quot;close&quot;:&quot;cerrar&quot;,&quot;far&quot;:&quot;Far far away&quot;,&quot;geterror&quot;:&quot;Error while retrieving the providers list.&quot;,&quot;tos&quot;:&quot;condiciones del servicio&quot;,&quot;tosagree&quot;:&quot;Acepto las %tos%&quot;,&quot;toserror&quot;:&quot;Please agree to the terms of service&quot;}\"\n\t\t\tdata-officialapps=\"{&quot;files&quot;:&quot;Files&quot;,&quot;calendar&quot;:&quot;Calendar&quot;,&quot;contacts&quot;:&quot;Contacts&quot;,&quot;spreed&quot;:&quot;Talk&quot;,&quot;mail&quot;:&quot;Mail&quot;,&quot;tasks&quot;:&quot;Tasks&quot;,&quot;notes&quot;:&quot;Notes&quot;,&quot;news&quot;:&quot;News&quot;,&quot;twofactor_totp&quot;:&quot;Two-factor authentication&quot;,&quot;twofactor_u2f&quot;:&quot;Two-factor U2F&quot;,&quot;gallery&quot;:&quot;Gallery&quot;,&quot;photos&quot;:&quot;Photos&quot;,&quot;collabora&quot;:&quot;Collabora Online&quot;,&quot;onlyoffice&quot;:&quot;Onlyoffice&quot;,&quot;deck&quot;:&quot;Deck&quot;,&quot;fulltextsearch&quot;:&quot;Full text search&quot;,&quot;mindmaps&quot;:&quot;Mindmaps&quot;,&quot;passman&quot;:&quot;Passman&quot;,&quot;drawio&quot;:&quot;Draw.io&quot;,&quot;bookmarks&quot;:&quot;Bookmarks&quot;,&quot;audioplayer&quot;:&quot;Audioplayer&quot;,&quot;appointments&quot;:&quot;Appointments&quot;}\"\n\t\t\tdata-coreapps=\"[&quot;files&quot;,&quot;calendar&quot;,&quot;contacts&quot;,&quot;spreed&quot;,&quot;mail&quot;,&quot;tasks&quot;,&quot;notes&quot;]\">\n\t\t<\/div>\n\t\t<div id=\"register-details\" class=\"container\"><p><\/p><\/div>\n\t<\/section>\n\n\n[\/vc_column_text][\/vc_column][\/vc_row][\/vc_section][vc_section el_class=\u00bbvertical-page-intro why_section nc_default_section\u00bb css=\u00bb.vc_custom_1673353645405{margin-top: 2rem !important;margin-bottom: 0px !important;}\u00bb el_id=\u00bbwhy_section\u00bb][vc_row gap=\u00bb30&#8243; content_placement=\u00bbmiddle\u00bb css=\u00bb.vc_custom_1663052125396{padding-right: 3rem !important;padding-left: 3rem !important;}\u00bb][vc_column width=\u00bb1\/5&#8243;][\/vc_column][vc_column width=\u00bb3\/5&#8243;][vc_column_text el_class=\u00bbpage-title centerMobile\u00bb]<\/p>\n<h2 style=\"text-align: center;\">El sencillo programa de registro:<br \/>\n\u00a1Tan f\u00e1cil como 1-2-3!<\/h2>\n<p>[\/vc_column_text][vc_separator color=\u00bbcustom\u00bb border_width=\u00bb2&#8243; el_width=\u00bb20&#8243; el_class=\u00bbnc_separator_line\u00bb][\/vc_column][vc_column width=\u00bb1\/5&#8243;][\/vc_column][\/vc_row][vc_row gap=\u00bb30&#8243; equal_height=\u00bbyes\u00bb css=\u00bb.vc_custom_1708503913073{padding-right: 3rem !important;padding-left: 3rem !important;}\u00bb el_class=\u00bbiconboxes\u00bb][vc_column width=\u00bb1\/3&#8243; el_class=\u00bbiconbox\u00bb el_id=\u00bbproviders\u00bb][vc_icon icon_fontawesome=\u00bbfas fa-info-circle\u00bb color=\u00bbcustom\u00bb custom_color=\u00bb#0082c9&#8243; el_class=\u00bbimage-icon\u00bb][vc_column_text]<\/p>\n<h4>Proveedores<\/h4>\n<p>[\/vc_column_text][vc_column_text css=\u00bb\u00bb]Aunque hemos hecho todo lo posible por elegir proveedores de calidad, no podemos asumir ninguna responsabilidad por sus servicios. Si tienes alg\u00fan problema con tu cuenta, ten en cuenta que NO registramos ninguna informaci\u00f3n tuya, por lo que no podemos ayudarte. Ponte en contacto con el proveedor con el que te suscribiste.[\/vc_column_text][\/vc_column][vc_column width=\u00bb1\/3&#8243; el_class=\u00bbiconbox\u00bb][vc_icon icon_fontawesome=\u00bbfas fa-server\u00bb color=\u00bbcustom\u00bb custom_color=\u00bb#0082c9&#8243; el_class=\u00bbimage-icon\u00bb][vc_column_text]<\/p>\n<h4>Cuentas gratuitas<\/h4>\n<p>[\/vc_column_text][vc_column_text css=\u00bb\u00bb]Los servicios gratuitos son, por supuesto, pagados en alguna parte por alguien. Todos los proveedores de Nextcloud que aparecen en la lista ofrecen una cuenta gratuita con 2 a 5 GB de almacenamiento, pero ofrecen un almacenamiento mayor y m\u00e1s opciones, como una configuraci\u00f3n dedicada, por una tarifa, que financia las cuentas gratuitas. Considera la posibilidad de pagar por tu cuenta, \u00a1les ayuda a prestar este servicio![\/vc_column_text][vc_btn title=\u00bbOpina sobre los proveedores\u00bb css=\u00bb\u00bb link=\u00bburl:https%3A%2F%2Fhelp.nextcloud.com%2Fc%2Fhosting%2F14|title:Opine%20sobre%20los%20proveedores|target:_blank\u00bb el_class=\u00bbbtn-main btn-small\u00bb][\/vc_column][vc_column width=\u00bb1\/3&#8243; el_class=\u00bbiconbox\u00bb][vc_icon icon_fontawesome=\u00bbfas fa-shield-alt\u00bb color=\u00bbcustom\u00bb custom_color=\u00bb#0082c9&#8243; el_class=\u00bbimage-icon\u00bb][vc_column_text]<\/p>\n<h4>Privacidad<\/h4>\n<p>[\/vc_column_text][vc_column_text]Al continuar, acepta nuestra pol\u00edtica de privacidad. En resumen, s\u00f3lo manejamos la cantidad m\u00ednima de datos del usuario con el fin de permitir al proveedor crear una cuenta m\u00ednima y no almacenamos ning\u00fan dato personal identificable.[\/vc_column_text][vc_btn title=\u00bbPol\u00edtica de privacidad de Nextcloud\u00bb link=\u00bburl:https%3A%2F%2Fnextcloud.com%2Fprivacy%2F|title:Pol%C3%ADtica%20de%20privacidad%20de%20Nextcloud\u00bb el_class=\u00bbbtn-main btn-small\u00bb][\/vc_column][\/vc_row][\/vc_section][vc_section el_id=\u00bbcta-contact\u00bb el_class=\u00bbcta-contact nc-section-gradient-bg white-text\u00bb css=\u00bb.vc_custom_1663589051447{padding-top: 3rem !important;padding-bottom: 3rem !important;}\u00bb][vc_row content_placement=\u00bbmiddle\u00bb][vc_column el_class=\u00bbtext-right\u00bb][vc_column_text css=\u00bb\u00bb el_class=\u00bbnc-section-title\u00bb]<\/p>\n<h2 style=\"text-align: center;\">\u00bfNo encuentras lo que necesitas?<\/h2>\n<p>[\/vc_column_text][vc_column_text css=\u00bb.vc_custom_1711633928808{margin-bottom: 0px !important;}\u00bb]<\/p>\n<p style=\"text-align: center;\">Cada organizaci\u00f3n es \u00fanica, con necesidades y retos diferentes.<br \/>\nEstaremos encantados de ayudarle a encontrar la soluci\u00f3n perfecta para usted.<\/p>\n<p>[\/vc_column_text][vc_row_inner el_class=\u00bbbtns-inline-centered\u00bb][vc_column_inner el_class=\u00bbbtns-inline-centered\u00bb css=\u00bb.vc_custom_1673354326524{margin-top: 1.5rem !important;}\u00bb][vc_btn title=\u00bbConsulta el foro\u00bb i_icon_fontawesome=\u00bbfas fa-comments\u00bb add_icon=\u00bbtrue\u00bb el_class=\u00bbbtn-white\u00bb link=\u00bburl:https%3A%2F%2Fhelp.nextcloud.com%2F|title:Consulta%20el%20foro|target:_blank\u00bb][vc_btn title=\u00bbPonte en contacto con nosotros\u00bb i_icon_fontawesome=\u00bb\u00bb css=\u00bb\u00bb add_icon=\u00bbtrue\u00bb el_class=\u00bbbtn-white-outline\u00bb link=\u00bburl:https%3A%2F%2Fnextcloud.com%2Fcontact%2F|title:P%C3%B3ngase%20en%20contacto%20con%20nosotros\u00bb][\/vc_column_inner][\/vc_row_inner][\/vc_column][\/vc_row][\/vc_section]<\/p>\n<\/div>","protected":false},"excerpt":{"rendered":"<p>[vc_section el_class=\u00bbtitlebar at_home blueGradient\u00bb][vc_row gap=\u00bb20&#8243; css=\u00bb.vc_custom_1709805199707{margin-top: 4rem !important;}\u00bb][vc_column offset=\u00bbvc_col-lg-2\/5 vc_col-md-2\/5&#8243; el_class=\u00bbpositionRelative\u00bb][vc_single_image image=\u00bb206108&#8243; el_class=\u00bbnc-sep-logo signup-icon\u00bb][vc_column_text css=\u00bb\u00bb el_class=\u00bbpage-title centerMobile\u00bb] Reg\u00edstrate\u00a0para obtener una cuenta Nextcloud gratuita [\/vc_column_text][vc_column_text css=\u00bb.vc_custom_1752127577410{margin-top: 2rem !important;margin-bottom: 2rem !important;}\u00bb el_class=\u00bbpage-subtitle centerMobile\u00bb]Elige uno de nuestros proveedores certificados y de confianza para obtener tu cuenta de usuario dom\u00e9stico gratuita y comenzar a utilizar Nextcloud hoy mismo.[\/vc_column_text][vc_column_text css=\u00bb.vc_custom_1752001084819{margin-top: [&hellip;]<\/p>\n","protected":false},"author":26,"featured_media":0,"parent":0,"menu_order":0,"comment_status":"closed","ping_status":"closed","template":"","meta":{"_acf_changed":false,"inline_featured_image":false,"publish_to_discourse":"","publish_post_category":"","wpdc_auto_publish_overridden":"","wpdc_topic_tags":"","wpdc_pin_topic":"","wpdc_pin_until":"","discourse_post_id":"","discourse_permalink":"","wpdc_publishing_response":"","wpdc_publishing_error":"","footnotes":""},"tags":[],"class_list":["post-126662","page","type-page","status-publish","hentry"],"acf":[],"yoast_head":"<!-- This site is optimized with the Yoast SEO plugin v27.1.1 - https:\/\/yoast.com\/product\/yoast-seo-wordpress\/ -->\n<title>Reg\u00edstrate para obtener una cuenta gratuita de Nextcloud.<\/title>\n<meta name=\"description\" content=\"Elige un proveedor Nextcloud certificado y fiable para crear tu cuenta privada en la nube de forma gratuita y segura.\" \/>\n<meta name=\"robots\" content=\"index, follow, max-snippet:-1, max-image-preview:large, max-video-preview:-1\" \/>\n<link rel=\"canonical\" href=\"https:\/\/nextcloud.com\/es\/sign-up\/\" \/>\n<meta property=\"og:locale\" content=\"es_ES\" \/>\n<meta property=\"og:type\" content=\"article\" \/>\n<meta property=\"og:title\" content=\"Reg\u00edstrate para obtener una cuenta gratuita de Nextcloud.\" \/>\n<meta property=\"og:description\" content=\"Elige un proveedor Nextcloud certificado y fiable para crear tu cuenta privada en la nube de forma gratuita y segura.\" \/>\n<meta property=\"og:url\" content=\"https:\/\/nextcloud.com\/es\/sign-up\/\" \/>\n<meta property=\"og:site_name\" content=\"Nextcloud\" \/>\n<meta property=\"article:publisher\" content=\"https:\/\/www.facebook.com\/Nextclouders\/\" \/>\n<meta property=\"article:modified_time\" content=\"2025-08-27T12:17:54+00:00\" \/>\n<meta property=\"og:image\" content=\"https:\/\/nextcloud.com\/c\/uploads\/2026\/01\/nextcloud-home-featured-image.png\" \/>\n\t<meta property=\"og:image:width\" content=\"1920\" \/>\n\t<meta property=\"og:image:height\" content=\"1080\" \/>\n\t<meta property=\"og:image:type\" content=\"image\/png\" \/>\n<meta name=\"twitter:card\" content=\"summary_large_image\" \/>\n<meta name=\"twitter:site\" content=\"@nextclouders\" \/>\n<meta name=\"twitter:label1\" content=\"Tiempo de lectura\" \/>\n\t<meta name=\"twitter:data1\" content=\"4 minutos\" \/>\n<script type=\"application\/ld+json\" class=\"yoast-schema-graph\">{\"@context\":\"https:\/\/schema.org\",\"@graph\":[{\"@type\":\"WebPage\",\"@id\":\"https:\/\/nextcloud.com\/es\/sign-up\/\",\"url\":\"https:\/\/nextcloud.com\/es\/sign-up\/\",\"name\":\"Reg\u00edstrate para obtener una cuenta gratuita de Nextcloud.\",\"isPartOf\":{\"@id\":\"https:\/\/nextcloud.com\/es\/#website\"},\"datePublished\":\"2022-03-04T15:57:01+00:00\",\"dateModified\":\"2025-08-27T12:17:54+00:00\",\"description\":\"Elige un proveedor Nextcloud certificado y fiable para crear tu cuenta privada en la nube de forma gratuita y segura.\",\"breadcrumb\":{\"@id\":\"https:\/\/nextcloud.com\/es\/sign-up\/#breadcrumb\"},\"inLanguage\":\"es\",\"potentialAction\":[{\"@type\":\"ReadAction\",\"target\":[\"https:\/\/nextcloud.com\/es\/sign-up\/\"]}]},{\"@type\":\"BreadcrumbList\",\"@id\":\"https:\/\/nextcloud.com\/es\/sign-up\/#breadcrumb\",\"itemListElement\":[{\"@type\":\"ListItem\",\"position\":1,\"name\":\"Home\",\"item\":\"https:\/\/nextcloud.com\/es\/\"},{\"@type\":\"ListItem\",\"position\":2,\"name\":\"Sign-up\"}]},{\"@type\":\"WebSite\",\"@id\":\"https:\/\/nextcloud.com\/es\/#website\",\"url\":\"https:\/\/nextcloud.com\/es\/\",\"name\":\"Nextcloud\",\"description\":\"Regain control over your data\",\"publisher\":{\"@id\":\"https:\/\/nextcloud.com\/es\/#organization\"},\"potentialAction\":[{\"@type\":\"SearchAction\",\"target\":{\"@type\":\"EntryPoint\",\"urlTemplate\":\"https:\/\/nextcloud.com\/es\/?s={search_term_string}\"},\"query-input\":{\"@type\":\"PropertyValueSpecification\",\"valueRequired\":true,\"valueName\":\"search_term_string\"}}],\"inLanguage\":\"es\"},{\"@type\":\"Organization\",\"@id\":\"https:\/\/nextcloud.com\/es\/#organization\",\"name\":\"Nextcloud\",\"url\":\"https:\/\/nextcloud.com\/es\/\",\"logo\":{\"@type\":\"ImageObject\",\"inLanguage\":\"es\",\"@id\":\"https:\/\/nextcloud.com\/es\/#\/schema\/logo\/image\/\",\"url\":\"https:\/\/nextcloud.com\/c\/uploads\/2022\/10\/nextcloud-logo-blue-transparent.svg\",\"contentUrl\":\"https:\/\/nextcloud.com\/c\/uploads\/2022\/10\/nextcloud-logo-blue-transparent.svg\",\"width\":\"1024\",\"height\":\"1024\",\"caption\":\"Nextcloud\"},\"image\":{\"@id\":\"https:\/\/nextcloud.com\/es\/#\/schema\/logo\/image\/\"},\"sameAs\":[\"https:\/\/www.facebook.com\/Nextclouders\/\",\"https:\/\/x.com\/nextclouders\",\"https:\/\/www.linkedin.com\/company\/10827569\/\",\"https:\/\/youtube.com\/nextcloud\",\"https:\/\/www.instagram.com\/nextclouders\/\"]}]}<\/script>\n<!-- \/ Yoast SEO plugin. -->","yoast_head_json":{"title":"Reg\u00edstrate para obtener una cuenta gratuita de Nextcloud.","description":"Elige un proveedor Nextcloud certificado y fiable para crear tu cuenta privada en la nube de forma gratuita y segura.","robots":{"index":"index","follow":"follow","max-snippet":"max-snippet:-1","max-image-preview":"max-image-preview:large","max-video-preview":"max-video-preview:-1"},"canonical":"https:\/\/nextcloud.com\/es\/sign-up\/","og_locale":"es_ES","og_type":"article","og_title":"Reg\u00edstrate para obtener una cuenta gratuita de Nextcloud.","og_description":"Elige un proveedor Nextcloud certificado y fiable para crear tu cuenta privada en la nube de forma gratuita y segura.","og_url":"https:\/\/nextcloud.com\/es\/sign-up\/","og_site_name":"Nextcloud","article_publisher":"https:\/\/www.facebook.com\/Nextclouders\/","article_modified_time":"2025-08-27T12:17:54+00:00","og_image":[{"width":1920,"height":1080,"url":"https:\/\/nextcloud.com\/c\/uploads\/2026\/01\/nextcloud-home-featured-image.png","type":"image\/png"}],"twitter_card":"summary_large_image","twitter_site":"@nextclouders","twitter_misc":{"Tiempo de lectura":"4 minutos"},"schema":{"@context":"https:\/\/schema.org","@graph":[{"@type":"WebPage","@id":"https:\/\/nextcloud.com\/es\/sign-up\/","url":"https:\/\/nextcloud.com\/es\/sign-up\/","name":"Reg\u00edstrate para obtener una cuenta gratuita de Nextcloud.","isPartOf":{"@id":"https:\/\/nextcloud.com\/es\/#website"},"datePublished":"2022-03-04T15:57:01+00:00","dateModified":"2025-08-27T12:17:54+00:00","description":"Elige un proveedor Nextcloud certificado y fiable para crear tu cuenta privada en la nube de forma gratuita y segura.","breadcrumb":{"@id":"https:\/\/nextcloud.com\/es\/sign-up\/#breadcrumb"},"inLanguage":"es","potentialAction":[{"@type":"ReadAction","target":["https:\/\/nextcloud.com\/es\/sign-up\/"]}]},{"@type":"BreadcrumbList","@id":"https:\/\/nextcloud.com\/es\/sign-up\/#breadcrumb","itemListElement":[{"@type":"ListItem","position":1,"name":"Home","item":"https:\/\/nextcloud.com\/es\/"},{"@type":"ListItem","position":2,"name":"Sign-up"}]},{"@type":"WebSite","@id":"https:\/\/nextcloud.com\/es\/#website","url":"https:\/\/nextcloud.com\/es\/","name":"Nextcloud","description":"Regain control over your data","publisher":{"@id":"https:\/\/nextcloud.com\/es\/#organization"},"potentialAction":[{"@type":"SearchAction","target":{"@type":"EntryPoint","urlTemplate":"https:\/\/nextcloud.com\/es\/?s={search_term_string}"},"query-input":{"@type":"PropertyValueSpecification","valueRequired":true,"valueName":"search_term_string"}}],"inLanguage":"es"},{"@type":"Organization","@id":"https:\/\/nextcloud.com\/es\/#organization","name":"Nextcloud","url":"https:\/\/nextcloud.com\/es\/","logo":{"@type":"ImageObject","inLanguage":"es","@id":"https:\/\/nextcloud.com\/es\/#\/schema\/logo\/image\/","url":"https:\/\/nextcloud.com\/c\/uploads\/2022\/10\/nextcloud-logo-blue-transparent.svg","contentUrl":"https:\/\/nextcloud.com\/c\/uploads\/2022\/10\/nextcloud-logo-blue-transparent.svg","width":"1024","height":"1024","caption":"Nextcloud"},"image":{"@id":"https:\/\/nextcloud.com\/es\/#\/schema\/logo\/image\/"},"sameAs":["https:\/\/www.facebook.com\/Nextclouders\/","https:\/\/x.com\/nextclouders","https:\/\/www.linkedin.com\/company\/10827569\/","https:\/\/youtube.com\/nextcloud","https:\/\/www.instagram.com\/nextclouders\/"]}]}},"_links":{"self":[{"href":"https:\/\/nextcloud.com\/es\/wp-json\/wp\/v2\/pages\/126662","targetHints":{"allow":["GET"]}}],"collection":[{"href":"https:\/\/nextcloud.com\/es\/wp-json\/wp\/v2\/pages"}],"about":[{"href":"https:\/\/nextcloud.com\/es\/wp-json\/wp\/v2\/types\/page"}],"author":[{"embeddable":true,"href":"https:\/\/nextcloud.com\/es\/wp-json\/wp\/v2\/users\/26"}],"replies":[{"embeddable":true,"href":"https:\/\/nextcloud.com\/es\/wp-json\/wp\/v2\/comments?post=126662"}],"version-history":[{"count":7,"href":"https:\/\/nextcloud.com\/es\/wp-json\/wp\/v2\/pages\/126662\/revisions"}],"predecessor-version":[{"id":331396,"href":"https:\/\/nextcloud.com\/es\/wp-json\/wp\/v2\/pages\/126662\/revisions\/331396"}],"wp:attachment":[{"href":"https:\/\/nextcloud.com\/es\/wp-json\/wp\/v2\/media?parent=126662"}],"wp:term":[{"taxonomy":"post_tag","embeddable":true,"href":"https:\/\/nextcloud.com\/es\/wp-json\/wp\/v2\/tags?post=126662"}],"curies":[{"name":"wp","href":"https:\/\/api.w.org\/{rel}","templated":true}]}}