{"id":76573,"date":"2022-04-05T15:30:25","date_gmt":"2022-04-05T13:30:25","guid":{"rendered":"https:\/\/nextcloud.com\/impressum\/"},"modified":"2025-02-26T09:29:28","modified_gmt":"2025-02-26T08:29:28","slug":"impressum","status":"publish","type":"page","link":"https:\/\/nextcloud.com\/de\/impressum\/","title":{"rendered":"Impressum"},"content":{"rendered":"<div class=\"wpb-content-wrapper\"><p>[vc_section el_class=&#8220;titlebar blue_titlebar&#8220;][vc_row gap=&#8220;20&#8243; content_placement=&#8220;middle&#8220;][vc_column width=&#8220;1\/2&#8243; css=&#8220;.vc_custom_1671008641549{padding-right: 1rem !important;}&#8220;][vc_column_text el_class=&#8220;page-title centerMobile&#8220;]<\/p>\n<h1>Impressum<\/h1>\n<p>[\/vc_column_text][\/vc_column][vc_column width=&#8220;1\/2&#8243;][\/vc_column][\/vc_row][\/vc_section][vc_section el_class=&#8220;nc_default_section&#8220;][vc_row gap=&#8220;35&#8243; equal_height=&#8220;yes&#8220; el_class=&#8220;iconboxes&#8220;][vc_column width=&#8220;1\/2&#8243; el_class=&#8220;iconbox&#8220;][vc_icon icon_fontawesome=&#8220;fas fa-building&#8220; color=&#8220;custom&#8220; custom_color=&#8220;#0082c9&#8243; el_class=&#8220;gradient_icon&#8220;][vc_column_text]<strong>Gesch\u00e4ftsf\u00fchrender Direktor<\/strong><br \/>\nFrank Karlitschek[\/vc_column_text][vc_column_text]Nextcloud GmbH<br \/>\nHauptmannsreute 44a<br \/>\n70192 Stuttgart Germany[\/vc_column_text][vc_column_text]<strong>Registereintrag<\/strong><br \/>\nHandelsregister: HRB 227086<br \/>\nRegistergericht: AG M\u00fcnchen<\/p>\n<p><strong>Umsatzsteuer-ID \/ USt-IdNr:<\/strong><br \/>\nDE307093598[\/vc_column_text][\/vc_column][vc_column width=&#8220;1\/2&#8243; css=&#8220;.vc_custom_1671531777372{padding-top: 1rem !important;padding-right: 1rem !important;padding-bottom: 1rem !important;padding-left: 1rem !important;}&#8220; el_class=&#8220;iconbox&#8220;][vc_icon icon_fontawesome=&#8220;fas fa-envelope&#8220; color=&#8220;custom&#8220; custom_color=&#8220;#0082c9&#8243; el_class=&#8220;gradient_icon&#8220;][vc_column_text el_class=&#8220;iconbox_title&#8220;]<\/p>\n<h4>Kontakt<\/h4>\n<p>[\/vc_column_text][vc_column_text]<strong>Telefon<\/strong>: <a href=\"tel:+49 711 25 24 28 90\">+49 711 25 24 28 90<\/a><br \/>\n<strong>E-Mail<\/strong>: <span id=\"eeb-601860-468405\">contact (at) nextcloud.com<\/span><br \/>\n<strong>Web<\/strong>: https:\/\/nextcloud.com<\/p>\n<p>F\u00fcr die schnellste Antwort nutzen Sie unser\u00a0<a href=\"https:\/\/nextcloud.com\/de\/kontakt\/\">Kontaktformular<\/a>[\/vc_column_text][\/vc_column][\/vc_row][\/vc_section][vc_section el_class=&#8220;nc_default_section&#8220; css=&#8220;.vc_custom_1671530622280{margin-top: 0px !important;margin-bottom: 0px !important;}&#8220;][vc_row gap=&#8220;30&#8243; equal_height=&#8220;yes&#8220;][vc_column width=&#8220;1\/6&#8243; el_class=&#8220;iconbox&#8220;][\/vc_column][vc_column width=&#8220;2\/3&#8243; el_class=&#8220;iconbox&#8220;][vc_column_text el_class=&#8220;nc_text_as_separator&#8220;]<\/p>\n<p style=\"text-align: center;\">F\u00dcR BESUCHER<\/p>\n<p>[\/vc_column_text][vc_column_text]<\/p>\n<h2 style=\"text-align: center;\">Unsere B\u00fcros<\/h2>\n<p>[\/vc_column_text][vc_separator color=&#8220;custom&#8220; border_width=&#8220;2&#8243; el_width=&#8220;20&#8243; accent_color=&#8220;#0082c9&#8243; el_class=&#8220;nc_separator_line&#8220;][\/vc_column][vc_column width=&#8220;1\/6&#8243;][\/vc_column][\/vc_row][vc_row full_width=&#8220;stretch_row&#8220; gap=&#8220;30&#8243; content_placement=&#8220;middle&#8220; el_class=&#8220;iconboxes&#8220;][vc_column width=&#8220;1\/2&#8243;][vc_single_image image=&#8220;151164&#8243; img_size=&#8220;full&#8220; onclick=&#8220;custom_link&#8220; css=&#8220;&#8220; el_class=&#8220;imageRoundShadow popup-video&#8220; link=&#8220;https:\/\/www.openstreetmap.org\/export\/embed.html?bbox=13.382632434368135%2C52.52079085034904%2C13.387111723423006%2C52.52220092161672&amp;layer=mapnik&#8220;][vc_column_text css=&#8220;&#8220;]<\/p>\n<p style=\"text-align: center; font-size: 0.8em;\"><a href=\"https:\/\/www.openstreetmap.org\/copyright\" target=\"_blank\" rel=\"noopener\">\u00a9 OpenStreetMap<\/a><\/p>\n<p>[\/vc_column_text][\/vc_column][vc_column width=&#8220;1\/2&#8243; el_class=&#8220;iconbox col_negative_margin_left&#8220; offset=&#8220;vc_col-lg-3 vc_col-md-6&#8243;][vc_single_image image=&#8220;61527&#8243; img_size=&#8220;full&#8220; el_class=&#8220;image-icon&#8220;][vc_column_text el_class=&#8220;iconbox_title&#8220;]<\/p>\n<h4>Hauptgesch\u00e4ftsstelle Berlin<\/h4>\n<p>[\/vc_column_text][vc_column_text css=&#8220;&#8220;]Nextcloud GmbH<br \/>\nAlbrechtstra\u00dfe 14b,<br \/>\n10117 Berlin, Germany[\/vc_column_text][\/vc_column][vc_column width=&#8220;1\/2&#8243; el_class=&#8220;iconbox marginAuto&#8220; offset=&#8220;vc_col-lg-3 vc_col-md-6&#8243;][vc_single_image image=&#8220;61527&#8243; img_size=&#8220;full&#8220; el_class=&#8220;image-icon&#8220;][vc_column_text el_class=&#8220;iconbox_title&#8220;]<\/p>\n<h4>Nextcloud B\u00fcro Stuttgart<\/h4>\n<p>[\/vc_column_text][vc_column_text]Nextcloud GmbH<br \/>\nHospitalstra\u00dfe 35,<br \/>\n70174 Stuttgart,<br \/>\nDeutschland[\/vc_column_text][\/vc_column][\/vc_row][\/vc_section][vc_section el_class=&#8220;nc_default_section&#8220;][vc_row][vc_column width=&#8220;1\/6&#8243;][\/vc_column][vc_column width=&#8220;2\/3&#8243;][vc_column_text]<\/p>\n<h2 style=\"text-align: center;\">Urheberrecht<\/h2>\n<p>[\/vc_column_text][vc_separator color=&#8220;custom&#8220; border_width=&#8220;2&#8243; el_width=&#8220;20&#8243; accent_color=&#8220;#0082c9&#8243; el_class=&#8220;nc_separator_line&#8220;][vc_column_text]Die durch die Anbieter auf diesen Seiten ver\u00f6ffentlichten Inhalte und Zusammenstellungen unterliegen dem deutschen Urheberrecht. Die Vervielf\u00e4ltigung, Bearbeitung, Verbreitung und jede Art der Verwertung au\u00dferhalb der Grenzen des Urheberrechtes bed\u00fcrfen der schriftlichen Zustimmung des jeweiligen Autors bzw. Erstellers. Downloads und Kopien dieser Seite sind nur f\u00fcr den privaten Gebrauch gestattet.<br \/>\nDie kommerzielle Nutzung unserer Inhalte ohne Zustimmung des Autors ist untersagt.<br \/>\nUrheberrechte Dritter sind zu beachten, soweit die Inhalte auf diesen Seiten nicht vom Anbieter selbst erstellt wurden. Beitr\u00e4ge Dritter auf dieser Seite sind als solche gekennzeichnet. Sollten Sie trotzdem auf eine Urheberrechtsverletzung aufmerksam werden, bitten wir um einen entsprechenden Hinweis. Bei Bekanntwerden von Rechtsverletzungen werden wir derartige Inhalte umgehend entfernen.[\/vc_column_text][vc_btn title=&#8220;Mehr zu unseren Marken&#8220; align=&#8220;center&#8220; link=&#8220;url:https%3A%2F%2Fnextcloud.com%2Ftrademarks%2F|title:Mehr%20zu%20unseren%20Marken&#8220; el_class=&#8220;btn-main&#8220;][\/vc_column][vc_column width=&#8220;1\/6&#8243;][\/vc_column][\/vc_row][\/vc_section]<\/p>\n<\/div>","protected":false},"excerpt":{"rendered":"<p>[vc_section el_class=&#8220;titlebar blue_titlebar&#8220;][vc_row gap=&#8220;20&#8243; content_placement=&#8220;middle&#8220;][vc_column width=&#8220;1\/2&#8243; css=&#8220;.vc_custom_1671008641549{padding-right: 1rem !important;}&#8220;][vc_column_text el_class=&#8220;page-title centerMobile&#8220;] Impressum [\/vc_column_text][\/vc_column][vc_column width=&#8220;1\/2&#8243;][\/vc_column][\/vc_row][\/vc_section][vc_section el_class=&#8220;nc_default_section&#8220;][vc_row gap=&#8220;35&#8243; equal_height=&#8220;yes&#8220; el_class=&#8220;iconboxes&#8220;][vc_column width=&#8220;1\/2&#8243; el_class=&#8220;iconbox&#8220;][vc_icon icon_fontawesome=&#8220;fas fa-building&#8220; color=&#8220;custom&#8220; custom_color=&#8220;#0082c9&#8243; el_class=&#8220;gradient_icon&#8220;][vc_column_text]Gesch\u00e4ftsf\u00fchrender Direktor Frank Karlitschek[\/vc_column_text][vc_column_text]Nextcloud GmbH Hauptmannsreute 44a 70192 Stuttgart Germany[\/vc_column_text][vc_column_text]Registereintrag Handelsregister: HRB 227086 Registergericht: AG M\u00fcnchen Umsatzsteuer-ID \/ USt-IdNr: DE307093598[\/vc_column_text][\/vc_column][vc_column width=&#8220;1\/2&#8243; css=&#8220;.vc_custom_1671531777372{padding-top: 1rem !important;padding-right: 1rem !important;padding-bottom: 1rem !important;padding-left: 1rem !important;}&#8220; el_class=&#8220;iconbox&#8220;][vc_icon [&hellip;]<\/p>\n","protected":false},"author":2,"featured_media":0,"parent":0,"menu_order":0,"comment_status":"closed","ping_status":"closed","template":"","meta":{"_acf_changed":false,"inline_featured_image":false,"publish_to_discourse":"","publish_post_category":"","wpdc_auto_publish_overridden":"","wpdc_topic_tags":"","wpdc_pin_topic":"","wpdc_pin_until":"","discourse_post_id":"","discourse_permalink":"","wpdc_publishing_response":"","wpdc_publishing_error":"","footnotes":""},"tags":[],"class_list":["post-76573","page","type-page","status-publish","hentry"],"acf":[],"yoast_head":"<!-- This site is optimized with the Yoast SEO plugin v27.1.1 - https:\/\/yoast.com\/product\/yoast-seo-wordpress\/ -->\n<title>Impressum - Nextcloud<\/title>\n<meta name=\"robots\" content=\"index, follow, max-snippet:-1, max-image-preview:large, max-video-preview:-1\" \/>\n<link rel=\"canonical\" href=\"https:\/\/nextcloud.com\/de\/impressum\/\" \/>\n<meta property=\"og:locale\" content=\"de_DE\" \/>\n<meta property=\"og:type\" content=\"article\" \/>\n<meta property=\"og:title\" content=\"Impressum - Nextcloud\" \/>\n<meta property=\"og:description\" content=\"[vc_section el_class=&#8220;titlebar blue_titlebar&#8220;][vc_row gap=&#8220;20&#8243; content_placement=&#8220;middle&#8220;][vc_column width=&#8220;1\/2&#8243; css=&#8220;.vc_custom_1671008641549{padding-right: 1rem !important;}&#8220;][vc_column_text el_class=&#8220;page-title centerMobile&#8220;] Impressum [\/vc_column_text][\/vc_column][vc_column width=&#8220;1\/2&#8243;][\/vc_column][\/vc_row][\/vc_section][vc_section el_class=&#8220;nc_default_section&#8220;][vc_row gap=&#8220;35&#8243; equal_height=&#8220;yes&#8220; el_class=&#8220;iconboxes&#8220;][vc_column width=&#8220;1\/2&#8243; el_class=&#8220;iconbox&#8220;][vc_icon icon_fontawesome=&#8220;fas fa-building&#8220; color=&#8220;custom&#8220; custom_color=&#8220;#0082c9&#8243; el_class=&#8220;gradient_icon&#8220;][vc_column_text]Gesch\u00e4ftsf\u00fchrender Direktor Frank Karlitschek[\/vc_column_text][vc_column_text]Nextcloud GmbH Hauptmannsreute 44a 70192 Stuttgart Germany[\/vc_column_text][vc_column_text]Registereintrag Handelsregister: HRB 227086 Registergericht: AG M\u00fcnchen Umsatzsteuer-ID \/ USt-IdNr: DE307093598[\/vc_column_text][\/vc_column][vc_column width=&#8220;1\/2&#8243; css=&#8220;.vc_custom_1671531777372{padding-top: 1rem !important;padding-right: 1rem !important;padding-bottom: 1rem !important;padding-left: 1rem !important;}&#8220; el_class=&#8220;iconbox&#8220;][vc_icon [&hellip;]\" \/>\n<meta property=\"og:url\" content=\"https:\/\/nextcloud.com\/de\/impressum\/\" \/>\n<meta property=\"og:site_name\" content=\"Nextcloud\" \/>\n<meta property=\"article:publisher\" content=\"https:\/\/www.facebook.com\/Nextclouders\/\" \/>\n<meta property=\"article:modified_time\" content=\"2025-02-26T08:29:28+00:00\" \/>\n<meta property=\"og:image\" content=\"https:\/\/nextcloud.com\/c\/uploads\/2026\/01\/nextcloud-home-featured-image.png\" \/>\n\t<meta property=\"og:image:width\" content=\"1920\" \/>\n\t<meta property=\"og:image:height\" content=\"1080\" \/>\n\t<meta property=\"og:image:type\" content=\"image\/png\" \/>\n<meta name=\"twitter:card\" content=\"summary_large_image\" \/>\n<meta name=\"twitter:site\" content=\"@nextclouders\" \/>\n<meta name=\"twitter:label1\" content=\"Gesch\u00e4tzte Lesezeit\" \/>\n\t<meta name=\"twitter:data1\" content=\"3\u00a0Minuten\" \/>\n<script type=\"application\/ld+json\" class=\"yoast-schema-graph\">{\"@context\":\"https:\/\/schema.org\",\"@graph\":[{\"@type\":\"WebPage\",\"@id\":\"https:\/\/nextcloud.com\/de\/impressum\/\",\"url\":\"https:\/\/nextcloud.com\/de\/impressum\/\",\"name\":\"Impressum - Nextcloud\",\"isPartOf\":{\"@id\":\"https:\/\/nextcloud.com\/de\/#website\"},\"datePublished\":\"2022-04-05T13:30:25+00:00\",\"dateModified\":\"2025-02-26T08:29:28+00:00\",\"breadcrumb\":{\"@id\":\"https:\/\/nextcloud.com\/de\/impressum\/#breadcrumb\"},\"inLanguage\":\"de\",\"potentialAction\":[{\"@type\":\"ReadAction\",\"target\":[\"https:\/\/nextcloud.com\/de\/impressum\/\"]}]},{\"@type\":\"BreadcrumbList\",\"@id\":\"https:\/\/nextcloud.com\/de\/impressum\/#breadcrumb\",\"itemListElement\":[{\"@type\":\"ListItem\",\"position\":1,\"name\":\"Home\",\"item\":\"https:\/\/nextcloud.com\/de\/\"},{\"@type\":\"ListItem\",\"position\":2,\"name\":\"Impressum\"}]},{\"@type\":\"WebSite\",\"@id\":\"https:\/\/nextcloud.com\/de\/#website\",\"url\":\"https:\/\/nextcloud.com\/de\/\",\"name\":\"Nextcloud\",\"description\":\"Regain control over your data\",\"publisher\":{\"@id\":\"https:\/\/nextcloud.com\/de\/#organization\"},\"potentialAction\":[{\"@type\":\"SearchAction\",\"target\":{\"@type\":\"EntryPoint\",\"urlTemplate\":\"https:\/\/nextcloud.com\/de\/?s={search_term_string}\"},\"query-input\":{\"@type\":\"PropertyValueSpecification\",\"valueRequired\":true,\"valueName\":\"search_term_string\"}}],\"inLanguage\":\"de\"},{\"@type\":\"Organization\",\"@id\":\"https:\/\/nextcloud.com\/de\/#organization\",\"name\":\"Nextcloud\",\"url\":\"https:\/\/nextcloud.com\/de\/\",\"logo\":{\"@type\":\"ImageObject\",\"inLanguage\":\"de\",\"@id\":\"https:\/\/nextcloud.com\/de\/#\/schema\/logo\/image\/\",\"url\":\"https:\/\/nextcloud.com\/c\/uploads\/2022\/10\/nextcloud-logo-blue-transparent.svg\",\"contentUrl\":\"https:\/\/nextcloud.com\/c\/uploads\/2022\/10\/nextcloud-logo-blue-transparent.svg\",\"width\":\"1024\",\"height\":\"1024\",\"caption\":\"Nextcloud\"},\"image\":{\"@id\":\"https:\/\/nextcloud.com\/de\/#\/schema\/logo\/image\/\"},\"sameAs\":[\"https:\/\/www.facebook.com\/Nextclouders\/\",\"https:\/\/x.com\/nextclouders\",\"https:\/\/www.linkedin.com\/company\/10827569\/\",\"https:\/\/youtube.com\/nextcloud\",\"https:\/\/www.instagram.com\/nextclouders\/\"]}]}<\/script>\n<!-- \/ Yoast SEO plugin. -->","yoast_head_json":{"title":"Impressum - Nextcloud","robots":{"index":"index","follow":"follow","max-snippet":"max-snippet:-1","max-image-preview":"max-image-preview:large","max-video-preview":"max-video-preview:-1"},"canonical":"https:\/\/nextcloud.com\/de\/impressum\/","og_locale":"de_DE","og_type":"article","og_title":"Impressum - Nextcloud","og_description":"[vc_section el_class=&#8220;titlebar blue_titlebar&#8220;][vc_row gap=&#8220;20&#8243; content_placement=&#8220;middle&#8220;][vc_column width=&#8220;1\/2&#8243; css=&#8220;.vc_custom_1671008641549{padding-right: 1rem !important;}&#8220;][vc_column_text el_class=&#8220;page-title centerMobile&#8220;] Impressum [\/vc_column_text][\/vc_column][vc_column width=&#8220;1\/2&#8243;][\/vc_column][\/vc_row][\/vc_section][vc_section el_class=&#8220;nc_default_section&#8220;][vc_row gap=&#8220;35&#8243; equal_height=&#8220;yes&#8220; el_class=&#8220;iconboxes&#8220;][vc_column width=&#8220;1\/2&#8243; el_class=&#8220;iconbox&#8220;][vc_icon icon_fontawesome=&#8220;fas fa-building&#8220; color=&#8220;custom&#8220; custom_color=&#8220;#0082c9&#8243; el_class=&#8220;gradient_icon&#8220;][vc_column_text]Gesch\u00e4ftsf\u00fchrender Direktor Frank Karlitschek[\/vc_column_text][vc_column_text]Nextcloud GmbH Hauptmannsreute 44a 70192 Stuttgart Germany[\/vc_column_text][vc_column_text]Registereintrag Handelsregister: HRB 227086 Registergericht: AG M\u00fcnchen Umsatzsteuer-ID \/ USt-IdNr: DE307093598[\/vc_column_text][\/vc_column][vc_column width=&#8220;1\/2&#8243; css=&#8220;.vc_custom_1671531777372{padding-top: 1rem !important;padding-right: 1rem !important;padding-bottom: 1rem !important;padding-left: 1rem !important;}&#8220; el_class=&#8220;iconbox&#8220;][vc_icon [&hellip;]","og_url":"https:\/\/nextcloud.com\/de\/impressum\/","og_site_name":"Nextcloud","article_publisher":"https:\/\/www.facebook.com\/Nextclouders\/","article_modified_time":"2025-02-26T08:29:28+00:00","og_image":[{"width":1920,"height":1080,"url":"https:\/\/nextcloud.com\/c\/uploads\/2026\/01\/nextcloud-home-featured-image.png","type":"image\/png"}],"twitter_card":"summary_large_image","twitter_site":"@nextclouders","twitter_misc":{"Gesch\u00e4tzte Lesezeit":"3\u00a0Minuten"},"schema":{"@context":"https:\/\/schema.org","@graph":[{"@type":"WebPage","@id":"https:\/\/nextcloud.com\/de\/impressum\/","url":"https:\/\/nextcloud.com\/de\/impressum\/","name":"Impressum - Nextcloud","isPartOf":{"@id":"https:\/\/nextcloud.com\/de\/#website"},"datePublished":"2022-04-05T13:30:25+00:00","dateModified":"2025-02-26T08:29:28+00:00","breadcrumb":{"@id":"https:\/\/nextcloud.com\/de\/impressum\/#breadcrumb"},"inLanguage":"de","potentialAction":[{"@type":"ReadAction","target":["https:\/\/nextcloud.com\/de\/impressum\/"]}]},{"@type":"BreadcrumbList","@id":"https:\/\/nextcloud.com\/de\/impressum\/#breadcrumb","itemListElement":[{"@type":"ListItem","position":1,"name":"Home","item":"https:\/\/nextcloud.com\/de\/"},{"@type":"ListItem","position":2,"name":"Impressum"}]},{"@type":"WebSite","@id":"https:\/\/nextcloud.com\/de\/#website","url":"https:\/\/nextcloud.com\/de\/","name":"Nextcloud","description":"Regain control over your data","publisher":{"@id":"https:\/\/nextcloud.com\/de\/#organization"},"potentialAction":[{"@type":"SearchAction","target":{"@type":"EntryPoint","urlTemplate":"https:\/\/nextcloud.com\/de\/?s={search_term_string}"},"query-input":{"@type":"PropertyValueSpecification","valueRequired":true,"valueName":"search_term_string"}}],"inLanguage":"de"},{"@type":"Organization","@id":"https:\/\/nextcloud.com\/de\/#organization","name":"Nextcloud","url":"https:\/\/nextcloud.com\/de\/","logo":{"@type":"ImageObject","inLanguage":"de","@id":"https:\/\/nextcloud.com\/de\/#\/schema\/logo\/image\/","url":"https:\/\/nextcloud.com\/c\/uploads\/2022\/10\/nextcloud-logo-blue-transparent.svg","contentUrl":"https:\/\/nextcloud.com\/c\/uploads\/2022\/10\/nextcloud-logo-blue-transparent.svg","width":"1024","height":"1024","caption":"Nextcloud"},"image":{"@id":"https:\/\/nextcloud.com\/de\/#\/schema\/logo\/image\/"},"sameAs":["https:\/\/www.facebook.com\/Nextclouders\/","https:\/\/x.com\/nextclouders","https:\/\/www.linkedin.com\/company\/10827569\/","https:\/\/youtube.com\/nextcloud","https:\/\/www.instagram.com\/nextclouders\/"]}]}},"_links":{"self":[{"href":"https:\/\/nextcloud.com\/de\/wp-json\/wp\/v2\/pages\/76573","targetHints":{"allow":["GET"]}}],"collection":[{"href":"https:\/\/nextcloud.com\/de\/wp-json\/wp\/v2\/pages"}],"about":[{"href":"https:\/\/nextcloud.com\/de\/wp-json\/wp\/v2\/types\/page"}],"author":[{"embeddable":true,"href":"https:\/\/nextcloud.com\/de\/wp-json\/wp\/v2\/users\/2"}],"replies":[{"embeddable":true,"href":"https:\/\/nextcloud.com\/de\/wp-json\/wp\/v2\/comments?post=76573"}],"version-history":[{"count":2,"href":"https:\/\/nextcloud.com\/de\/wp-json\/wp\/v2\/pages\/76573\/revisions"}],"predecessor-version":[{"id":290335,"href":"https:\/\/nextcloud.com\/de\/wp-json\/wp\/v2\/pages\/76573\/revisions\/290335"}],"wp:attachment":[{"href":"https:\/\/nextcloud.com\/de\/wp-json\/wp\/v2\/media?parent=76573"}],"wp:term":[{"taxonomy":"post_tag","embeddable":true,"href":"https:\/\/nextcloud.com\/de\/wp-json\/wp\/v2\/tags?post=76573"}],"curies":[{"name":"wp","href":"https:\/\/api.w.org\/{rel}","templated":true}]}}