{"id":150133,"date":"2023-08-10T09:55:15","date_gmt":"2023-08-10T07:55:15","guid":{"rendered":"https:\/\/nextcloud.com\/?page_id=150133"},"modified":"2024-04-03T13:29:42","modified_gmt":"2024-04-03T11:29:42","slug":"fair-use-policy","status":"publish","type":"page","link":"https:\/\/nextcloud.com\/de\/fair-use-policy\/","title":{"rendered":"Fair use policy"},"content":{"rendered":"<div class=\"wpb-content-wrapper\"><p>[vc_section el_class=&#8220;titlebar push_notifications&#8220; css=&#8220;.vc_custom_1666690881755{padding-top: 13rem !important;padding-bottom: 4rem !important;background-image: url(https:\/\/nextcloud.com\/wp-content\/uploads\/2022\/10\/nextcloud-push-notifications.jpg?id=73677) !important;}&#8220;][vc_row content_placement=&#8220;middle&#8220;][vc_column width=&#8220;1\/2&#8243;][vc_column_text el_class=&#8220;page-title centerMobile&#8220;]<\/p>\n<h1>Nextcloud-Richtlinie zur fairen Nutzung und NGO-Programm<\/h1>\n<p>[\/vc_column_text][vc_column_text el_class=&#8220;page-subtitle centerMobile&#8220;][\/vc_column_text][\/vc_column][vc_column width=&#8220;1\/2&#8243;][\/vc_column][\/vc_row][\/vc_section][vc_section el_class=&#8220;vertical-page-intro why_section nc_default_section&#8220; css=&#8220;.vc_custom_1666689216938{margin-top: 0px !important;margin-bottom: 0px !important;}&#8220; el_id=&#8220;why_section&#8220;][vc_row gap=&#8220;30&#8243;][vc_column css=&#8220;.vc_custom_1666707367954{padding-bottom: 20px !important;}&#8220;][vc_column_text]<\/p>\n<p style=\"text-align: center;\">Nextcloud ist <strong>Open Source<\/strong> und Sie k\u00f6nnen es kostenlos auf Ihrem eigenen Server oder bei einem Provider hosten.<\/p>\n<p>[\/vc_column_text][\/vc_column][vc_column width=&#8220;1\/2&#8243;][vc_column_text]Nextcloud empfiehlt die Verwendung von Nextcloud Enterprise f\u00fcr die Bereitstellung von Instanzen mit mehr als 500 Benutzern. Bei dieser Gr\u00f6\u00dfe werden Probleme wie ein defekter Server oder ein Datenleck sehr kritisch. Wenn es ein Problem mit dem Server gibt, k\u00f6nnen 500 Personen nicht arbeiten. Ein Datenleck w\u00fcrde die Daten vieler Benutzer gef\u00e4hrden. Kurz gesagt, der Server sollte als unternehmenskritisch betrachtet werden. Wir glauben, dass Sie mit Nextcloud Enterprise eine bessere Erfahrung machen werden.[\/vc_column_text][\/vc_column][vc_column width=&#8220;1\/2&#8243; el_class=&#8220;push_notifications_contact_form&#8220;][vc_column_text]<\/p>\n<p><strong>Nextcloud Enterprise<\/strong> ist vorkonfiguriert und optimiert f\u00fcr die Bed\u00fcrfnisse professioneller Organisationen und nicht f\u00fcr Privatanwender. Es bietet Support, Sicherheits- und Skalierungsvorteile, Compliance-Expertise und Zugang zu unserem Wissen \u00fcber den erfolgreichen Betrieb von Nextcloud, um die bestm\u00f6gliche Erfahrung f\u00fcr Benutzer und Administratoren zu erzielen. Dies verringert auch die Belastung unseres Home-User-Forums <a href=\"https:\/\/help.nextcloud.com\/\" target=\"_blank\" rel=\"noopener\">https:\/\/help.nextcloud.com<\/a> durch Probleme, die bei gro\u00dfen Implementierungen auftreten.<\/p>\n<p>[\/vc_column_text][\/vc_column][\/vc_row][vc_row gap=&#8220;30&#8243; equal_height=&#8220;yes&#8220; el_class=&#8220;iconboxes&#8220;][vc_column width=&#8220;1\/2&#8243; el_class=&#8220;iconbox&#8220;][vc_icon icon_fontawesome=&#8220;fas fa-cogs&#8220; color=&#8220;custom&#8220; custom_color=&#8220;#0082c9&#8243;][vc_column_text]<\/p>\n<p>Nextcloud stellt einige Infrastrukturkomponenten zur Verf\u00fcgung, die erforderlich sind, damit die Nextcloud-Server zuverl\u00e4ssig funktionieren. Dazu geh\u00f6ren Benachrichtigungsdienste, unser App-Store und mehr. Um sicherzustellen, dass diese Ressourcen nicht von Administratoren \u00fcberlastet werden, die Nextcloud f\u00fcr Tausende von Nutzern betreiben, ohne Nextcloud im Gegenzug finanzielle Mittel zur Verf\u00fcgung zu stellen, sind diese Komponenten begrenzt und funktionieren nicht f\u00fcr mehr als <strong>500 Nutzer<\/strong>.<\/p>\n<p>[\/vc_column_text][\/vc_column][vc_column width=&#8220;1\/2&#8243; el_class=&#8220;iconbox&#8220;][vc_icon icon_fontawesome=&#8220;fas fa-life-ring&#8220; color=&#8220;custom&#8220; custom_color=&#8220;#0082c9&#8243;][vc_column_text]<\/p>\n<p>Als Organisation mit einer eigenen Mission liegt dem Nextcloud-Team viel daran, andere in die Lage zu versetzen, an der Verbesserung unserer Welt zu arbeiten. Wir glauben, dass alle Organisationen, die Nextcloud f\u00fcr Hunderte von Nutzern einsetzen, mit Nextcloud Enterprise am besten bedient sind. Wir wissen, dass es f\u00fcr kleinere Non-Profit-Organisationen finanzielle Einschr\u00e4nkungen geben kann, und da wir m\u00f6chten, dass jeder die Chance hat, das Beste aus Nextcloud herauszuholen, bieten wir eine kostenlose Lizenz f\u00fcr einige <strong>NGOs, kleine Schulen<\/strong> und andere <strong>Non-Profit-Organisationen<\/strong> an. Bitte sprechen Sie mit uns \u00fcber die M\u00f6glichkeiten oder bitten Sie Ihren Systemadministrator, uns zu kontaktieren.<\/p>\n<p>[\/vc_column_text][\/vc_column][vc_column css=&#8220;.vc_custom_1666707356947{padding-top: 50px !important;}&#8220;][vc_column_text]<\/p>\n<p style=\"text-align: center;\">Wenden Sie sich an uns oder bitten Sie Ihren Server-Administrator, mit uns zu sprechen!<\/p>\n<p>[\/vc_column_text][vc_btn title=&#8220;Kontaktieren Sie uns&#8220; align=&#8220;center&#8220; link=&#8220;url:https%3A%2F%2Fnextcloud.com%2Fcontact%2F|title:Kontaktieren%20Sie%20uns&#8220; el_class=&#8220;btn-main&#8220; css=&#8220;.vc_custom_1698669449172{padding-top: 20px !important;}&#8220;][vc_column_text]<\/p>\n<p style=\"text-align: center;\"><strong>Hinweis:<\/strong> Non-Profit-Organisationen, einzelne Schulen und NGOs k\u00f6nnen sich qualifizieren Nextcloud Enterprise kostenlos zu erhalten. Kontaktieren Sie uns einfach.<\/p>\n<p style=\"text-align: center;\"><small><span data-v-57480046=\"\">Wir behalten uns das Recht vor, das Programm ohne vorherige Ank\u00fcndigung zu \u00e4ndern oder einzustellen.<br \/>\n<\/span><span data-v-57480046=\"\"> Die endg\u00fcltige Entscheidung, ob eine Organisation f\u00fcr das NGO-Programm qualifiziert ist oder nicht, wird von der Nextcloud GmbH getroffen.<\/span><small><\/small><\/small><\/p>\n<p>[\/vc_column_text][\/vc_column][\/vc_row][\/vc_section][vc_section el_id=&#8220;cta-contact&#8220; el_class=&#8220;cta-contact nc-section-gradient-bg white-text&#8220; css=&#8220;.vc_custom_1663589051447{padding-top: 3rem !important;padding-bottom: 3rem !important;}&#8220;][vc_row content_placement=&#8220;middle&#8220;][vc_column width=&#8220;1\/2&#8243; el_class=&#8220;text-right&#8220;][vc_column_text el_class=&#8220;nc-section-title&#8220;]<\/p>\n<h2>Kontaktieren Sie uns jetzt<\/h2>\n<p>[\/vc_column_text][vc_column_text css=&#8220;.vc_custom_1698669583928{margin-bottom: 0px !important;}&#8220;]<\/p>\n<p>In unseren <a href=\"https:\/\/nextcloud.com\/blog\/\">Blogs<\/a> k\u00f6nnen Sie verfolgen, was wir vorhaben<br \/>\nund sich f\u00fcr den <a href=\"https:\/\/nextcloud.com\/newsletter\/\">Newsletter<\/a> anmelden.<\/p>\n<p>[\/vc_column_text][\/vc_column][vc_column width=&#8220;1\/2&#8243; el_class=&#8220;cta_buttons&#8220;][vc_btn title=&#8220;Angebot einholen&#8220; align=&#8220;left&#8220; i_icon_fontawesome=&#8220;fas fa-paper-plane&#8220; add_icon=&#8220;true&#8220; el_class=&#8220;btn-white&#8220; link=&#8220;url:https%3A%2F%2Fnextcloud.com%2Fget-a-quote%2F|title:Angebot%20einholen&#8220;][vc_btn title=&#8220;Sprechen Sie mit uns&#8220; align=&#8220;left&#8220; i_icon_fontawesome=&#8220;fas fa-phone-alt&#8220; add_icon=&#8220;true&#8220; el_class=&#8220;btn-white-outline&#8220; link=&#8220;url:tel%3A%20%2B49%20711%2025%2024%2028%2090|title:Sprechen%20Sie%20mit%20uns&#8220;][vc_btn title=&#8220;Newsletter&#8220; align=&#8220;left&#8220; i_icon_fontawesome=&#8220;fas fa-envelope&#8220; add_icon=&#8220;true&#8220; el_class=&#8220;btn-white-outline&#8220; link=&#8220;url:https%3A%2F%2Fnextcloud.com%2Fnewsletter%2F|title:Newsletter&#8220; css=&#8220;.vc_custom_1712143792319{margin-bottom: 0px !important;}&#8220;][\/vc_column][\/vc_row][\/vc_section]<\/p>\n<\/div>","protected":false},"excerpt":{"rendered":"<p>[vc_section el_class=&#8220;titlebar push_notifications&#8220; css=&#8220;.vc_custom_1666690881755{padding-top: 13rem !important;padding-bottom: 4rem !important;background-image: url(https:\/\/nextcloud.com\/wp-content\/uploads\/2022\/10\/nextcloud-push-notifications.jpg?id=73677) !important;}&#8220;][vc_row content_placement=&#8220;middle&#8220;][vc_column width=&#8220;1\/2&#8243;][vc_column_text el_class=&#8220;page-title centerMobile&#8220;] Nextcloud-Richtlinie zur fairen Nutzung und NGO-Programm [\/vc_column_text][vc_column_text el_class=&#8220;page-subtitle centerMobile&#8220;][\/vc_column_text][\/vc_column][vc_column width=&#8220;1\/2&#8243;][\/vc_column][\/vc_row][\/vc_section][vc_section el_class=&#8220;vertical-page-intro why_section nc_default_section&#8220; css=&#8220;.vc_custom_1666689216938{margin-top: 0px !important;margin-bottom: 0px !important;}&#8220; el_id=&#8220;why_section&#8220;][vc_row gap=&#8220;30&#8243;][vc_column css=&#8220;.vc_custom_1666707367954{padding-bottom: 20px !important;}&#8220;][vc_column_text] Nextcloud ist Open Source und Sie k\u00f6nnen es kostenlos auf Ihrem eigenen Server oder bei einem Provider hosten. [&hellip;]<\/p>\n","protected":false},"author":26,"featured_media":0,"parent":0,"menu_order":0,"comment_status":"closed","ping_status":"closed","template":"","meta":{"_acf_changed":false,"inline_featured_image":false,"publish_to_discourse":"","publish_post_category":"","wpdc_auto_publish_overridden":"","wpdc_topic_tags":"","wpdc_pin_topic":"","wpdc_pin_until":"","discourse_post_id":"","discourse_permalink":"","wpdc_publishing_response":"","wpdc_publishing_error":"","footnotes":""},"tags":[],"class_list":["post-150133","page","type-page","status-publish","hentry"],"acf":[],"yoast_head":"<!-- This site is optimized with the Yoast SEO plugin v27.1.1 - https:\/\/yoast.com\/product\/yoast-seo-wordpress\/ -->\n<title>Fair use policy - Nextcloud<\/title>\n<meta name=\"robots\" content=\"index, follow, max-snippet:-1, max-image-preview:large, max-video-preview:-1\" \/>\n<link rel=\"canonical\" href=\"https:\/\/nextcloud.com\/de\/fair-use-policy\/\" \/>\n<meta property=\"og:locale\" content=\"de_DE\" \/>\n<meta property=\"og:type\" content=\"article\" \/>\n<meta property=\"og:title\" content=\"Fair use policy - Nextcloud\" \/>\n<meta property=\"og:description\" content=\"[vc_section el_class=&#8220;titlebar push_notifications&#8220; css=&#8220;.vc_custom_1666690881755{padding-top: 13rem !important;padding-bottom: 4rem !important;background-image: url(https:\/\/nextcloud.com\/wp-content\/uploads\/2022\/10\/nextcloud-push-notifications.jpg?id=73677) !important;}&#8220;][vc_row content_placement=&#8220;middle&#8220;][vc_column width=&#8220;1\/2&#8243;][vc_column_text el_class=&#8220;page-title centerMobile&#8220;] Nextcloud-Richtlinie zur fairen Nutzung und NGO-Programm [\/vc_column_text][vc_column_text el_class=&#8220;page-subtitle centerMobile&#8220;][\/vc_column_text][\/vc_column][vc_column width=&#8220;1\/2&#8243;][\/vc_column][\/vc_row][\/vc_section][vc_section el_class=&#8220;vertical-page-intro why_section nc_default_section&#8220; css=&#8220;.vc_custom_1666689216938{margin-top: 0px !important;margin-bottom: 0px !important;}&#8220; el_id=&#8220;why_section&#8220;][vc_row gap=&#8220;30&#8243;][vc_column css=&#8220;.vc_custom_1666707367954{padding-bottom: 20px !important;}&#8220;][vc_column_text] Nextcloud ist Open Source und Sie k\u00f6nnen es kostenlos auf Ihrem eigenen Server oder bei einem Provider hosten. [&hellip;]\" \/>\n<meta property=\"og:url\" content=\"https:\/\/nextcloud.com\/de\/fair-use-policy\/\" \/>\n<meta property=\"og:site_name\" content=\"Nextcloud\" \/>\n<meta property=\"article:publisher\" content=\"https:\/\/www.facebook.com\/Nextclouders\/\" \/>\n<meta property=\"article:modified_time\" content=\"2024-04-03T11:29:42+00:00\" \/>\n<meta property=\"og:image\" content=\"https:\/\/nextcloud.com\/c\/uploads\/2026\/01\/nextcloud-home-featured-image.png\" \/>\n\t<meta property=\"og:image:width\" content=\"1920\" \/>\n\t<meta property=\"og:image:height\" content=\"1080\" \/>\n\t<meta property=\"og:image:type\" content=\"image\/png\" \/>\n<meta name=\"twitter:card\" content=\"summary_large_image\" \/>\n<meta name=\"twitter:site\" content=\"@nextclouders\" \/>\n<meta name=\"twitter:label1\" content=\"Gesch\u00e4tzte Lesezeit\" \/>\n\t<meta name=\"twitter:data1\" content=\"4\u00a0Minuten\" \/>\n<script type=\"application\/ld+json\" class=\"yoast-schema-graph\">{\"@context\":\"https:\/\/schema.org\",\"@graph\":[{\"@type\":\"WebPage\",\"@id\":\"https:\/\/nextcloud.com\/de\/fair-use-policy\/\",\"url\":\"https:\/\/nextcloud.com\/de\/fair-use-policy\/\",\"name\":\"Fair use policy - Nextcloud\",\"isPartOf\":{\"@id\":\"https:\/\/nextcloud.com\/de\/#website\"},\"datePublished\":\"2023-08-10T07:55:15+00:00\",\"dateModified\":\"2024-04-03T11:29:42+00:00\",\"breadcrumb\":{\"@id\":\"https:\/\/nextcloud.com\/de\/fair-use-policy\/#breadcrumb\"},\"inLanguage\":\"de\",\"potentialAction\":[{\"@type\":\"ReadAction\",\"target\":[\"https:\/\/nextcloud.com\/de\/fair-use-policy\/\"]}]},{\"@type\":\"BreadcrumbList\",\"@id\":\"https:\/\/nextcloud.com\/de\/fair-use-policy\/#breadcrumb\",\"itemListElement\":[{\"@type\":\"ListItem\",\"position\":1,\"name\":\"Home\",\"item\":\"https:\/\/nextcloud.com\/de\/\"},{\"@type\":\"ListItem\",\"position\":2,\"name\":\"Fair use policy\"}]},{\"@type\":\"WebSite\",\"@id\":\"https:\/\/nextcloud.com\/de\/#website\",\"url\":\"https:\/\/nextcloud.com\/de\/\",\"name\":\"Nextcloud\",\"description\":\"Regain control over your data\",\"publisher\":{\"@id\":\"https:\/\/nextcloud.com\/de\/#organization\"},\"potentialAction\":[{\"@type\":\"SearchAction\",\"target\":{\"@type\":\"EntryPoint\",\"urlTemplate\":\"https:\/\/nextcloud.com\/de\/?s={search_term_string}\"},\"query-input\":{\"@type\":\"PropertyValueSpecification\",\"valueRequired\":true,\"valueName\":\"search_term_string\"}}],\"inLanguage\":\"de\"},{\"@type\":\"Organization\",\"@id\":\"https:\/\/nextcloud.com\/de\/#organization\",\"name\":\"Nextcloud\",\"url\":\"https:\/\/nextcloud.com\/de\/\",\"logo\":{\"@type\":\"ImageObject\",\"inLanguage\":\"de\",\"@id\":\"https:\/\/nextcloud.com\/de\/#\/schema\/logo\/image\/\",\"url\":\"https:\/\/nextcloud.com\/c\/uploads\/2022\/10\/nextcloud-logo-blue-transparent.svg\",\"contentUrl\":\"https:\/\/nextcloud.com\/c\/uploads\/2022\/10\/nextcloud-logo-blue-transparent.svg\",\"width\":\"1024\",\"height\":\"1024\",\"caption\":\"Nextcloud\"},\"image\":{\"@id\":\"https:\/\/nextcloud.com\/de\/#\/schema\/logo\/image\/\"},\"sameAs\":[\"https:\/\/www.facebook.com\/Nextclouders\/\",\"https:\/\/x.com\/nextclouders\",\"https:\/\/www.linkedin.com\/company\/10827569\/\",\"https:\/\/youtube.com\/nextcloud\",\"https:\/\/www.instagram.com\/nextclouders\/\"]}]}<\/script>\n<!-- \/ Yoast SEO plugin. -->","yoast_head_json":{"title":"Fair use policy - Nextcloud","robots":{"index":"index","follow":"follow","max-snippet":"max-snippet:-1","max-image-preview":"max-image-preview:large","max-video-preview":"max-video-preview:-1"},"canonical":"https:\/\/nextcloud.com\/de\/fair-use-policy\/","og_locale":"de_DE","og_type":"article","og_title":"Fair use policy - Nextcloud","og_description":"[vc_section el_class=&#8220;titlebar push_notifications&#8220; css=&#8220;.vc_custom_1666690881755{padding-top: 13rem !important;padding-bottom: 4rem !important;background-image: url(https:\/\/nextcloud.com\/wp-content\/uploads\/2022\/10\/nextcloud-push-notifications.jpg?id=73677) !important;}&#8220;][vc_row content_placement=&#8220;middle&#8220;][vc_column width=&#8220;1\/2&#8243;][vc_column_text el_class=&#8220;page-title centerMobile&#8220;] Nextcloud-Richtlinie zur fairen Nutzung und NGO-Programm [\/vc_column_text][vc_column_text el_class=&#8220;page-subtitle centerMobile&#8220;][\/vc_column_text][\/vc_column][vc_column width=&#8220;1\/2&#8243;][\/vc_column][\/vc_row][\/vc_section][vc_section el_class=&#8220;vertical-page-intro why_section nc_default_section&#8220; css=&#8220;.vc_custom_1666689216938{margin-top: 0px !important;margin-bottom: 0px !important;}&#8220; el_id=&#8220;why_section&#8220;][vc_row gap=&#8220;30&#8243;][vc_column css=&#8220;.vc_custom_1666707367954{padding-bottom: 20px !important;}&#8220;][vc_column_text] Nextcloud ist Open Source und Sie k\u00f6nnen es kostenlos auf Ihrem eigenen Server oder bei einem Provider hosten. [&hellip;]","og_url":"https:\/\/nextcloud.com\/de\/fair-use-policy\/","og_site_name":"Nextcloud","article_publisher":"https:\/\/www.facebook.com\/Nextclouders\/","article_modified_time":"2024-04-03T11:29:42+00:00","og_image":[{"width":1920,"height":1080,"url":"https:\/\/nextcloud.com\/c\/uploads\/2026\/01\/nextcloud-home-featured-image.png","type":"image\/png"}],"twitter_card":"summary_large_image","twitter_site":"@nextclouders","twitter_misc":{"Gesch\u00e4tzte Lesezeit":"4\u00a0Minuten"},"schema":{"@context":"https:\/\/schema.org","@graph":[{"@type":"WebPage","@id":"https:\/\/nextcloud.com\/de\/fair-use-policy\/","url":"https:\/\/nextcloud.com\/de\/fair-use-policy\/","name":"Fair use policy - Nextcloud","isPartOf":{"@id":"https:\/\/nextcloud.com\/de\/#website"},"datePublished":"2023-08-10T07:55:15+00:00","dateModified":"2024-04-03T11:29:42+00:00","breadcrumb":{"@id":"https:\/\/nextcloud.com\/de\/fair-use-policy\/#breadcrumb"},"inLanguage":"de","potentialAction":[{"@type":"ReadAction","target":["https:\/\/nextcloud.com\/de\/fair-use-policy\/"]}]},{"@type":"BreadcrumbList","@id":"https:\/\/nextcloud.com\/de\/fair-use-policy\/#breadcrumb","itemListElement":[{"@type":"ListItem","position":1,"name":"Home","item":"https:\/\/nextcloud.com\/de\/"},{"@type":"ListItem","position":2,"name":"Fair use policy"}]},{"@type":"WebSite","@id":"https:\/\/nextcloud.com\/de\/#website","url":"https:\/\/nextcloud.com\/de\/","name":"Nextcloud","description":"Regain control over your data","publisher":{"@id":"https:\/\/nextcloud.com\/de\/#organization"},"potentialAction":[{"@type":"SearchAction","target":{"@type":"EntryPoint","urlTemplate":"https:\/\/nextcloud.com\/de\/?s={search_term_string}"},"query-input":{"@type":"PropertyValueSpecification","valueRequired":true,"valueName":"search_term_string"}}],"inLanguage":"de"},{"@type":"Organization","@id":"https:\/\/nextcloud.com\/de\/#organization","name":"Nextcloud","url":"https:\/\/nextcloud.com\/de\/","logo":{"@type":"ImageObject","inLanguage":"de","@id":"https:\/\/nextcloud.com\/de\/#\/schema\/logo\/image\/","url":"https:\/\/nextcloud.com\/c\/uploads\/2022\/10\/nextcloud-logo-blue-transparent.svg","contentUrl":"https:\/\/nextcloud.com\/c\/uploads\/2022\/10\/nextcloud-logo-blue-transparent.svg","width":"1024","height":"1024","caption":"Nextcloud"},"image":{"@id":"https:\/\/nextcloud.com\/de\/#\/schema\/logo\/image\/"},"sameAs":["https:\/\/www.facebook.com\/Nextclouders\/","https:\/\/x.com\/nextclouders","https:\/\/www.linkedin.com\/company\/10827569\/","https:\/\/youtube.com\/nextcloud","https:\/\/www.instagram.com\/nextclouders\/"]}]}},"_links":{"self":[{"href":"https:\/\/nextcloud.com\/de\/wp-json\/wp\/v2\/pages\/150133","targetHints":{"allow":["GET"]}}],"collection":[{"href":"https:\/\/nextcloud.com\/de\/wp-json\/wp\/v2\/pages"}],"about":[{"href":"https:\/\/nextcloud.com\/de\/wp-json\/wp\/v2\/types\/page"}],"author":[{"embeddable":true,"href":"https:\/\/nextcloud.com\/de\/wp-json\/wp\/v2\/users\/26"}],"replies":[{"embeddable":true,"href":"https:\/\/nextcloud.com\/de\/wp-json\/wp\/v2\/comments?post=150133"}],"version-history":[{"count":0,"href":"https:\/\/nextcloud.com\/de\/wp-json\/wp\/v2\/pages\/150133\/revisions"}],"wp:attachment":[{"href":"https:\/\/nextcloud.com\/de\/wp-json\/wp\/v2\/media?parent=150133"}],"wp:term":[{"taxonomy":"post_tag","embeddable":true,"href":"https:\/\/nextcloud.com\/de\/wp-json\/wp\/v2\/tags?post=150133"}],"curies":[{"name":"wp","href":"https:\/\/api.w.org\/{rel}","templated":true}]}}