{"id":148877,"date":"2022-04-05T16:00:44","date_gmt":"2022-04-05T14:00:44","guid":{"rendered":"https:\/\/nextcloud.com\/?page_id=148877"},"modified":"2025-11-21T09:55:59","modified_gmt":"2025-11-21T08:55:59","slug":"suche","status":"publish","type":"page","link":"https:\/\/nextcloud.com\/de\/suche\/","title":{"rendered":"Suche"},"content":{"rendered":"<div class=\"wpb-content-wrapper\"><p>[vc_section el_class=&#8220;titlebar blueGradient&#8220; css=&#8220;.vc_custom_1725458274701{padding-top: 14rem !important;}&#8220;][vc_row content_placement=&#8220;middle&#8220;][vc_column width=&#8220;1\/2&#8243;][vc_column_text css=&#8220;&#8220; el_class=&#8220;page-title centerMobile&#8220;]<\/p>\n<h1>Suche auf unserer Website<\/h1>\n<p>[\/vc_column_text][vc_column_text css=&#8220;&#8220; el_class=&#8220;page-subtitle centerMobile&#8220;]<\/p>\n<p>Durchsuchen Sie unsere Website mithilfe des Suchfensters und finden Sie passende Informationen.<\/p>\n<p>[\/vc_column_text][\/vc_column][vc_column width=&#8220;1\/2&#8243; css=&#8220;.vc_custom_1725458178164{padding-top: 0px !important;}&#8220;][vc_column_text css=&#8220;&#8220; el_class=&#8220;nc_form_container centered&#8220;]<form id='wpes-form-1612' role=\"search\" method=\"get\" class=\"search-form \" action=\"https:\/\/nextcloud.com\/de\/\">\n\t\t<label>\n\t\t    <span class=\"screen-reader-text\">Suche nach:<\/span>\n\t\t    <input type=\"search\" class=\"search-field \" placeholder=\"Suchen \u2026\" value=\"\" name=\"s\" \/>\n\t\t<\/label>\n\t\t<input type=\"submit\" class=\"search-submit \" value=\"Search\" \/><input type='hidden' value='1612' name='wpessid' \/><\/form>[\/vc_column_text][\/vc_column][\/vc_row][\/vc_section][vc_section el_class=&#8220;nc_default_section&#8220;][vc_row gap=&#8220;20&#8243; content_placement=&#8220;middle&#8220;][vc_column width=&#8220;1\/3&#8243;][vc_column_text css=&#8220;&#8220;]<\/p>\n<h3>Nextcloud Produkte<\/h3>\n<p>[\/vc_column_text][vc_column_text css=&#8220;&#8220;]Das vollst\u00e4ndig selbst gehostete Nextcloud-App-\u00d6kosystem bietet die Vorteile der Online-Zusammenarbeit ohne die Compliance- und Sicherheitsrisiken.[\/vc_column_text][\/vc_column][vc_column width=&#8220;2\/3&#8243;][vc_column_text css=&#8220;&#8220;]<\/p>\n<ul class=\"nc-list two-cols\">\n<li><a class=\"hyperlink\" href=\"https:\/\/nextcloud.com\/de\/hub\/\">Nextcloud Hub <\/a><\/li>\n<li><a class=\"hyperlink\" href=\"https:\/\/nextcloud.com\/de\/files\/\">Nextcloud Files <\/a><\/li>\n<li><a class=\"hyperlink\" href=\"https:\/\/nextcloud.com\/de\/talk\/\">Nextcloud Talk <\/a><\/li>\n<li><a class=\"hyperlink\" href=\"https:\/\/nextcloud.com\/de\/groupware\/\">Nextcloud Groupware <\/a><\/li>\n<li><a class=\"hyperlink\" href=\"https:\/\/nextcloud.com\/de\/office\/\">Online-Dokumentenbearbeitung mit Office<\/a><\/li>\n<li><a class=\"hyperlink\" href=\"https:\/\/nextcloud.com\/de\/assistant\/\">Nextcloud Assistant<\/a><\/li>\n<li><a href=\"https:\/\/nextcloud.com\/de\/roundcube\/\">Roundcube<\/a><\/li>\n<li><a href=\"https:\/\/nextcloud.com\/de\/microsoft-integrationen\/\">Integrationen mit Microsoft<\/a><\/li>\n<\/ul>\n<p>[\/vc_column_text][\/vc_column][\/vc_row][\/vc_section][vc_section el_class=&#8220;nc_default_section&#8220;][vc_row gap=&#8220;15&#8243; content_placement=&#8220;middle&#8220;][vc_column width=&#8220;1\/3&#8243;][vc_column_text css=&#8220;&#8220;]<\/p>\n<h3>Nextcloud L\u00f6sungen<\/h3>\n<p>[\/vc_column_text][vc_column_text css=&#8220;&#8220;]Nextcloud wurde f\u00fcr den gesch\u00e4ftskritischen Einsatz optimiert und getestet und hilft Ihnen dabei, echte digitale Souver\u00e4nit\u00e4t zu erreichen und die Compliance-Anforderungen Ihrer Branche vollst\u00e4ndig einzuhalten.[\/vc_column_text][\/vc_column][vc_column width=&#8220;2\/3&#8243;][vc_column_text css=&#8220;&#8220;]<\/p>\n<ul class=\"nc-list two-cols\">\n<li><a class=\"hyperlink\" href=\"https:\/\/nextcloud.com\/de\/enterprise\/\">Nextcloud Enterprise<\/a><\/li>\n<li><a href=\"https:\/\/nextcloud.com\/de\/regierung\/\">\u00d6ffentliche Verwaltung<\/a><\/li>\n<li><a href=\"https:\/\/nextcloud.com\/de\/unternehmen\/\">Unternehmen<\/a><\/li>\n<li><a href=\"https:\/\/nextcloud.com\/de\/service-providers\/\">Service Provider<\/a><\/li>\n<li><a href=\"https:\/\/nextcloud.com\/de\/bildungswesen\/\">Bildung<\/a><\/li>\n<li><a href=\"https:\/\/nextcloud.com\/de\/privatnutzer\/\">Nextcloud f\u00fcr Privatanwender<\/a><\/li>\n<\/ul>\n<p>[\/vc_column_text][\/vc_column][\/vc_row][\/vc_section][vc_section el_class=&#8220;nc_default_section&#8220;][vc_row gap=&#8220;15&#8243; content_placement=&#8220;middle&#8220;][vc_column width=&#8220;1\/3&#8243;][vc_column_text css=&#8220;&#8220;]<\/p>\n<h3>Nextcloud Funktionen<\/h3>\n<p>[\/vc_column_text][vc_column_text css=&#8220;&#8220;]Nextcloud Hub ist eine zuverl\u00e4ssige, sichere Plattform f\u00fcr die Zusammenarbeit, die wichtige Funktionen wie Dateifreigabe, Ende-zu-Ende-Verschl\u00fcsselung, F\u00f6deration, Compliance und vieles mehr bietet.[\/vc_column_text][\/vc_column][vc_column width=&#8220;2\/3&#8243;][vc_column_text css=&#8220;&#8220;]<\/p>\n<ul class=\"nc-list two-cols\">\n<li><a class=\"hyperlink\" href=\"https:\/\/nextcloud.com\/de\/funktionen\/#clients\">Mobil- und Desktop-Clients<\/a><\/li>\n<li><a class=\"hyperlink\" href=\"https:\/\/nextcloud.com\/de\/funktionen\/#permissions\">Sichere Dateifreigabe<\/a><\/li>\n<li><a class=\"hyperlink\" href=\"https:\/\/nextcloud.com\/de\/funktionen\/#file-drop\">Upload von Kundendateien (File Drop)<\/a><\/li>\n<li><a class=\"hyperlink\" href=\"https:\/\/nextcloud.com\/de\/funktionen\/#dashboard\">Dashboard<\/a><\/li>\n<li><a class=\"hyperlink\" href=\"https:\/\/nextcloud.com\/de\/funktionen\/#unified-search\">Suche<\/a><\/li>\n<li><a class=\"hyperlink\" href=\"https:\/\/nextcloud.com\/de\/funktionen\/#storage\">Speicheroptionen<\/a><\/li>\n<li><a class=\"hyperlink\" href=\"https:\/\/nextcloud.com\/de\/funktionen\/#user-management\">Benutzerverwaltung und Authentifizierung<\/a><\/li>\n<li><a class=\"hyperlink\" href=\"https:\/\/nextcloud.com\/de\/funktionen\/#monitoring\">\u00dcberwachung und Auditierung<\/a><\/li>\n<li><a class=\"hyperlink\" href=\"https:\/\/nextcloud.com\/de\/funktionen\/#flow\">Nextcloud Flow<\/a><\/li>\n<li><a href=\"https:\/\/nextcloud.com\/de\/funktionen\/#federation\">Nextcloud Federation<\/a><\/li>\n<li><a href=\"https:\/\/nextcloud.com\/de\/funktionen\/#whiteboard\">Nextcloud Whiteboard<\/a><\/li>\n<li><a class=\"hyperlink\" href=\"https:\/\/nextcloud.com\/de\/funktionen\/#global-scale\">Skalierbarkeit<\/a><\/li>\n<li><a class=\"hyperlink\" href=\"https:\/\/nextcloud.com\/de\/microsoft-integrationen\/\">Microsoft Integrationen<\/a><\/li>\n<li><a class=\"hyperlink\" href=\"https:\/\/nextcloud.com\/onlyoffice\/\">Online-Dokumentenbearbeitung mit ONLYOFFICE<\/a><\/li>\n<li class=\"highlighted\"><a href=\"https:\/\/nextcloud.com\/de\/funktionen\/\">Mehr auf Funktionen Seite<\/a><\/li>\n<\/ul>\n<p>[\/vc_column_text][\/vc_column][\/vc_row][\/vc_section][vc_section el_class=&#8220;nc_default_section&#8220;][vc_row gap=&#8220;15&#8243; content_placement=&#8220;middle&#8220;][vc_column width=&#8220;1\/3&#8243;][vc_column_text css=&#8220;&#8220;]<\/p>\n<h3>Sicherheit und Compliance<\/h3>\n<p>[\/vc_column_text][vc_column_text css=&#8220;&#8220;]Nextcloud ist so konzipiert, dass die Daten der Nutzer durch mehrere Schutzschichten gesch\u00fctzt werden.[\/vc_column_text][\/vc_column][vc_column width=&#8220;2\/3&#8243;][vc_column_text css=&#8220;&#8220;]<\/p>\n<ul class=\"nc-list two-cols\">\n<li><a class=\"hyperlink\" href=\"https:\/\/nextcloud.com\/de\/secure\/\">Sicherheit<\/a><\/li>\n<li><a class=\"hyperlink\" href=\"https:\/\/nextcloud.com\/de\/verschlusselung\/\">Verschl\u00fcsselung<\/a><\/li>\n<li><a class=\"hyperlink\" href=\"https:\/\/nextcloud.com\/de\/funktionen\/#end-to-end\">Ende-zu-Ende-Verschl\u00fcsselung<\/a><\/li>\n<li><a class=\"hyperlink\" href=\"https:\/\/nextcloud.com\/de\/funktionen\/#vdr\">Virtuelle Datenr\u00e4ume<\/a><\/li>\n<li><a class=\"hyperlink\" href=\"https:\/\/nextcloud.com\/security\/\">Sicherheitsberichte<\/a><\/li>\n<li><a class=\"hyperlink\" href=\"https:\/\/nextcloud.com\/de\/compliance\/\">Einhaltung von Compliance-Richtlinien (DSGVO, HIPAA und mehr)<\/a><\/li>\n<\/ul>\n<p>[\/vc_column_text][\/vc_column][\/vc_row][\/vc_section][vc_section el_class=&#8220;nc_default_section&#8220;][vc_row gap=&#8220;15&#8243; content_placement=&#8220;middle&#8220;][vc_column width=&#8220;1\/3&#8243;][vc_column_text css=&#8220;&#8220;]<\/p>\n<h3>Andere<\/h3>\n<p>[\/vc_column_text][vc_column_text css=&#8220;&#8220;]Hier finden Sie weitere n\u00fctzliche Links, unter denen Sie mehr \u00fcber die Bedeutung des sicheren Austauschs, den Nutzen einer Plattform f\u00fcr die Zusammenarbeit von Inhalten, unsere Markenpolitik oder unsere Markenrichtlinien erfahren k\u00f6nnen.[\/vc_column_text][\/vc_column][vc_column width=&#8220;2\/3&#8243;][vc_column_text css=&#8220;&#8220;]<\/p>\n<ul class=\"nc-list two-cols\">\n<li><a class=\"hyperlink\" href=\"https:\/\/nextcloud.com\/de\/sicherer-dateiaustausch\/\">\u00dcber die Bedeutung der sicheren gemeinsamen Nutzung<\/a><\/li>\n<li><a class=\"hyperlink\" href=\"https:\/\/nextcloud.com\/de\/enterprise-file-sync-and-sharing-efss\/\">Was ist Enterprise File Sync and Share (EFSS)?<\/a><\/li>\n<li><a class=\"hyperlink\" href=\"https:\/\/nextcloud.com\/de\/kollaborationsplattform\/\">Was ist eine Content Collaboration Platform?<\/a><\/li>\n<li><a class=\"hyperlink\" href=\"https:\/\/nextcloud.com\/de\/entwickeln\/\">Ressourcen f\u00fcr Entwickler<\/a><\/li>\n<li><a class=\"hyperlink\" href=\"https:\/\/nextcloud.com\/de\/privacy\/\">Unsere Datenschutzrichtlinien<\/a><\/li>\n<li><a class=\"hyperlink\" href=\"https:\/\/nextcloud.com\/trademarks\/\">Unsere Warenzeichenrichtlinien<\/a><\/li>\n<li><a href=\"https:\/\/nextcloud.com\/de\/brand\/\">Unsere Markenrichtlinien<\/a><\/li>\n<\/ul>\n<p>[\/vc_column_text][\/vc_column][\/vc_row][\/vc_section]<\/p>\n<\/div>","protected":false},"excerpt":{"rendered":"<p>[vc_section el_class=&#8220;titlebar blueGradient&#8220; css=&#8220;.vc_custom_1725458274701{padding-top: 14rem !important;}&#8220;][vc_row content_placement=&#8220;middle&#8220;][vc_column width=&#8220;1\/2&#8243;][vc_column_text css=&#8220;&#8220; el_class=&#8220;page-title centerMobile&#8220;] Suche auf unserer Website [\/vc_column_text][vc_column_text css=&#8220;&#8220; el_class=&#8220;page-subtitle centerMobile&#8220;] Durchsuchen Sie unsere Website mithilfe des Suchfensters und finden Sie passende Informationen. [\/vc_column_text][\/vc_column][vc_column width=&#8220;1\/2&#8243; css=&#8220;.vc_custom_1725458178164{padding-top: 0px !important;}&#8220;][vc_column_text css=&#8220;&#8220; el_class=&#8220;nc_form_container centered&#8220;][\/vc_column_text][\/vc_column][\/vc_row][\/vc_section][vc_section el_class=&#8220;nc_default_section&#8220;][vc_row gap=&#8220;20&#8243; content_placement=&#8220;middle&#8220;][vc_column width=&#8220;1\/3&#8243;][vc_column_text css=&#8220;&#8220;] Nextcloud Produkte [\/vc_column_text][vc_column_text css=&#8220;&#8220;]Das vollst\u00e4ndig selbst gehostete Nextcloud-App-\u00d6kosystem bietet die Vorteile [&hellip;]<\/p>\n","protected":false},"author":26,"featured_media":0,"parent":0,"menu_order":0,"comment_status":"closed","ping_status":"closed","template":"","meta":{"_acf_changed":false,"inline_featured_image":false,"publish_to_discourse":"","publish_post_category":"","wpdc_auto_publish_overridden":"","wpdc_topic_tags":"","wpdc_pin_topic":"","wpdc_pin_until":"","discourse_post_id":"","discourse_permalink":"","wpdc_publishing_response":"","wpdc_publishing_error":"","footnotes":""},"tags":[],"class_list":["post-148877","page","type-page","status-publish","hentry"],"acf":[],"yoast_head":"<!-- This site is optimized with the Yoast SEO plugin v27.1.1 - https:\/\/yoast.com\/product\/yoast-seo-wordpress\/ -->\n<title>Entdecken Sie unsere Inhalte - Nextcloud<\/title>\n<meta name=\"description\" content=\"Erkunden Sie unser Produktportfolio und finden Sie Informationen zu Branchenl\u00f6sungen, Funktionen sowie alles rund um Sicherheit &amp; Compliance.\" \/>\n<meta name=\"robots\" content=\"index, follow, max-snippet:-1, max-image-preview:large, max-video-preview:-1\" \/>\n<link rel=\"canonical\" href=\"https:\/\/nextcloud.com\/de\/suche\/\" \/>\n<meta property=\"og:locale\" content=\"de_DE\" \/>\n<meta property=\"og:type\" content=\"article\" \/>\n<meta property=\"og:title\" content=\"Entdecken Sie unsere Inhalte - Nextcloud\" \/>\n<meta property=\"og:description\" content=\"Erkunden Sie unser Produktportfolio und finden Sie Informationen zu Branchenl\u00f6sungen, Funktionen sowie alles rund um Sicherheit &amp; Compliance.\" \/>\n<meta property=\"og:url\" content=\"https:\/\/nextcloud.com\/de\/suche\/\" \/>\n<meta property=\"og:site_name\" content=\"Nextcloud\" \/>\n<meta property=\"article:publisher\" content=\"https:\/\/www.facebook.com\/Nextclouders\/\" \/>\n<meta property=\"article:modified_time\" content=\"2025-11-21T08:55:59+00:00\" \/>\n<meta property=\"og:image\" content=\"https:\/\/nextcloud.com\/c\/uploads\/2026\/01\/nextcloud-home-featured-image.png\" \/>\n\t<meta property=\"og:image:width\" content=\"1920\" \/>\n\t<meta property=\"og:image:height\" content=\"1080\" \/>\n\t<meta property=\"og:image:type\" content=\"image\/png\" \/>\n<meta name=\"twitter:card\" content=\"summary_large_image\" \/>\n<meta name=\"twitter:site\" content=\"@nextclouders\" \/>\n<meta name=\"twitter:label1\" content=\"Gesch\u00e4tzte Lesezeit\" \/>\n\t<meta name=\"twitter:data1\" content=\"3\u00a0Minuten\" \/>\n<script type=\"application\/ld+json\" class=\"yoast-schema-graph\">{\"@context\":\"https:\/\/schema.org\",\"@graph\":[{\"@type\":\"WebPage\",\"@id\":\"https:\/\/nextcloud.com\/de\/suche\/\",\"url\":\"https:\/\/nextcloud.com\/de\/suche\/\",\"name\":\"Entdecken Sie unsere Inhalte - Nextcloud\",\"isPartOf\":{\"@id\":\"https:\/\/nextcloud.com\/de\/#website\"},\"datePublished\":\"2022-04-05T14:00:44+00:00\",\"dateModified\":\"2025-11-21T08:55:59+00:00\",\"description\":\"Erkunden Sie unser Produktportfolio und finden Sie Informationen zu Branchenl\u00f6sungen, Funktionen sowie alles rund um Sicherheit & Compliance.\",\"breadcrumb\":{\"@id\":\"https:\/\/nextcloud.com\/de\/suche\/#breadcrumb\"},\"inLanguage\":\"de\",\"potentialAction\":[{\"@type\":\"ReadAction\",\"target\":[\"https:\/\/nextcloud.com\/de\/suche\/\"]}]},{\"@type\":\"BreadcrumbList\",\"@id\":\"https:\/\/nextcloud.com\/de\/suche\/#breadcrumb\",\"itemListElement\":[{\"@type\":\"ListItem\",\"position\":1,\"name\":\"Home\",\"item\":\"https:\/\/nextcloud.com\/de\/\"},{\"@type\":\"ListItem\",\"position\":2,\"name\":\"Suche\"}]},{\"@type\":\"WebSite\",\"@id\":\"https:\/\/nextcloud.com\/de\/#website\",\"url\":\"https:\/\/nextcloud.com\/de\/\",\"name\":\"Nextcloud\",\"description\":\"Regain control over your data\",\"publisher\":{\"@id\":\"https:\/\/nextcloud.com\/de\/#organization\"},\"potentialAction\":[{\"@type\":\"SearchAction\",\"target\":{\"@type\":\"EntryPoint\",\"urlTemplate\":\"https:\/\/nextcloud.com\/de\/?s={search_term_string}\"},\"query-input\":{\"@type\":\"PropertyValueSpecification\",\"valueRequired\":true,\"valueName\":\"search_term_string\"}}],\"inLanguage\":\"de\"},{\"@type\":\"Organization\",\"@id\":\"https:\/\/nextcloud.com\/de\/#organization\",\"name\":\"Nextcloud\",\"url\":\"https:\/\/nextcloud.com\/de\/\",\"logo\":{\"@type\":\"ImageObject\",\"inLanguage\":\"de\",\"@id\":\"https:\/\/nextcloud.com\/de\/#\/schema\/logo\/image\/\",\"url\":\"https:\/\/nextcloud.com\/c\/uploads\/2022\/10\/nextcloud-logo-blue-transparent.svg\",\"contentUrl\":\"https:\/\/nextcloud.com\/c\/uploads\/2022\/10\/nextcloud-logo-blue-transparent.svg\",\"width\":\"1024\",\"height\":\"1024\",\"caption\":\"Nextcloud\"},\"image\":{\"@id\":\"https:\/\/nextcloud.com\/de\/#\/schema\/logo\/image\/\"},\"sameAs\":[\"https:\/\/www.facebook.com\/Nextclouders\/\",\"https:\/\/x.com\/nextclouders\",\"https:\/\/www.linkedin.com\/company\/10827569\/\",\"https:\/\/youtube.com\/nextcloud\",\"https:\/\/www.instagram.com\/nextclouders\/\"]}]}<\/script>\n<!-- \/ Yoast SEO plugin. -->","yoast_head_json":{"title":"Entdecken Sie unsere Inhalte - Nextcloud","description":"Erkunden Sie unser Produktportfolio und finden Sie Informationen zu Branchenl\u00f6sungen, Funktionen sowie alles rund um Sicherheit & Compliance.","robots":{"index":"index","follow":"follow","max-snippet":"max-snippet:-1","max-image-preview":"max-image-preview:large","max-video-preview":"max-video-preview:-1"},"canonical":"https:\/\/nextcloud.com\/de\/suche\/","og_locale":"de_DE","og_type":"article","og_title":"Entdecken Sie unsere Inhalte - Nextcloud","og_description":"Erkunden Sie unser Produktportfolio und finden Sie Informationen zu Branchenl\u00f6sungen, Funktionen sowie alles rund um Sicherheit & Compliance.","og_url":"https:\/\/nextcloud.com\/de\/suche\/","og_site_name":"Nextcloud","article_publisher":"https:\/\/www.facebook.com\/Nextclouders\/","article_modified_time":"2025-11-21T08:55:59+00:00","og_image":[{"width":1920,"height":1080,"url":"https:\/\/nextcloud.com\/c\/uploads\/2026\/01\/nextcloud-home-featured-image.png","type":"image\/png"}],"twitter_card":"summary_large_image","twitter_site":"@nextclouders","twitter_misc":{"Gesch\u00e4tzte Lesezeit":"3\u00a0Minuten"},"schema":{"@context":"https:\/\/schema.org","@graph":[{"@type":"WebPage","@id":"https:\/\/nextcloud.com\/de\/suche\/","url":"https:\/\/nextcloud.com\/de\/suche\/","name":"Entdecken Sie unsere Inhalte - Nextcloud","isPartOf":{"@id":"https:\/\/nextcloud.com\/de\/#website"},"datePublished":"2022-04-05T14:00:44+00:00","dateModified":"2025-11-21T08:55:59+00:00","description":"Erkunden Sie unser Produktportfolio und finden Sie Informationen zu Branchenl\u00f6sungen, Funktionen sowie alles rund um Sicherheit & Compliance.","breadcrumb":{"@id":"https:\/\/nextcloud.com\/de\/suche\/#breadcrumb"},"inLanguage":"de","potentialAction":[{"@type":"ReadAction","target":["https:\/\/nextcloud.com\/de\/suche\/"]}]},{"@type":"BreadcrumbList","@id":"https:\/\/nextcloud.com\/de\/suche\/#breadcrumb","itemListElement":[{"@type":"ListItem","position":1,"name":"Home","item":"https:\/\/nextcloud.com\/de\/"},{"@type":"ListItem","position":2,"name":"Suche"}]},{"@type":"WebSite","@id":"https:\/\/nextcloud.com\/de\/#website","url":"https:\/\/nextcloud.com\/de\/","name":"Nextcloud","description":"Regain control over your data","publisher":{"@id":"https:\/\/nextcloud.com\/de\/#organization"},"potentialAction":[{"@type":"SearchAction","target":{"@type":"EntryPoint","urlTemplate":"https:\/\/nextcloud.com\/de\/?s={search_term_string}"},"query-input":{"@type":"PropertyValueSpecification","valueRequired":true,"valueName":"search_term_string"}}],"inLanguage":"de"},{"@type":"Organization","@id":"https:\/\/nextcloud.com\/de\/#organization","name":"Nextcloud","url":"https:\/\/nextcloud.com\/de\/","logo":{"@type":"ImageObject","inLanguage":"de","@id":"https:\/\/nextcloud.com\/de\/#\/schema\/logo\/image\/","url":"https:\/\/nextcloud.com\/c\/uploads\/2022\/10\/nextcloud-logo-blue-transparent.svg","contentUrl":"https:\/\/nextcloud.com\/c\/uploads\/2022\/10\/nextcloud-logo-blue-transparent.svg","width":"1024","height":"1024","caption":"Nextcloud"},"image":{"@id":"https:\/\/nextcloud.com\/de\/#\/schema\/logo\/image\/"},"sameAs":["https:\/\/www.facebook.com\/Nextclouders\/","https:\/\/x.com\/nextclouders","https:\/\/www.linkedin.com\/company\/10827569\/","https:\/\/youtube.com\/nextcloud","https:\/\/www.instagram.com\/nextclouders\/"]}]}},"_links":{"self":[{"href":"https:\/\/nextcloud.com\/de\/wp-json\/wp\/v2\/pages\/148877","targetHints":{"allow":["GET"]}}],"collection":[{"href":"https:\/\/nextcloud.com\/de\/wp-json\/wp\/v2\/pages"}],"about":[{"href":"https:\/\/nextcloud.com\/de\/wp-json\/wp\/v2\/types\/page"}],"author":[{"embeddable":true,"href":"https:\/\/nextcloud.com\/de\/wp-json\/wp\/v2\/users\/26"}],"replies":[{"embeddable":true,"href":"https:\/\/nextcloud.com\/de\/wp-json\/wp\/v2\/comments?post=148877"}],"version-history":[{"count":16,"href":"https:\/\/nextcloud.com\/de\/wp-json\/wp\/v2\/pages\/148877\/revisions"}],"predecessor-version":[{"id":353846,"href":"https:\/\/nextcloud.com\/de\/wp-json\/wp\/v2\/pages\/148877\/revisions\/353846"}],"wp:attachment":[{"href":"https:\/\/nextcloud.com\/de\/wp-json\/wp\/v2\/media?parent=148877"}],"wp:term":[{"taxonomy":"post_tag","embeddable":true,"href":"https:\/\/nextcloud.com\/de\/wp-json\/wp\/v2\/tags?post=148877"}],"curies":[{"name":"wp","href":"https:\/\/api.w.org\/{rel}","templated":true}]}}