{"id":148871,"date":"2022-04-08T19:02:38","date_gmt":"2022-04-08T17:02:38","guid":{"rendered":"https:\/\/nextcloud.com\/?page_id=148871"},"modified":"2025-06-18T11:37:20","modified_gmt":"2025-06-18T09:37:20","slug":"geraete","status":"publish","type":"page","link":"https:\/\/nextcloud.com\/de\/geraete\/","title":{"rendered":"Ger\u00e4te"},"content":{"rendered":"<section class=\"page-hero-section gr\"><div class=\"container\">\r\n\t<div class=\"row\">\r\n\t\t<div class=\"col-lg-9\">\r\n\t\t\t<div class=\"section-title\">\r\n\t\t\t\t<h1>Professionelle Hosting-Hardware f\u00fcr den privaten Gebrauch<\/h1><p>Unternehmen um uns herum bauen Hardware, auf der Nextcloud sofort l\u00e4uft.<\/p>\t\t\t<\/div>\r\n\t\t<\/div>\r\n\t<\/div>\r\n<\/div>\r\n<\/section>\n\n<section class=\"columns4-section\" id=\"\">\n\t<div class=\"container\">\n\t\t<div class=\"row spacer align-items-center\"><div class=\"col-lg-6 order-lg-1\"><div class=\"image-slider\"><div><img decoding=\"async\" class=\"no-shd\" src=\"https:\/\/nextcloud.com\/c\/uploads\/2022\/04\/TrueNAS-banner.jpg\" alt=\"\"\/><\/div><\/div><\/div><div class=\"col-lg-6 order-lg-0\"><div class=\"text-block\"><h3>Nextcloud auf TrueNAS<\/h3><div class=\"mobile-media\"><div class=\"image-slider\"><div><img decoding=\"async\" class=\"no-shd\" src=\"https:\/\/nextcloud.com\/c\/uploads\/2022\/04\/TrueNAS-banner.jpg\" alt=\"\"\/><\/div><\/div><\/div><p>F\u00fcgen Sie Nextcloud Ihrem NAS hinzu<\/p>\n<p>TrueNAS ist eine Open-Source Speicherl\u00f6sung die vom privaten Heimserver bis zu Systemen mit \u00fcber 20PB skaliert und millionenfach genutzt wird. Nextcloud Hub wird auf TrueNAS Systemen offiziell unterst\u00fctzt und l\u00e4sst sich mit nur wenigen Klicks ganz einfach mit der offiziellen Nextcloud Hub Anwendung installieren. Gemeinsam bieten Nextcloud und TrueNAS eine extrem vielseitige und verl\u00e4ssliche Kollaborations- und Speicherplattform an.<\/p>\n<p><em>F\u00fcr Unternehmen<\/em><\/p>\n<a class=\"c-btn btn-blue\" href=\"https:\/\/www.truenas.com\/docs\/core\/solutions\/integrations\/nextcloud\/\" target=\"_blank\">Loslegen<\/a><\/div><\/div><\/div><div class=\"row spacer align-items-center\"><div class=\"col-lg-6 order-lg-0\"><div class=\"image-slider\"><div><img decoding=\"async\" class=\"no-shd\" src=\"https:\/\/nextcloud.com\/c\/uploads\/2022\/04\/nextbox.png\" alt=\"\"\/><\/div><\/div><\/div><div class=\"col-lg-6 order-lg-1\"><div class=\"text-block\"><h3>Nitrokey NextBox \u2013 Deine private Cloud f\u00fcr Zuhause<\/h3><div class=\"mobile-media\"><div class=\"image-slider\"><div><img decoding=\"async\" class=\"no-shd\" src=\"https:\/\/nextcloud.com\/c\/uploads\/2022\/04\/nextbox.png\" alt=\"\"\/><\/div><\/div><\/div><p>Die Cloud bei Ihnen zu Hause oder im B\u00fcro. Mit NextBox bekommen Sie alles, was Sie f\u00fcr Ihre sichere und private Cloud brauchen.<\/p>\n<ul>\n<li>F\u00fcr Fotos, Videos, Backups, Dateien, Adressb\u00fccher, Kalender, Office und mehr<\/li>\n<li>Komplettes Geh\u00e4use aus Aluminium: Perfekte Ruhe, passive K\u00fchlung, geeignet f\u00fcr das Wohnzimmer<\/li>\n<li>Einfache Bedienung ohne technische Administration, inklusive externem Zugang<\/li>\n<li>Automatische, langj\u00e4hrige Updates ohne monatliche Kosten<\/li>\n<li>Basierend auf Debian Buster &#038; RaspberryPi 4<\/li>\n<\/ul>\n<p><em>Kommerziell<\/em><\/p>\n<a class=\"c-btn btn-blue\" href=\"https:\/\/shop.nitrokey.com\/shop\/product\/nextbox-116\" target=\"_blank\">Mehr \u00fcber NextBox erfahren<\/a><\/div><\/div><\/div><div class=\"row spacer align-items-center\"><div class=\"col-lg-6 order-lg-1\"><div class=\"image-slider\"><div><img decoding=\"async\" class=\"no-shd\" src=\"https:\/\/nextcloud.com\/c\/uploads\/2022\/04\/homedrive.png\" alt=\"\"\/><\/div><\/div><\/div><div class=\"col-lg-6 order-lg-0\"><div class=\"text-block\"><h3>HomeDrive<\/h3><div class=\"mobile-media\"><div class=\"image-slider\"><div><img decoding=\"async\" class=\"no-shd\" src=\"https:\/\/nextcloud.com\/c\/uploads\/2022\/04\/homedrive.png\" alt=\"\"\/><\/div><\/div><\/div><p>Einfaches Nextcloud-Hosting von zu Hause \u2013 mit Zugriff auf Ihre Daten von \u00fcberall auf der Welt. <\/p>\n<ul>\n<li>HomeDrive bietet einen einfachen Weg an, Nextcloud zu Hause zu hosten. Es ben\u00f6tigt keinerlei Konfiguration und aktualisiert sich automatisch.<\/li>\n<li>Zum Einrichten von HomeDrive wird es nur an Ihren Router angeschlossen. Sie k\u00f6nnen sofort von jedem Ort der Welt aus mit einem benutzerdefinierten Domainnamen auf Ihre Daten zugreifen.<\/li>\n<li>Datenverkehr von oder zu Ihrem HomeDrive server sind Ende-zu-Ende verschl\u00fcsselt um Ihre Sicherheit und Datenschutz zu gew\u00e4hrleisten<\/li>\n<\/ul>\n<p><em>Kommerziell<\/em><\/p>\n<a class=\"c-btn btn-blue\" href=\"https:\/\/www.homedrive.io\/\" target=\"_blank\">Mehr \u00fcber HomeDrive erfahren<\/a><\/div><\/div><\/div><div class=\"row spacer align-items-center\"><div class=\"col-lg-6 order-lg-0\"><div class=\"image-slider\"><div><img decoding=\"async\" class=\"no-shd\" src=\"https:\/\/nextcloud.com\/c\/uploads\/2022\/04\/syncloud.jpg\" alt=\"\"\/><\/div><\/div><\/div><div class=\"col-lg-6 order-lg-1\"><div class=\"text-block\"><h3>Syncloud<\/h3><div class=\"mobile-media\"><div class=\"image-slider\"><div><img decoding=\"async\" class=\"no-shd\" src=\"https:\/\/nextcloud.com\/c\/uploads\/2022\/04\/syncloud.jpg\" alt=\"\"\/><\/div><\/div><\/div><p>Syncloud ist ein Heimserver, welcher Nextcloud vollst\u00e4ndig unterst\u00fctzt.<\/p>\n<p>Es unterst\u00fctzt eine einfache Installation und Aktivierung, eine Auswahl unterschiedlicher Hardware und 10+ Single-Board-Computer, einfache Nutzung externer Laufwerke, Domainnamen f\u00fcr das Ger\u00e4t und Zugriff auf das Ger\u00e4t \u00fcber das Internet, automatische HTTPS Einrichtung und weitere Anwendungen.<\/p>\n<p><em>Kommerziell<\/em> <\/p>\n<a class=\"c-btn btn-blue\" href=\"http:\/\/syncloud.org\/\" target=\"_blank\">Mehr \u00fcber Syncloud erfahren<\/a><\/div><\/div><\/div><div class=\"row spacer align-items-center\"><div class=\"col-lg-6 order-lg-1\"><div class=\"image-slider\"><div><p class=\"caption\">Picture of a Raspberry Pi in a case with a NextcloudPi logo<\/p><img decoding=\"async\" class=\"no-shd\" src=\"https:\/\/nextcloud.com\/c\/uploads\/2022\/10\/nextcloudpi.png\" alt=\"\"\/><\/div><\/div><\/div><div class=\"col-lg-6 order-lg-0\"><div class=\"text-block\"><h3>NextcloudPi<\/h3><div class=\"mobile-media\"><div class=\"image-slider\"><div><img decoding=\"async\" class=\"no-shd\" src=\"https:\/\/nextcloud.com\/c\/uploads\/2022\/10\/nextcloudpi.png\" alt=\"\"\/><\/div><\/div><\/div><p>Bauen Sie Ihr eigenes Nextcloud-Ger\u00e4t!<\/p>\n<p>NextcloudPi ist ein Projekt der Community, das einen vorinstallierten und vorkonfigurierten Nextcloud-Server bietet, der urspr\u00fcnglich f\u00fcr Raspberry Pi und \u00e4hnliche Entwicklungsboards entwickelt wurde. Es enth\u00e4lt eine Verwaltungsschnittstelle mit allen Werkzeugen, die Sie ben\u00f6tigen, um Ihre privaten Daten selbst zu hosten, in einem einzigen Paket und funktioniert auf einer Vielzahl von Ger\u00e4ten.<\/p>\n<p>NextcloudPi ist kostenlos und lebt nur von Ihrer Hilfe, Ihrem Feedback und Ihrer Unterst\u00fctzung!<\/p>\n<p><em>Do-It-Yourself Community<\/em><\/p>\n<a class=\"c-btn btn-blue\" href=\"https:\/\/nextcloudpi.com\/\" target=\"_blank\">Mehr \u00fcber NextcloudPi<\/a><\/div><\/div><\/div>\t<\/div>\n<\/section>\n\n<section class=\"columns4-section\" id=\"\">\n\t<div class=\"container\">\n\t\t<div class=\"row\"><div class=\"col-12\"><div class=\"section-title\"><h2>Ausverkauft oder nicht mehr lieferbar<\/h2><\/div><\/div><\/div><div class=\"row spacer align-items-center\"><div class=\"col-lg-6 order-lg-1\"><div class=\"image-slider\"><div><img decoding=\"async\" class=\"no-shd\" src=\"https:\/\/nextcloud.com\/c\/uploads\/2022\/04\/ubosbox-nextcloud-on-nuc-model-a-on-500x375-1.png\" alt=\"\"\/><\/div><\/div><\/div><div class=\"col-lg-6 order-lg-0\"><div class=\"text-block\"><h3>UBOSbox Nextcloud Home\/Office Server<\/h3><div class=\"mobile-media\"><div class=\"image-slider\"><div><img decoding=\"async\" class=\"no-shd\" src=\"https:\/\/nextcloud.com\/c\/uploads\/2022\/04\/ubosbox-nextcloud-on-nuc-model-a-on-500x375-1.png\" alt=\"\"\/><\/div><\/div><\/div><p>Vollst\u00e4ndig zusammengebaut, basierend auf ARM Prozessoren und optionalem Verwaltungsdienst.<\/p>\n<ul>\n<li>Vorkonfiguriert: UBOS Linux (vorinstalliert) und Nextcloud mit Apps (automatische Installation beim ersten Starten)<\/li>\n<li>Kann auch ohne Monitor und Tastatur eingerichtet und gewartet werden<\/li>\n<li>Einfache Verwaltung im Alltag: Upgrades, Backups, Netzwerkeinstellungen und mehr sind nur ein einziger Befehl<\/li>\n<li>Verschiedene Varianten mit unterschiedlichen ARM Prozessoren erh\u00e4ltlich<\/li>\n<\/ul>\n<p><em>Kommerziell<\/em><\/p>\n<a class=\"c-btn btn-blue\" href=\"https:\/\/indiecomputing.com\/products\/\" target=\"_blank\">Mehr \u00fcber UBOSbox Nextcloud erfahren<\/a><\/div><\/div><\/div><div class=\"row spacer align-items-center\"><div class=\"col-lg-6 order-lg-0\"><div class=\"image-slider\"><div><img decoding=\"async\" class=\"no-shd\" src=\"https:\/\/nextcloud.com\/c\/uploads\/2022\/04\/MOX.png\" alt=\"\"\/><\/div><\/div><\/div><div class=\"col-lg-6 order-lg-1\"><div class=\"text-block\"><h3>Turris MOX: Cloud<\/h3><div class=\"mobile-media\"><div class=\"image-slider\"><div><img decoding=\"async\" class=\"no-shd\" src=\"https:\/\/nextcloud.com\/c\/uploads\/2022\/04\/MOX.png\" alt=\"\"\/><\/div><\/div><\/div><p>Dieser modulare Router ist mit einem privaten Cloud-Modul ausgestattet.<\/p>\n<p>Das Turris MOX: Cloud-Bundle ist ein sofort einsatzbereites Kit mit einer 64-Bit-Dualcore-CPU, 1 GB RAM, WLAN-Konnektivit\u00e4t und vier USB 3.0-Ports f\u00fcr den Anschluss von Speicherger\u00e4ten. Der MOX macht es den Nutzern leicht, RAID-Speicher und Nextcloud f\u00fcr das Hosting einzurichten und kann mit anderen Router-Modulen wie Netzwerkeing\u00e4ngen erweitert werden.<\/p>\n<p><em>Kommerziell<\/em><\/p>\n<a class=\"c-btn btn-blue\" href=\"https:\/\/nextcloud.com\/blog\/turris-mox-adds-nextcloud-to-put-users-back-in-control-over-their-data\/\" target=\"_blank\">Mehr \u00fcber Turris Mox<\/a><\/div><\/div><\/div><div class=\"row spacer align-items-center\"><div class=\"col-lg-6 order-lg-1\"><div class=\"image-slider\"><div><img decoding=\"async\" class=\"no-shd\" src=\"https:\/\/nextcloud.com\/c\/uploads\/2022\/04\/spreedbox.png\" alt=\"\"\/><\/div><\/div><\/div><div class=\"col-lg-6 order-lg-0\"><div class=\"text-block\"><h3>Spreedbox<\/h3><div class=\"mobile-media\"><div class=\"image-slider\"><div><img decoding=\"async\" class=\"no-shd\" src=\"https:\/\/nextcloud.com\/c\/uploads\/2022\/04\/spreedbox.png\" alt=\"\"\/><\/div><\/div><\/div><p>Hinter dem preisgekr\u00f6nten Ger\u00e4t der struktur AG verbirgt sich eine sichere Videochat- und Dateiaustauschl\u00f6sung f\u00fcr den Einsatz in kleinen Unternehmen. <\/p>\n<p>Die Spreedbox bietet einen starken Ende-zu-Ende-verschl\u00fcsselten Audio- und Video-Chat, eine Nextcloud-basierte Dateisynchronisations- und -freigabel\u00f6sung sowie erweiterte Sicherheitsfunktionen mit einem Hardware-Schl\u00fcsselgenerator. <\/p>\n<p>Die Spreedbox bietet ein optionales SIP-Gateway, \u00fcber das sich die Teilnehmer von Webkonferenzen \u00fcber eine herk\u00f6mmliche Telefonverbindung einw\u00e4hlen k\u00f6nnen. <\/p>\n<p>Kommerziell<\/p>\n<a class=\"c-btn btn-blue\" href=\"https:\/\/spreedbox.me\/\" target=\"_blank\">Mehr \u00fcber die Spreedbox erfahren<\/a><\/div><\/div><\/div><div class=\"row spacer align-items-center\"><div class=\"col-lg-6 order-lg-0\"><div class=\"image-slider\"><div><img decoding=\"async\" class=\"no-shd\" src=\"https:\/\/nextcloud.com\/c\/uploads\/2022\/04\/box-perspective.png\" alt=\"\"\/><\/div><\/div><\/div><div class=\"col-lg-6 order-lg-1\"><div class=\"text-block\"><h3>Nextcloud Box<\/h3><div class=\"mobile-media\"><div class=\"image-slider\"><div><img decoding=\"async\" class=\"no-shd\" src=\"https:\/\/nextcloud.com\/c\/uploads\/2022\/04\/box-perspective.png\" alt=\"\"\/><\/div><\/div><\/div><p>Auf der Nextcloud Box ist Nextcloud vorinstalliert. Als Betriebssystem l\u00e4uft Ubuntu Core (basierend auf den neuen super sicheren, per Fernzugriff aktualisierbaren Linux-App-Paketen, die als Snaps bekannt sind). <\/p>\n<p>Die Box besteht aus einer 1 TB USB3-Festplatte von WD Labs, einem Nextcloud-Geh\u00e4use mit Platz f\u00fcr die Festplatte und ein Einplatinencomputer, einem microUSB Ladeger\u00e4t, Kabeln und Adaptern, einem Schraubenzieher und Schrauben<\/p>\n<p><b>Leider ist die Box ausverkauft und wird von WD Labs nicht mehr produziert!<\/b><\/p>\n<a class=\"c-btn btn-blue\" href=\"https:\/\/nextcloud.com\/box\" target=\"_self\">Mehr \u00fcber die Nextcloud Box erfahren<\/a><\/div><\/div><\/div>\t<\/div>\n<\/section>\n\n<section class=\"post-single-section\">\n\t<div class=\"container\">\n\t\t<div class=\"row\">\n\t\t\t<div class=\"col-lg-12\">\n\t\t\t\t<div class=\"text-block \">\n\t\t\t\t\t<h2 style=\"text-align: center;\">Sind Sie daran interessiert, Nextcloud-Ger\u00e4te zu bauen?<\/h2>\n<p style=\"text-align: center;\"><span style=\"font-size: medium;\">Sie k\u00f6nnen sich mit uns <a href=\"https:\/\/nextcloud.com\/contact\/\">in Verbindung setzen<\/a> und wir helfen Ihnen mit individuellen Angeboten, damit Ihre Ger\u00e4te auf dieser Seite gelistet werden.<\/span><\/p>\n\t\t\t\t<\/div>\n\t\t\t<\/div>\n\t\t<\/div>\n\t<\/div>\n<\/section>","protected":false},"excerpt":{"rendered":"","protected":false},"author":26,"featured_media":0,"parent":0,"menu_order":0,"comment_status":"closed","ping_status":"closed","template":"","meta":{"_acf_changed":false,"inline_featured_image":false,"publish_to_discourse":"","publish_post_category":"","wpdc_auto_publish_overridden":"","wpdc_topic_tags":"","wpdc_pin_topic":"","wpdc_pin_until":"","discourse_post_id":"","discourse_permalink":"","wpdc_publishing_response":"","wpdc_publishing_error":"","footnotes":""},"tags":[],"class_list":["post-148871","page","type-page","status-publish","hentry"],"acf":[],"yoast_head":"<!-- This site is optimized with the Yoast SEO plugin v27.1.1 - https:\/\/yoast.com\/product\/yoast-seo-wordpress\/ -->\n<title>Ger\u00e4te - Nextcloud<\/title>\n<meta name=\"robots\" content=\"index, follow, max-snippet:-1, max-image-preview:large, max-video-preview:-1\" \/>\n<link rel=\"canonical\" href=\"https:\/\/nextcloud.com\/de\/geraete\/\" \/>\n<meta property=\"og:locale\" content=\"de_DE\" \/>\n<meta property=\"og:type\" content=\"article\" \/>\n<meta property=\"og:title\" content=\"Ger\u00e4te - Nextcloud\" \/>\n<meta property=\"og:url\" content=\"https:\/\/nextcloud.com\/de\/geraete\/\" \/>\n<meta property=\"og:site_name\" content=\"Nextcloud\" \/>\n<meta property=\"article:publisher\" content=\"https:\/\/www.facebook.com\/Nextclouders\/\" \/>\n<meta property=\"article:modified_time\" content=\"2025-06-18T09:37:20+00:00\" \/>\n<meta property=\"og:image\" content=\"https:\/\/nextcloud.com\/c\/uploads\/2026\/01\/nextcloud-home-featured-image.png\" \/>\n\t<meta property=\"og:image:width\" content=\"1920\" \/>\n\t<meta property=\"og:image:height\" content=\"1080\" \/>\n\t<meta property=\"og:image:type\" content=\"image\/png\" \/>\n<meta name=\"twitter:card\" content=\"summary_large_image\" \/>\n<meta name=\"twitter:site\" content=\"@nextclouders\" \/>\n<script type=\"application\/ld+json\" class=\"yoast-schema-graph\">{\"@context\":\"https:\/\/schema.org\",\"@graph\":[{\"@type\":\"WebPage\",\"@id\":\"https:\/\/nextcloud.com\/de\/geraete\/\",\"url\":\"https:\/\/nextcloud.com\/de\/geraete\/\",\"name\":\"Ger\u00e4te - Nextcloud\",\"isPartOf\":{\"@id\":\"https:\/\/nextcloud.com\/de\/#website\"},\"datePublished\":\"2022-04-08T17:02:38+00:00\",\"dateModified\":\"2025-06-18T09:37:20+00:00\",\"breadcrumb\":{\"@id\":\"https:\/\/nextcloud.com\/de\/geraete\/#breadcrumb\"},\"inLanguage\":\"de\",\"potentialAction\":[{\"@type\":\"ReadAction\",\"target\":[\"https:\/\/nextcloud.com\/de\/geraete\/\"]}]},{\"@type\":\"BreadcrumbList\",\"@id\":\"https:\/\/nextcloud.com\/de\/geraete\/#breadcrumb\",\"itemListElement\":[{\"@type\":\"ListItem\",\"position\":1,\"name\":\"Home\",\"item\":\"https:\/\/nextcloud.com\/de\/\"},{\"@type\":\"ListItem\",\"position\":2,\"name\":\"Ger\u00e4te\"}]},{\"@type\":\"WebSite\",\"@id\":\"https:\/\/nextcloud.com\/de\/#website\",\"url\":\"https:\/\/nextcloud.com\/de\/\",\"name\":\"Nextcloud\",\"description\":\"Regain control over your data\",\"publisher\":{\"@id\":\"https:\/\/nextcloud.com\/de\/#organization\"},\"potentialAction\":[{\"@type\":\"SearchAction\",\"target\":{\"@type\":\"EntryPoint\",\"urlTemplate\":\"https:\/\/nextcloud.com\/de\/?s={search_term_string}\"},\"query-input\":{\"@type\":\"PropertyValueSpecification\",\"valueRequired\":true,\"valueName\":\"search_term_string\"}}],\"inLanguage\":\"de\"},{\"@type\":\"Organization\",\"@id\":\"https:\/\/nextcloud.com\/de\/#organization\",\"name\":\"Nextcloud\",\"url\":\"https:\/\/nextcloud.com\/de\/\",\"logo\":{\"@type\":\"ImageObject\",\"inLanguage\":\"de\",\"@id\":\"https:\/\/nextcloud.com\/de\/#\/schema\/logo\/image\/\",\"url\":\"https:\/\/nextcloud.com\/c\/uploads\/2022\/10\/nextcloud-logo-blue-transparent.svg\",\"contentUrl\":\"https:\/\/nextcloud.com\/c\/uploads\/2022\/10\/nextcloud-logo-blue-transparent.svg\",\"width\":\"1024\",\"height\":\"1024\",\"caption\":\"Nextcloud\"},\"image\":{\"@id\":\"https:\/\/nextcloud.com\/de\/#\/schema\/logo\/image\/\"},\"sameAs\":[\"https:\/\/www.facebook.com\/Nextclouders\/\",\"https:\/\/x.com\/nextclouders\",\"https:\/\/www.linkedin.com\/company\/10827569\/\",\"https:\/\/youtube.com\/nextcloud\",\"https:\/\/www.instagram.com\/nextclouders\/\"]}]}<\/script>\n<!-- \/ Yoast SEO plugin. -->","yoast_head_json":{"title":"Ger\u00e4te - Nextcloud","robots":{"index":"index","follow":"follow","max-snippet":"max-snippet:-1","max-image-preview":"max-image-preview:large","max-video-preview":"max-video-preview:-1"},"canonical":"https:\/\/nextcloud.com\/de\/geraete\/","og_locale":"de_DE","og_type":"article","og_title":"Ger\u00e4te - Nextcloud","og_url":"https:\/\/nextcloud.com\/de\/geraete\/","og_site_name":"Nextcloud","article_publisher":"https:\/\/www.facebook.com\/Nextclouders\/","article_modified_time":"2025-06-18T09:37:20+00:00","og_image":[{"width":1920,"height":1080,"url":"https:\/\/nextcloud.com\/c\/uploads\/2026\/01\/nextcloud-home-featured-image.png","type":"image\/png"}],"twitter_card":"summary_large_image","twitter_site":"@nextclouders","schema":{"@context":"https:\/\/schema.org","@graph":[{"@type":"WebPage","@id":"https:\/\/nextcloud.com\/de\/geraete\/","url":"https:\/\/nextcloud.com\/de\/geraete\/","name":"Ger\u00e4te - Nextcloud","isPartOf":{"@id":"https:\/\/nextcloud.com\/de\/#website"},"datePublished":"2022-04-08T17:02:38+00:00","dateModified":"2025-06-18T09:37:20+00:00","breadcrumb":{"@id":"https:\/\/nextcloud.com\/de\/geraete\/#breadcrumb"},"inLanguage":"de","potentialAction":[{"@type":"ReadAction","target":["https:\/\/nextcloud.com\/de\/geraete\/"]}]},{"@type":"BreadcrumbList","@id":"https:\/\/nextcloud.com\/de\/geraete\/#breadcrumb","itemListElement":[{"@type":"ListItem","position":1,"name":"Home","item":"https:\/\/nextcloud.com\/de\/"},{"@type":"ListItem","position":2,"name":"Ger\u00e4te"}]},{"@type":"WebSite","@id":"https:\/\/nextcloud.com\/de\/#website","url":"https:\/\/nextcloud.com\/de\/","name":"Nextcloud","description":"Regain control over your data","publisher":{"@id":"https:\/\/nextcloud.com\/de\/#organization"},"potentialAction":[{"@type":"SearchAction","target":{"@type":"EntryPoint","urlTemplate":"https:\/\/nextcloud.com\/de\/?s={search_term_string}"},"query-input":{"@type":"PropertyValueSpecification","valueRequired":true,"valueName":"search_term_string"}}],"inLanguage":"de"},{"@type":"Organization","@id":"https:\/\/nextcloud.com\/de\/#organization","name":"Nextcloud","url":"https:\/\/nextcloud.com\/de\/","logo":{"@type":"ImageObject","inLanguage":"de","@id":"https:\/\/nextcloud.com\/de\/#\/schema\/logo\/image\/","url":"https:\/\/nextcloud.com\/c\/uploads\/2022\/10\/nextcloud-logo-blue-transparent.svg","contentUrl":"https:\/\/nextcloud.com\/c\/uploads\/2022\/10\/nextcloud-logo-blue-transparent.svg","width":"1024","height":"1024","caption":"Nextcloud"},"image":{"@id":"https:\/\/nextcloud.com\/de\/#\/schema\/logo\/image\/"},"sameAs":["https:\/\/www.facebook.com\/Nextclouders\/","https:\/\/x.com\/nextclouders","https:\/\/www.linkedin.com\/company\/10827569\/","https:\/\/youtube.com\/nextcloud","https:\/\/www.instagram.com\/nextclouders\/"]}]}},"_links":{"self":[{"href":"https:\/\/nextcloud.com\/de\/wp-json\/wp\/v2\/pages\/148871","targetHints":{"allow":["GET"]}}],"collection":[{"href":"https:\/\/nextcloud.com\/de\/wp-json\/wp\/v2\/pages"}],"about":[{"href":"https:\/\/nextcloud.com\/de\/wp-json\/wp\/v2\/types\/page"}],"author":[{"embeddable":true,"href":"https:\/\/nextcloud.com\/de\/wp-json\/wp\/v2\/users\/26"}],"replies":[{"embeddable":true,"href":"https:\/\/nextcloud.com\/de\/wp-json\/wp\/v2\/comments?post=148871"}],"version-history":[{"count":9,"href":"https:\/\/nextcloud.com\/de\/wp-json\/wp\/v2\/pages\/148871\/revisions"}],"predecessor-version":[{"id":318856,"href":"https:\/\/nextcloud.com\/de\/wp-json\/wp\/v2\/pages\/148871\/revisions\/318856"}],"wp:attachment":[{"href":"https:\/\/nextcloud.com\/de\/wp-json\/wp\/v2\/media?parent=148871"}],"wp:term":[{"taxonomy":"post_tag","embeddable":true,"href":"https:\/\/nextcloud.com\/de\/wp-json\/wp\/v2\/tags?post=148871"}],"curies":[{"name":"wp","href":"https:\/\/api.w.org\/{rel}","templated":true}]}}