{"id":145013,"date":"2022-04-04T11:45:00","date_gmt":"2022-04-04T09:45:00","guid":{"rendered":"https:\/\/nextcloud.com\/?page_id=145013"},"modified":"2026-04-10T14:02:35","modified_gmt":"2026-04-10T12:02:35","slug":"support","status":"publish","type":"page","link":"https:\/\/nextcloud.com\/de\/support\/","title":{"rendered":"Support"},"content":{"rendered":"<div class=\"wpb-content-wrapper\"><p>[vc_section el_class=&#8220;titlebar blueGradient&#8220;][vc_row content_placement=&#8220;middle&#8220;][vc_column width=&#8220;1\/2&#8243;][vc_column_text el_class=&#8220;page-subtitle&#8220;]<\/p>\n<h4>Finden Sie Antworten auf Ihre Fragen<\/h4>\n<p>[\/vc_column_text][vc_column_text el_class=&#8220;page-title centerMobile&#8220;]<\/p>\n<h1>Nextcloud Support<\/h1>\n<p>[\/vc_column_text][vc_column_text css=&#8220;.vc_custom_1702927069184{margin-top: 2rem !important;margin-bottom: 2rem !important;}&#8220; el_class=&#8220;page-subtitle centerMobile&#8220;]Wir bieten Dokumentation, Community-Hilfe und Unternehmens-Support.[\/vc_column_text][\/vc_column][vc_column width=&#8220;1\/2&#8243;][vc_single_image image=&#8220;394759&#8243; img_size=&#8220;large&#8220; css=&#8220;&#8220; img_inline_css=&#8220;width: 600px;&#8220;][\/vc_column][\/vc_row][\/vc_section][vc_section el_class=&#8220;vertical-page-intro why_section nc_default_section&#8220; css=&#8220;.vc_custom_1700835861620{margin-top: 0px !important;margin-bottom: 0px !important;}&#8220; el_id=&#8220;why_section&#8220;][vc_row gap=&#8220;30&#8243; content_placement=&#8220;middle&#8220; css=&#8220;.vc_custom_1663052125396{padding-right: 3rem !important;padding-left: 3rem !important;}&#8220;][vc_column][vc_column_text]<\/p>\n<h3 style=\"text-align: center;\">Die Nextcloud-Dokumentation<\/h3>\n<p>[\/vc_column_text][\/vc_column][\/vc_row][vc_row gap=&#8220;10&#8243; equal_height=&#8220;yes&#8220; el_class=&#8220;side_padding_centered_row&#8220; css=&#8220;.vc_custom_1701173653201{margin-bottom: 3rem !important;}&#8220;][vc_column width=&#8220;1\/3&#8243; el_class=&#8220;iconbox&#8220;]<div class=\"nc_iconbox feature_iconbox \"><a href=\"https:\/\/docs.nextcloud.com\/server\/latest\/admin_manual\/\" target=\"_blank\" title=\"Administrationshandbuch\" class=\"\"><div class=\"iconbox_container \"><div class=\"icon\"><img decoding=\"async\" width=\"1024\" height=\"1024\" src=\"https:\/\/nextcloud.com\/c\/uploads\/2025\/10\/user-gear.svg\" class=\"attachment-large size-large\" alt=\"\" \/><\/div>\n\t<div class=\"title_and_description\"><h4 class=\"title\">Administrationshandbuch<\/h4><span class=\"see_more\">Mehr erfahren <svg id=\"Layer_1\" xmlns=\"http:\/\/www.w3.org\/2000\/svg\" version=\"1.1\" viewBox=\"0 0 24 24\"><path class=\"st0\" d=\"M12.6,12l-4.6-4.6,1.4-1.4,6,6-6,6-1.4-1.4,4.6-4.6Z\"\/><\/svg><\/span><\/div><\/div><\/a><\/div>[\/vc_column][vc_column width=&#8220;1\/3&#8243; el_class=&#8220;iconbox&#8220;]<div class=\"nc_iconbox feature_iconbox \"><a href=\"https:\/\/docs.nextcloud.com\/server\/latest\/user_manual\/en\/\" target=\"_blank\" title=\"Benutzerhandbuch\" class=\"\"><div class=\"iconbox_container \"><div class=\"icon\"><img decoding=\"async\" width=\"1024\" height=\"1024\" src=\"https:\/\/nextcloud.com\/c\/uploads\/2025\/10\/users.svg\" class=\"attachment-large size-large\" alt=\"Users\" \/><\/div>\n\t<div class=\"title_and_description\"><h4 class=\"title\">Benutzerhandbuch<\/h4><span class=\"see_more\">Mehr erfahren <svg id=\"Layer_1\" xmlns=\"http:\/\/www.w3.org\/2000\/svg\" version=\"1.1\" viewBox=\"0 0 24 24\"><path class=\"st0\" d=\"M12.6,12l-4.6-4.6,1.4-1.4,6,6-6,6-1.4-1.4,4.6-4.6Z\"\/><\/svg><\/span><\/div><\/div><\/a><\/div>[\/vc_column][vc_column width=&#8220;1\/3&#8243; el_class=&#8220;iconbox&#8220;]<div class=\"nc_iconbox feature_iconbox \"><a href=\"https:\/\/docs.nextcloud.com\/server\/latest\/developer_manual\/\" target=\"_blank\" title=\"Entwickler-Handbuch\" class=\"\"><div class=\"iconbox_container \"><div class=\"icon\"><img decoding=\"async\" width=\"1\" height=\"1\" src=\"https:\/\/nextcloud.com\/c\/uploads\/2025\/10\/code.svg\" class=\"attachment-large size-large\" alt=\"\" \/><\/div>\n\t<div class=\"title_and_description\"><h4 class=\"title\">Entwickler-Handbuch<\/h4><span class=\"see_more\">Mehr erfahren <svg id=\"Layer_1\" xmlns=\"http:\/\/www.w3.org\/2000\/svg\" version=\"1.1\" viewBox=\"0 0 24 24\"><path class=\"st0\" d=\"M12.6,12l-4.6-4.6,1.4-1.4,6,6-6,6-1.4-1.4,4.6-4.6Z\"\/><\/svg><\/span><\/div><\/div><\/a><\/div>[\/vc_column][\/vc_row][vc_row gap=&#8220;10&#8243; equal_height=&#8220;yes&#8220; css=&#8220;.vc_custom_1701172697370{margin-top: 3rem !important;margin-bottom: 3rem !important;}&#8220;][vc_column width=&#8220;1\/6&#8243;][\/vc_column][vc_column width=&#8220;2\/3&#8243;][vc_column_text css=&#8220;&#8220;]<\/p>\n<p class=\"section--paragraph\" style=\"text-align: center;\">Kund:innen k\u00f6nnen sich mit ihren Anmeldedaten in unserem Kundenportal anmelden, um zus\u00e4tzliche Informationen \u00fcber Skalierbarkeit und Leistung f\u00fcr gro\u00dfe Instanzen, Tuning der Konfiguration der Unternehmensdatenbank und mehr zu erhalten.<\/p>\n<p>[\/vc_column_text][vc_btn use_svg_icon=&#8220;yes&#8220; title=&#8220;Zugang zu unserem Kundenportal&#8220; align=&#8220;center&#8220; i_align=&#8220;right&#8220; i_icon_fontawesome=&#8220;&#8220; css=&#8220;&#8220; add_icon=&#8220;true&#8220; link=&#8220;url:https%3A%2F%2Fportal.nextcloud.com%2F|title:Zugang%20zu%20unserem%20Kundenportal|target:_blank&#8220; el_class=&#8220;btn-main&#8220; svg_icon_id=&#8220;346431&#8243;][\/vc_column][vc_column width=&#8220;1\/6&#8243;][\/vc_column][\/vc_row][vc_row gap=&#8220;10&#8243; equal_height=&#8220;yes&#8220;][vc_column width=&#8220;1\/6&#8243;][\/vc_column][vc_column width=&#8220;2\/3&#8243;][vc_column_text css=&#8220;&#8220;]<\/p>\n<p class=\"section--paragraph\" style=\"text-align: center;\">Sie nutzen unsere L\u00f6sung noch nicht? Steigern Sie jetzt die Produktivit\u00e4t Ihres Teams mit der f\u00fchrenden Kollaborationsplattform.<\/p>\n<p>[\/vc_column_text][vc_btn use_svg_icon=&#8220;yes&#8220; title=&#8220;Angebot einholen&#8220; align=&#8220;center&#8220; i_icon_fontawesome=&#8220;&#8220; css=&#8220;&#8220; add_icon=&#8220;true&#8220; link=&#8220;url:https%3A%2F%2Fnextcloud.com%2Fget-a-quote%2F|title:Angebot%20einholen&#8220; el_class=&#8220;btn-main&#8220; svg_icon_id=&#8220;342847&#8243;][\/vc_column][vc_column width=&#8220;1\/6&#8243;][\/vc_column][\/vc_row][\/vc_section][vc_section el_class=&#8220;nc_default_section how-section lightBG app_store_section&#8220; css=&#8220;.vc_custom_1701173156271{margin-bottom: 0px !important;}&#8220;][vc_row gap=&#8220;20&#8243; content_placement=&#8220;middle&#8220;][vc_column width=&#8220;1\/3&#8243;][\/vc_column][vc_column width=&#8220;1\/3&#8243;][vc_icon use_svg=&#8220;yes&#8220; icon_fontawesome=&#8220;&#8220; color=&#8220;custom&#8220; align=&#8220;center&#8220; css=&#8220;.vc_custom_1773992499086{margin-bottom: 0px !important;}&#8220; custom_color=&#8220;#0082c9&#8243; svg_id=&#8220;339461&#8243;][vc_column_text css=&#8220;&#8220; el_class=&#8220;nc-section-title&#8220;]<\/p>\n<h2 style=\"text-align: center;\">W\u00e4hlen Sie die passende Unterst\u00fctzung<\/h2>\n<p>[\/vc_column_text][\/vc_column][vc_column width=&#8220;1\/3&#8243;][\/vc_column][\/vc_row][vc_row gap=&#8220;30&#8243; equal_height=&#8220;yes&#8220; el_class=&#8220;iconboxes&#8220;][vc_column width=&#8220;1\/3&#8243; el_class=&#8220;iconbox&#8220;][vc_single_image image=&#8220;342225&#8243; css=&#8220;&#8220; el_class=&#8220;image-icon larger&#8220;][vc_column_text css=&#8220;&#8220; el_class=&#8220;iconbox_title&#8220;]<\/p>\n<h4>Hilfe f\u00fcr Privatpersonen<\/h4>\n<p>[\/vc_column_text][vc_column_text css=&#8220;&#8220;]Privatnutzer:innen k\u00f6nnen in unserem Forum Unterst\u00fctzung finden und um Hilfe bitten. Bitte beachten Sie, dass unsere Community gr\u00f6\u00dftenteils aus engagierten Nutzer:innen wie Ihnen besteht, die sich gegenseitig unterst\u00fctzen. Helfen Sie mit, indem Sie anderen weiterhelfen, wo Sie k\u00f6nnen \u2013 und bedanken Sie sich, indem Sie sich f\u00fcr erhaltene Hilfe revanchieren. So tragen Sie dazu bei, unsere Nextcloud Community lebendig, hilfsbereit und nachhaltig zu gestalten.[\/vc_column_text][vc_btn title=&#8220;Nextcloud Forum&#8220; link=&#8220;url:https%3A%2F%2Fhelp.nextcloud.com%2F|title:Nextcloud%20Forum&#8220; el_class=&#8220;btn-main btn-small&#8220;][\/vc_column][vc_column width=&#8220;1\/3&#8243; el_class=&#8220;iconbox&#8220;][vc_single_image image=&#8220;387737&#8243; css=&#8220;&#8220; el_class=&#8220;image-icon larger&#8220;][vc_column_text el_class=&#8220;iconbox_title&#8220;]<\/p>\n<h4>Unterst\u00fctzung f\u00fcr Unternehmen<\/h4>\n<p>[\/vc_column_text][vc_column_text css=&#8220;&#8220;]Wenn Sie Nextcloud in einer gesch\u00e4ftskritischen Umgebung einsetzen, brauchen Sie eine Unternehmensplattform. Nextcloud Enterprise ist unser getestetes und zertifiziertes Produkt f\u00fcr mittlere und gro\u00dfe Unternehmen, Beh\u00f6rden und Bildungseinrichtungen. Mit Nextcloud Enterprise werden Sie von unserem Support unterst\u00fctzt und haben Zugang zu unserem Kundenportal und unseren Beratungsdienstleistungen.[\/vc_column_text][vc_btn title=&#8220;Mehr zu Nextcloud Enterprise&#8220; css=&#8220;&#8220; link=&#8220;url:https%3A%2F%2Fnextcloud.com%2Fenterprise%2F|title:Nextcloud%20Enterprise%20holen&#8220; el_class=&#8220;btn-main btn-small&#8220;][\/vc_column][vc_column width=&#8220;1\/3&#8243; el_class=&#8220;iconbox&#8220;][vc_single_image image=&#8220;388098&#8243; css=&#8220;&#8220; el_class=&#8220;image-icon&#8220;][vc_column_text el_class=&#8220;iconbox_title&#8220;]<\/p>\n<h4>Melden von Fehlern<\/h4>\n<p>[\/vc_column_text][vc_column_text css=&#8220;&#8220;]Wenn Sie die Ursache eines Fehlers gefunden haben und es sich um ein Problem in Nextcloud selbst handelt, melden Sie es in unserem Bugtracker. Bitte denken Sie daran, dass dies kein Support-Kanal ist und nur dazu dient, best\u00e4tigte Probleme zu melden. Code-Beispiele und Informationen zur Fehlersuche werden ben\u00f6tigt aber Support-Anfragen werden geschlossen. Nutzen Sie unser Forum f\u00fcr Hilfe bei der Fehlersuche.[\/vc_column_text][vc_btn title=&#8220;Melden von Fehlern&#8220; link=&#8220;url:https%3A%2F%2Fdocs.nextcloud.com%2Fserver%2Flatest%2Fdeveloper_manual%2Fprologue%2Fbugtracker%2Findex.html|title:Melden%20von%20Fehlern|target:_blank&#8220; el_class=&#8220;btn-main btn-small&#8220;][\/vc_column][\/vc_row][\/vc_section][vc_section el_id=&#8220;cta-contact&#8220; el_class=&#8220;cta-contact nc-section-gradient-bg white-text&#8220; css=&#8220;.vc_custom_1663589051447{padding-top: 3rem !important;padding-bottom: 3rem !important;}&#8220;][vc_row content_placement=&#8220;middle&#8220;][vc_column width=&#8220;1\/4&#8243; el_class=&#8220;text-right&#8220;][\/vc_column][vc_column width=&#8220;1\/2&#8243; el_class=&#8220;cta_buttons&#8220;][vc_column_text css=&#8220;&#8220; el_class=&#8220;nc-section-title&#8220;]<\/p>\n<h2 style=\"text-align: center;\">Abonnieren Sie unseren Newsletter<\/h2>\n<p>[\/vc_column_text][vc_column_text css=&#8220;.vc_custom_1748959814017{margin-bottom: 0px !important;}&#8220;]<\/p>\n<p style=\"text-align: center;\">Mit unserem monatlichen Nextcloud Newsletter bleiben Sie immer auf dem Laufenden \u2013 \u00fcber kommende Releases, Veranstaltungen und Entwicklungen rund um unser Produkt.<\/p>\n<p>[\/vc_column_text][vc_btn use_svg_icon=&#8220;yes&#8220; title=&#8220;Jetzt abonnieren&#8220; align=&#8220;center&#8220; i_icon_fontawesome=&#8220;&#8220; css=&#8220;.vc_custom_1773992561532{margin-top: 1rem !important;margin-bottom: 0px !important;}&#8220; add_icon=&#8220;true&#8220; el_class=&#8220;btn-white&#8220; link=&#8220;url:https%3A%2F%2Fnextcloud.com%2Fnewsletter%2F|title:Jetzt%20abonnieren&#8220; svg_icon_id=&#8220;342719&#8243;][\/vc_column][vc_column width=&#8220;1\/4&#8243;][\/vc_column][\/vc_row][\/vc_section]<\/p>\n<\/div>","protected":false},"excerpt":{"rendered":"<p>[vc_section el_class=&#8220;titlebar blueGradient&#8220;][vc_row content_placement=&#8220;middle&#8220;][vc_column width=&#8220;1\/2&#8243;][vc_column_text el_class=&#8220;page-subtitle&#8220;] Finden Sie Antworten auf Ihre Fragen [\/vc_column_text][vc_column_text el_class=&#8220;page-title centerMobile&#8220;] Nextcloud Support [\/vc_column_text][vc_column_text css=&#8220;.vc_custom_1702927069184{margin-top: 2rem !important;margin-bottom: 2rem !important;}&#8220; el_class=&#8220;page-subtitle centerMobile&#8220;]Wir bieten Dokumentation, Community-Hilfe und Unternehmens-Support.[\/vc_column_text][\/vc_column][vc_column width=&#8220;1\/2&#8243;][vc_single_image image=&#8220;394759&#8243; img_size=&#8220;large&#8220; css=&#8220;&#8220; img_inline_css=&#8220;width: 600px;&#8220;][\/vc_column][\/vc_row][\/vc_section][vc_section el_class=&#8220;vertical-page-intro why_section nc_default_section&#8220; css=&#8220;.vc_custom_1700835861620{margin-top: 0px !important;margin-bottom: 0px !important;}&#8220; el_id=&#8220;why_section&#8220;][vc_row gap=&#8220;30&#8243; content_placement=&#8220;middle&#8220; css=&#8220;.vc_custom_1663052125396{padding-right: 3rem !important;padding-left: 3rem !important;}&#8220;][vc_column][vc_column_text] Die Nextcloud-Dokumentation [\/vc_column_text][\/vc_column][\/vc_row][vc_row [&hellip;]<\/p>\n","protected":false},"author":26,"featured_media":0,"parent":0,"menu_order":0,"comment_status":"closed","ping_status":"closed","template":"","meta":{"_acf_changed":false,"inline_featured_image":false,"publish_to_discourse":"","publish_post_category":"","wpdc_auto_publish_overridden":"","wpdc_topic_tags":"","wpdc_pin_topic":"","wpdc_pin_until":"","discourse_post_id":"","discourse_permalink":"","wpdc_publishing_response":"","wpdc_publishing_error":"","footnotes":""},"tags":[],"class_list":["post-145013","page","type-page","status-publish","hentry"],"acf":[],"yoast_head":"<!-- This site is optimized with the Yoast SEO plugin v27.1.1 - https:\/\/yoast.com\/product\/yoast-seo-wordpress\/ -->\n<title>Support - Nextcloud<\/title>\n<meta name=\"robots\" content=\"index, follow, max-snippet:-1, max-image-preview:large, max-video-preview:-1\" \/>\n<link rel=\"canonical\" href=\"https:\/\/nextcloud.com\/de\/support\/\" \/>\n<meta property=\"og:locale\" content=\"de_DE\" \/>\n<meta property=\"og:type\" content=\"article\" \/>\n<meta property=\"og:title\" content=\"Support - Nextcloud\" \/>\n<meta property=\"og:description\" content=\"[vc_section el_class=&#8220;titlebar blueGradient&#8220;][vc_row content_placement=&#8220;middle&#8220;][vc_column width=&#8220;1\/2&#8243;][vc_column_text el_class=&#8220;page-subtitle&#8220;] Finden Sie Antworten auf Ihre Fragen [\/vc_column_text][vc_column_text el_class=&#8220;page-title centerMobile&#8220;] Nextcloud Support [\/vc_column_text][vc_column_text css=&#8220;.vc_custom_1702927069184{margin-top: 2rem !important;margin-bottom: 2rem !important;}&#8220; el_class=&#8220;page-subtitle centerMobile&#8220;]Wir bieten Dokumentation, Community-Hilfe und Unternehmens-Support.[\/vc_column_text][\/vc_column][vc_column width=&#8220;1\/2&#8243;][vc_single_image image=&#8220;394759&#8243; img_size=&#8220;large&#8220; css=&#8220;&#8220; img_inline_css=&#8220;width: 600px;&#8220;][\/vc_column][\/vc_row][\/vc_section][vc_section el_class=&#8220;vertical-page-intro why_section nc_default_section&#8220; css=&#8220;.vc_custom_1700835861620{margin-top: 0px !important;margin-bottom: 0px !important;}&#8220; el_id=&#8220;why_section&#8220;][vc_row gap=&#8220;30&#8243; content_placement=&#8220;middle&#8220; css=&#8220;.vc_custom_1663052125396{padding-right: 3rem !important;padding-left: 3rem !important;}&#8220;][vc_column][vc_column_text] Die Nextcloud-Dokumentation [\/vc_column_text][\/vc_column][\/vc_row][vc_row [&hellip;]\" \/>\n<meta property=\"og:url\" content=\"https:\/\/nextcloud.com\/de\/support\/\" \/>\n<meta property=\"og:site_name\" content=\"Nextcloud\" \/>\n<meta property=\"article:publisher\" content=\"https:\/\/www.facebook.com\/Nextclouders\/\" \/>\n<meta property=\"article:modified_time\" content=\"2026-04-10T12:02:35+00:00\" \/>\n<meta property=\"og:image\" content=\"https:\/\/nextcloud.com\/c\/uploads\/2026\/01\/nextcloud-home-featured-image.png\" \/>\n\t<meta property=\"og:image:width\" content=\"1920\" \/>\n\t<meta property=\"og:image:height\" content=\"1080\" \/>\n\t<meta property=\"og:image:type\" content=\"image\/png\" \/>\n<meta name=\"twitter:card\" content=\"summary_large_image\" \/>\n<meta name=\"twitter:site\" content=\"@nextclouders\" \/>\n<meta name=\"twitter:label1\" content=\"Gesch\u00e4tzte Lesezeit\" \/>\n\t<meta name=\"twitter:data1\" content=\"5\u00a0Minuten\" \/>\n<script type=\"application\/ld+json\" class=\"yoast-schema-graph\">{\"@context\":\"https:\/\/schema.org\",\"@graph\":[{\"@type\":\"WebPage\",\"@id\":\"https:\/\/nextcloud.com\/de\/support\/\",\"url\":\"https:\/\/nextcloud.com\/de\/support\/\",\"name\":\"Support - Nextcloud\",\"isPartOf\":{\"@id\":\"https:\/\/nextcloud.com\/de\/#website\"},\"datePublished\":\"2022-04-04T09:45:00+00:00\",\"dateModified\":\"2026-04-10T12:02:35+00:00\",\"breadcrumb\":{\"@id\":\"https:\/\/nextcloud.com\/de\/support\/#breadcrumb\"},\"inLanguage\":\"de\",\"potentialAction\":[{\"@type\":\"ReadAction\",\"target\":[\"https:\/\/nextcloud.com\/de\/support\/\"]}]},{\"@type\":\"BreadcrumbList\",\"@id\":\"https:\/\/nextcloud.com\/de\/support\/#breadcrumb\",\"itemListElement\":[{\"@type\":\"ListItem\",\"position\":1,\"name\":\"Home\",\"item\":\"https:\/\/nextcloud.com\/de\/\"},{\"@type\":\"ListItem\",\"position\":2,\"name\":\"Support\"}]},{\"@type\":\"WebSite\",\"@id\":\"https:\/\/nextcloud.com\/de\/#website\",\"url\":\"https:\/\/nextcloud.com\/de\/\",\"name\":\"Nextcloud\",\"description\":\"Regain control over your data\",\"publisher\":{\"@id\":\"https:\/\/nextcloud.com\/de\/#organization\"},\"potentialAction\":[{\"@type\":\"SearchAction\",\"target\":{\"@type\":\"EntryPoint\",\"urlTemplate\":\"https:\/\/nextcloud.com\/de\/?s={search_term_string}\"},\"query-input\":{\"@type\":\"PropertyValueSpecification\",\"valueRequired\":true,\"valueName\":\"search_term_string\"}}],\"inLanguage\":\"de\"},{\"@type\":\"Organization\",\"@id\":\"https:\/\/nextcloud.com\/de\/#organization\",\"name\":\"Nextcloud\",\"url\":\"https:\/\/nextcloud.com\/de\/\",\"logo\":{\"@type\":\"ImageObject\",\"inLanguage\":\"de\",\"@id\":\"https:\/\/nextcloud.com\/de\/#\/schema\/logo\/image\/\",\"url\":\"https:\/\/nextcloud.com\/c\/uploads\/2022\/10\/nextcloud-logo-blue-transparent.svg\",\"contentUrl\":\"https:\/\/nextcloud.com\/c\/uploads\/2022\/10\/nextcloud-logo-blue-transparent.svg\",\"width\":\"1024\",\"height\":\"1024\",\"caption\":\"Nextcloud\"},\"image\":{\"@id\":\"https:\/\/nextcloud.com\/de\/#\/schema\/logo\/image\/\"},\"sameAs\":[\"https:\/\/www.facebook.com\/Nextclouders\/\",\"https:\/\/x.com\/nextclouders\",\"https:\/\/www.linkedin.com\/company\/10827569\/\",\"https:\/\/youtube.com\/nextcloud\",\"https:\/\/www.instagram.com\/nextclouders\/\"]}]}<\/script>\n<!-- \/ Yoast SEO plugin. -->","yoast_head_json":{"title":"Support - Nextcloud","robots":{"index":"index","follow":"follow","max-snippet":"max-snippet:-1","max-image-preview":"max-image-preview:large","max-video-preview":"max-video-preview:-1"},"canonical":"https:\/\/nextcloud.com\/de\/support\/","og_locale":"de_DE","og_type":"article","og_title":"Support - Nextcloud","og_description":"[vc_section el_class=&#8220;titlebar blueGradient&#8220;][vc_row content_placement=&#8220;middle&#8220;][vc_column width=&#8220;1\/2&#8243;][vc_column_text el_class=&#8220;page-subtitle&#8220;] Finden Sie Antworten auf Ihre Fragen [\/vc_column_text][vc_column_text el_class=&#8220;page-title centerMobile&#8220;] Nextcloud Support [\/vc_column_text][vc_column_text css=&#8220;.vc_custom_1702927069184{margin-top: 2rem !important;margin-bottom: 2rem !important;}&#8220; el_class=&#8220;page-subtitle centerMobile&#8220;]Wir bieten Dokumentation, Community-Hilfe und Unternehmens-Support.[\/vc_column_text][\/vc_column][vc_column width=&#8220;1\/2&#8243;][vc_single_image image=&#8220;394759&#8243; img_size=&#8220;large&#8220; css=&#8220;&#8220; img_inline_css=&#8220;width: 600px;&#8220;][\/vc_column][\/vc_row][\/vc_section][vc_section el_class=&#8220;vertical-page-intro why_section nc_default_section&#8220; css=&#8220;.vc_custom_1700835861620{margin-top: 0px !important;margin-bottom: 0px !important;}&#8220; el_id=&#8220;why_section&#8220;][vc_row gap=&#8220;30&#8243; content_placement=&#8220;middle&#8220; css=&#8220;.vc_custom_1663052125396{padding-right: 3rem !important;padding-left: 3rem !important;}&#8220;][vc_column][vc_column_text] Die Nextcloud-Dokumentation [\/vc_column_text][\/vc_column][\/vc_row][vc_row [&hellip;]","og_url":"https:\/\/nextcloud.com\/de\/support\/","og_site_name":"Nextcloud","article_publisher":"https:\/\/www.facebook.com\/Nextclouders\/","article_modified_time":"2026-04-10T12:02:35+00:00","og_image":[{"width":1920,"height":1080,"url":"https:\/\/nextcloud.com\/c\/uploads\/2026\/01\/nextcloud-home-featured-image.png","type":"image\/png"}],"twitter_card":"summary_large_image","twitter_site":"@nextclouders","twitter_misc":{"Gesch\u00e4tzte Lesezeit":"5\u00a0Minuten"},"schema":{"@context":"https:\/\/schema.org","@graph":[{"@type":"WebPage","@id":"https:\/\/nextcloud.com\/de\/support\/","url":"https:\/\/nextcloud.com\/de\/support\/","name":"Support - Nextcloud","isPartOf":{"@id":"https:\/\/nextcloud.com\/de\/#website"},"datePublished":"2022-04-04T09:45:00+00:00","dateModified":"2026-04-10T12:02:35+00:00","breadcrumb":{"@id":"https:\/\/nextcloud.com\/de\/support\/#breadcrumb"},"inLanguage":"de","potentialAction":[{"@type":"ReadAction","target":["https:\/\/nextcloud.com\/de\/support\/"]}]},{"@type":"BreadcrumbList","@id":"https:\/\/nextcloud.com\/de\/support\/#breadcrumb","itemListElement":[{"@type":"ListItem","position":1,"name":"Home","item":"https:\/\/nextcloud.com\/de\/"},{"@type":"ListItem","position":2,"name":"Support"}]},{"@type":"WebSite","@id":"https:\/\/nextcloud.com\/de\/#website","url":"https:\/\/nextcloud.com\/de\/","name":"Nextcloud","description":"Regain control over your data","publisher":{"@id":"https:\/\/nextcloud.com\/de\/#organization"},"potentialAction":[{"@type":"SearchAction","target":{"@type":"EntryPoint","urlTemplate":"https:\/\/nextcloud.com\/de\/?s={search_term_string}"},"query-input":{"@type":"PropertyValueSpecification","valueRequired":true,"valueName":"search_term_string"}}],"inLanguage":"de"},{"@type":"Organization","@id":"https:\/\/nextcloud.com\/de\/#organization","name":"Nextcloud","url":"https:\/\/nextcloud.com\/de\/","logo":{"@type":"ImageObject","inLanguage":"de","@id":"https:\/\/nextcloud.com\/de\/#\/schema\/logo\/image\/","url":"https:\/\/nextcloud.com\/c\/uploads\/2022\/10\/nextcloud-logo-blue-transparent.svg","contentUrl":"https:\/\/nextcloud.com\/c\/uploads\/2022\/10\/nextcloud-logo-blue-transparent.svg","width":"1024","height":"1024","caption":"Nextcloud"},"image":{"@id":"https:\/\/nextcloud.com\/de\/#\/schema\/logo\/image\/"},"sameAs":["https:\/\/www.facebook.com\/Nextclouders\/","https:\/\/x.com\/nextclouders","https:\/\/www.linkedin.com\/company\/10827569\/","https:\/\/youtube.com\/nextcloud","https:\/\/www.instagram.com\/nextclouders\/"]}]}},"_links":{"self":[{"href":"https:\/\/nextcloud.com\/de\/wp-json\/wp\/v2\/pages\/145013","targetHints":{"allow":["GET"]}}],"collection":[{"href":"https:\/\/nextcloud.com\/de\/wp-json\/wp\/v2\/pages"}],"about":[{"href":"https:\/\/nextcloud.com\/de\/wp-json\/wp\/v2\/types\/page"}],"author":[{"embeddable":true,"href":"https:\/\/nextcloud.com\/de\/wp-json\/wp\/v2\/users\/26"}],"replies":[{"embeddable":true,"href":"https:\/\/nextcloud.com\/de\/wp-json\/wp\/v2\/comments?post=145013"}],"version-history":[{"count":14,"href":"https:\/\/nextcloud.com\/de\/wp-json\/wp\/v2\/pages\/145013\/revisions"}],"predecessor-version":[{"id":394775,"href":"https:\/\/nextcloud.com\/de\/wp-json\/wp\/v2\/pages\/145013\/revisions\/394775"}],"wp:attachment":[{"href":"https:\/\/nextcloud.com\/de\/wp-json\/wp\/v2\/media?parent=145013"}],"wp:term":[{"taxonomy":"post_tag","embeddable":true,"href":"https:\/\/nextcloud.com\/de\/wp-json\/wp\/v2\/tags?post=145013"}],"curies":[{"name":"wp","href":"https:\/\/api.w.org\/{rel}","templated":true}]}}