{"id":131839,"date":"2022-03-04T16:57:01","date_gmt":"2022-03-04T15:57:01","guid":{"rendered":"https:\/\/nextcloud.com\/?page_id=131839"},"modified":"2025-09-01T11:34:23","modified_gmt":"2025-09-01T09:34:23","slug":"sign-up","status":"publish","type":"page","link":"https:\/\/nextcloud.com\/de\/sign-up\/","title":{"rendered":"Registrieren"},"content":{"rendered":"<div class=\"wpb-content-wrapper\"><p>[vc_section el_class=&#8220;titlebar at_home blueGradient&#8220;][vc_row gap=&#8220;20&#8243; css=&#8220;.vc_custom_1709805199707{margin-top: 4rem !important;}&#8220;][vc_column offset=&#8220;vc_col-lg-2\/5 vc_col-md-2\/5&#8243; el_class=&#8220;positionRelative&#8220;][vc_single_image image=&#8220;206108&#8243; el_class=&#8220;nc-sep-logo signup-icon&#8220;][vc_column_text el_class=&#8220;page-title centerMobile&#8220;]<\/p>\n<h1>Registrieren Sie sich f\u00fcr ein kostenloses Nextcloud-Konto<\/h1>\n<p>[\/vc_column_text][vc_column_text css=&#8220;.vc_custom_1710435185896{margin-top: 2rem !important;margin-bottom: 2rem !important;}&#8220; el_class=&#8220;page-subtitle centerMobile&#8220;]W\u00e4hlen Sie einen unserer verschiedenen vertrauensw\u00fcrdigen, zertifizierten Anbieter, um Ihr kostenloses Privatkonto zu erhalten und Ihre Nextcloud-Reise noch heute zu beginnen![\/vc_column_text][vc_column_text css=&#8220;.vc_custom_1751034584145{margin-top: 2rem !important;margin-bottom: 2rem !important;}&#8220; el_class=&#8220;nc_warning_note&#8220;]<strong>Hinweis:<\/strong> Bitte beachten Sie, dass eine Anmeldung f\u00fcr den kostenlosen Account beim Partner erfolgt, nicht bei Nextcloud GmbH.<br \/>\nWenn es Probleme mit Ihrem Konto gibt, wenden Sie sich bitte an den Anbieter, bei dem Sie sich registriert haben.[\/vc_column_text][\/vc_column][vc_column offset=&#8220;vc_col-lg-3\/5 vc_col-md-3\/5&#8243;][vc_column_text]\n\t<section class=\"section--providers\">\n\t\t<div id=\"register\" class=\"container\"\n\t\t\tdata-ip=\"216.73.216.84\"\n\t\t\tdata-ll=\"{&quot;accuracy_radius&quot;:50,&quot;latitude&quot;:34.0734,&quot;longitude&quot;:-118.0139,&quot;metro_code&quot;:803,&quot;time_zone&quot;:&quot;America\\\/Los_Angeles&quot;}\"\n\t\t\tdata-ocsapi=\"\"\n\t\t\tdata-l10n=\"{&quot;subscribe&quot;:&quot;Newsletter abonnieren&quot;,&quot;email&quot;:&quot;Ihre E-Mail Adresse&quot;,&quot;success&quot;:&quot;Success! Redirecting you to the provider&quot;,&quot;error&quot;:&quot;Error:&quot;,&quot;processing&quot;:&quot;Creating your account&quot;,&quot;register&quot;:&quot;Registrieren&quot;,&quot;change&quot;:&quot;Anbieter wechseln&quot;,&quot;close&quot;:&quot;schlie\\u00dfen&quot;,&quot;far&quot;:&quot;Far far away&quot;,&quot;geterror&quot;:&quot;Error while retrieving the providers list.&quot;,&quot;tos&quot;:&quot;Nutzungsbedingungen&quot;,&quot;tosagree&quot;:&quot;Ich stimme den %tos% zu&quot;,&quot;toserror&quot;:&quot;Please agree to the terms of service&quot;}\"\n\t\t\tdata-officialapps=\"{&quot;files&quot;:&quot;Files&quot;,&quot;calendar&quot;:&quot;Calendar&quot;,&quot;contacts&quot;:&quot;Contacts&quot;,&quot;spreed&quot;:&quot;Talk&quot;,&quot;mail&quot;:&quot;Mail&quot;,&quot;tasks&quot;:&quot;Tasks&quot;,&quot;notes&quot;:&quot;Notes&quot;,&quot;news&quot;:&quot;News&quot;,&quot;twofactor_totp&quot;:&quot;Two-factor authentication&quot;,&quot;twofactor_u2f&quot;:&quot;Two-factor U2F&quot;,&quot;gallery&quot;:&quot;Gallery&quot;,&quot;photos&quot;:&quot;Photos&quot;,&quot;collabora&quot;:&quot;Collabora Online&quot;,&quot;onlyoffice&quot;:&quot;Onlyoffice&quot;,&quot;deck&quot;:&quot;Deck&quot;,&quot;fulltextsearch&quot;:&quot;Full text search&quot;,&quot;mindmaps&quot;:&quot;Mindmaps&quot;,&quot;passman&quot;:&quot;Passman&quot;,&quot;drawio&quot;:&quot;Draw.io&quot;,&quot;bookmarks&quot;:&quot;Bookmarks&quot;,&quot;audioplayer&quot;:&quot;Audioplayer&quot;,&quot;appointments&quot;:&quot;Appointments&quot;}\"\n\t\t\tdata-coreapps=\"[&quot;files&quot;,&quot;calendar&quot;,&quot;contacts&quot;,&quot;spreed&quot;,&quot;mail&quot;,&quot;tasks&quot;,&quot;notes&quot;]\">\n\t\t<\/div>\n\t\t<div id=\"register-details\" class=\"container\"><p><\/p><\/div>\n\t<\/section>\n\n\n[\/vc_column_text][\/vc_column][\/vc_row][\/vc_section][vc_section el_class=&#8220;vertical-page-intro why_section nc_default_section&#8220; css=&#8220;.vc_custom_1673353645405{margin-top: 2rem !important;margin-bottom: 0px !important;}&#8220; el_id=&#8220;why_section&#8220;][vc_row disable_element=&#8220;yes&#8220; css=&#8220;.vc_custom_1714499193177{margin-bottom: 3rem !important;}&#8220; el_id=&#8220;nc_one&#8220;][vc_column width=&#8220;1\/12&#8243;][\/vc_column][vc_column width=&#8220;10\/12&#8243;][vc_row_inner content_placement=&#8220;middle&#8220; gap=&#8220;30&#8243; el_class=&#8220;lightBG borderRadius boxShadow&#8220;][vc_column_inner width=&#8220;1\/4&#8243;][vc_single_image image=&#8220;210168&#8243; alignment=&#8220;center&#8220; css=&#8220;&#8220;][\/vc_column_inner][vc_column_inner width=&#8220;3\/4&#8243;][vc_column_text css=&#8220;&#8220; el_class=&#8220;new_label label_arrow_down&#8220;]Neu[\/vc_column_text][vc_column_text css=&#8220;&#8220;]<\/p>\n<h3>Nextcloud One: a fully managed cloud platform<\/h3>\n<p>[\/vc_column_text][vc_column_text css=&#8220;&#8220;]Nextcloud One is a fully managed service hosted in Germany. It includes hosting, maintenance and management of a dedicated Nextcloud instance. It comes with 24\/7 support, 30 days of backups and is fully compliant with GDPR.[\/vc_column_text][vc_btn title=&#8220;Try Nextcloud One now&#8220; i_align=&#8220;right&#8220; i_icon_fontawesome=&#8220;fas fa-external-link-alt&#8220; css=&#8220;&#8220; add_icon=&#8220;true&#8220; el_class=&#8220;btn-main&#8220; link=&#8220;url:https%3A%2F%2Fnextcloud-one.com%3Futm_source%3Dnextcloud.com%26utm_medium%3Dreferral%26utm_campaign%3Dnextcloud-one%26utm_content%3Dsign-up-page|target:_blank|&#8220;][\/vc_column_inner][\/vc_row_inner][\/vc_column][vc_column width=&#8220;1\/12&#8243;][\/vc_column][\/vc_row][vc_row gap=&#8220;30&#8243; content_placement=&#8220;middle&#8220; css=&#8220;.vc_custom_1663052125396{padding-right: 3rem !important;padding-left: 3rem !important;}&#8220;][vc_column width=&#8220;1\/5&#8243;][\/vc_column][vc_column width=&#8220;3\/5&#8243;][vc_column_text el_class=&#8220;page-title centerMobile&#8220;]<\/p>\n<h2 style=\"text-align: center;\">Das einfache Anmeldungsprogramm:<br \/>\n1-2-3 \u2013 und los geht\u2019s!<\/h2>\n<p>[\/vc_column_text][vc_separator color=&#8220;custom&#8220; border_width=&#8220;2&#8243; el_width=&#8220;20&#8243; el_class=&#8220;nc_separator_line&#8220;][\/vc_column][vc_column width=&#8220;1\/5&#8243;][\/vc_column][\/vc_row][vc_row gap=&#8220;30&#8243; equal_height=&#8220;yes&#8220; css=&#8220;.vc_custom_1708503913073{padding-right: 3rem !important;padding-left: 3rem !important;}&#8220; el_class=&#8220;iconboxes&#8220;][vc_column width=&#8220;1\/3&#8243; el_class=&#8220;iconbox&#8220; el_id=&#8220;providers&#8220;][vc_icon icon_fontawesome=&#8220;fas fa-info-circle&#8220; color=&#8220;custom&#8220; custom_color=&#8220;#0082c9&#8243; el_class=&#8220;image-icon&#8220;][vc_column_text css=&#8220;&#8220;]<\/p>\n<h4>Provider<\/h4>\n<p>[\/vc_column_text][vc_column_text css=&#8220;&#8220;]Wir haben unser Bestes bei der Auswahl von qualitativ hochwertigen Providern getan, k\u00f6nnen jedoch keine Verantwortung f\u00fcr deren Dienste \u00fcbernehmen. Sollte es zu Problemen mit Ihrem Konto kommen, kontaktieren Sie bitte Ihren Provider. Da Ihre Daten nicht bei Nextcloud gespeichert werden, sind wir in solchen F\u00e4llen nicht die richtige Anlaufstelle. <strong>Bitte wenden Sie sich an den Provider, bei dem Sie sich angemeldet haben.<\/strong>[\/vc_column_text][\/vc_column][vc_column width=&#8220;1\/3&#8243; el_class=&#8220;iconbox&#8220;][vc_icon icon_fontawesome=&#8220;fas fa-server&#8220; color=&#8220;custom&#8220; custom_color=&#8220;#0082c9&#8243; el_class=&#8220;image-icon&#8220;][vc_column_text]<\/p>\n<h4>Kostenloses Konto<\/h4>\n<p>[\/vc_column_text][vc_column_text css=&#8220;&#8220;]Die aufgef\u00fchrten Nextcloud-Provider bieten alle ein kostenloses Konto mit 2 bis 5 GB Speicherplatz an. Mehr Speicherplatz und weitere Optionen wie eine dedizierte Einrichtung werden gegen eine Geb\u00fchr angeboten, die die kostenlosen Konten finanziert. Ziehen Sie in Erw\u00e4gung, f\u00fcr Ihr Konto zu bezahlen, denn es hilft, diesen Service anzubieten.[\/vc_column_text][vc_btn title=&#8220;Feedback geben&#8220; css=&#8220;&#8220; link=&#8220;url:https%3A%2F%2Fhelp.nextcloud.com%2Fc%2Fhosting%2F14|target:_blank|&#8220; el_class=&#8220;btn-main btn-small&#8220;][\/vc_column][vc_column width=&#8220;1\/3&#8243; el_class=&#8220;iconbox&#8220;][vc_icon icon_fontawesome=&#8220;fas fa-shield-alt&#8220; color=&#8220;custom&#8220; custom_color=&#8220;#0082c9&#8243; el_class=&#8220;image-icon&#8220;][vc_column_text]<\/p>\n<h4>Datenschutz<\/h4>\n<p>[\/vc_column_text][vc_column_text css=&#8220;&#8220;]Mit Ihrer Anmeldung akzeptieren Sie unsere Datenschutzerkl\u00e4rung. Wir erheben nur die n\u00f6tigsten Informationen, um es dem Provider zu erm\u00f6glichen, Ihr kostenloses Nextcloud-Konto einzurichten. Wir speichern keine personenbezogenen Daten.<\/p>\n<p>[\/vc_column_text][vc_btn title=&#8220;Datenschutzerkl\u00e4rung&#8220; css=&#8220;&#8220; link=&#8220;url:https%3A%2F%2Fnextcloud.com%2Fde%2Fprivacy%2F|title:Datenschutzbestimmungen|&#8220; el_class=&#8220;btn-main btn-small&#8220;][\/vc_column][\/vc_row][\/vc_section][vc_section el_id=&#8220;cta-contact&#8220; el_class=&#8220;cta-contact nc-section-gradient-bg white-text&#8220; css=&#8220;.vc_custom_1663589051447{padding-top: 3rem !important;padding-bottom: 3rem !important;}&#8220;][vc_row content_placement=&#8220;middle&#8220;][vc_column el_class=&#8220;text-right&#8220;][vc_column_text el_class=&#8220;nc-section-title&#8220;]<\/p>\n<h2 style=\"text-align: center;\">Haben Sie weitere Fragen?<\/h2>\n<p>[\/vc_column_text][vc_column_text css=&#8220;.vc_custom_1708504014634{margin-bottom: 0px !important;}&#8220;]<\/p>\n<p style=\"text-align: center;\">Die Anforderungen und Herausforderungen k\u00f6nnen je nach Person oder Organisation unterschiedlich sein.<br \/>\nWir unterst\u00fctzen Sie dabei, genau die L\u00f6sung zu finden, die wirklich zu Ihnen passt.[\/vc_column_text][vc_row_inner el_class=&#8220;btns-inline-centered&#8220;][vc_column_inner el_class=&#8220;btns-inline-centered&#8220; css=&#8220;.vc_custom_1673354326524{margin-top: 1.5rem !important;}&#8220;][vc_btn title=&#8220;Forum besuchen&#8220; i_icon_fontawesome=&#8220;fas fa-comments&#8220; add_icon=&#8220;true&#8220; el_class=&#8220;btn-white&#8220; link=&#8220;url:https%3A%2F%2Fhelp.nextcloud.com%2F|title:Forum%20besuchen|target:_blank|&#8220;][vc_btn title=&#8220;Kontaktieren Sie uns jetzt&#8220; i_icon_fontawesome=&#8220;fas fa-envelope&#8220; add_icon=&#8220;true&#8220; el_class=&#8220;btn-white-outline&#8220; link=&#8220;url:https%3A%2F%2Fnextcloud.com%2Fde%2Fkontakt%2F|title:Kontaktieren%20Sie%20uns%20jetzt|&#8220;][\/vc_column_inner][\/vc_row_inner][\/vc_column][\/vc_row][\/vc_section]<\/p>\n<\/div>","protected":false},"excerpt":{"rendered":"<p>[vc_section el_class=&#8220;titlebar at_home blueGradient&#8220;][vc_row gap=&#8220;20&#8243; css=&#8220;.vc_custom_1709805199707{margin-top: 4rem !important;}&#8220;][vc_column offset=&#8220;vc_col-lg-2\/5 vc_col-md-2\/5&#8243; el_class=&#8220;positionRelative&#8220;][vc_single_image image=&#8220;206108&#8243; el_class=&#8220;nc-sep-logo signup-icon&#8220;][vc_column_text el_class=&#8220;page-title centerMobile&#8220;] Registrieren Sie sich f\u00fcr ein kostenloses Nextcloud-Konto [\/vc_column_text][vc_column_text css=&#8220;.vc_custom_1710435185896{margin-top: 2rem !important;margin-bottom: 2rem !important;}&#8220; el_class=&#8220;page-subtitle centerMobile&#8220;]W\u00e4hlen Sie einen unserer verschiedenen vertrauensw\u00fcrdigen, zertifizierten Anbieter, um Ihr kostenloses Privatkonto zu erhalten und Ihre Nextcloud-Reise noch heute zu beginnen![\/vc_column_text][vc_column_text css=&#8220;.vc_custom_1751034584145{margin-top: 2rem !important;margin-bottom: 2rem [&hellip;]<\/p>\n","protected":false},"author":2,"featured_media":0,"parent":0,"menu_order":0,"comment_status":"closed","ping_status":"closed","template":"","meta":{"_acf_changed":false,"inline_featured_image":false,"publish_to_discourse":"","publish_post_category":"","wpdc_auto_publish_overridden":"","wpdc_topic_tags":"","wpdc_pin_topic":"","wpdc_pin_until":"","discourse_post_id":"","discourse_permalink":"","wpdc_publishing_response":"","wpdc_publishing_error":"","footnotes":""},"tags":[],"class_list":["post-131839","page","type-page","status-publish","hentry"],"acf":[],"yoast_head":"<!-- This site is optimized with the Yoast SEO plugin v27.1.1 - https:\/\/yoast.com\/product\/yoast-seo-wordpress\/ -->\n<title>Registrieren Sie sich f\u00fcr ein kostenloses Nextcloud-Konto<\/title>\n<meta name=\"description\" content=\"W\u00e4hlen Sie einen unserer vertrauensw\u00fcrdigen, zertifizierten Anbieter, um Ihr kostenloses Privatkonto zu erhalten.\" \/>\n<meta name=\"robots\" content=\"index, follow, max-snippet:-1, max-image-preview:large, max-video-preview:-1\" \/>\n<link rel=\"canonical\" href=\"https:\/\/nextcloud.com\/de\/sign-up\/\" \/>\n<meta property=\"og:locale\" content=\"de_DE\" \/>\n<meta property=\"og:type\" content=\"article\" \/>\n<meta property=\"og:title\" content=\"Registrieren Sie sich f\u00fcr ein kostenloses Nextcloud-Konto\" \/>\n<meta property=\"og:description\" content=\"W\u00e4hlen Sie einen unserer vertrauensw\u00fcrdigen, zertifizierten Anbieter, um Ihr kostenloses Privatkonto zu erhalten.\" \/>\n<meta property=\"og:url\" content=\"https:\/\/nextcloud.com\/de\/sign-up\/\" \/>\n<meta property=\"og:site_name\" content=\"Nextcloud\" \/>\n<meta property=\"article:publisher\" content=\"https:\/\/www.facebook.com\/Nextclouders\/\" \/>\n<meta property=\"article:modified_time\" content=\"2025-09-01T09:34:23+00:00\" \/>\n<meta property=\"og:image\" content=\"https:\/\/nextcloud.com\/c\/uploads\/2026\/01\/nextcloud-home-featured-image.png\" \/>\n\t<meta property=\"og:image:width\" content=\"1920\" \/>\n\t<meta property=\"og:image:height\" content=\"1080\" \/>\n\t<meta property=\"og:image:type\" content=\"image\/png\" \/>\n<meta name=\"twitter:card\" content=\"summary_large_image\" \/>\n<meta name=\"twitter:site\" content=\"@nextclouders\" \/>\n<meta name=\"twitter:label1\" content=\"Gesch\u00e4tzte Lesezeit\" \/>\n\t<meta name=\"twitter:data1\" content=\"5\u00a0Minuten\" \/>\n<script type=\"application\/ld+json\" class=\"yoast-schema-graph\">{\"@context\":\"https:\/\/schema.org\",\"@graph\":[{\"@type\":\"WebPage\",\"@id\":\"https:\/\/nextcloud.com\/de\/sign-up\/\",\"url\":\"https:\/\/nextcloud.com\/de\/sign-up\/\",\"name\":\"Registrieren Sie sich f\u00fcr ein kostenloses Nextcloud-Konto\",\"isPartOf\":{\"@id\":\"https:\/\/nextcloud.com\/de\/#website\"},\"datePublished\":\"2022-03-04T15:57:01+00:00\",\"dateModified\":\"2025-09-01T09:34:23+00:00\",\"description\":\"W\u00e4hlen Sie einen unserer vertrauensw\u00fcrdigen, zertifizierten Anbieter, um Ihr kostenloses Privatkonto zu erhalten.\",\"breadcrumb\":{\"@id\":\"https:\/\/nextcloud.com\/de\/sign-up\/#breadcrumb\"},\"inLanguage\":\"de\",\"potentialAction\":[{\"@type\":\"ReadAction\",\"target\":[\"https:\/\/nextcloud.com\/de\/sign-up\/\"]}]},{\"@type\":\"BreadcrumbList\",\"@id\":\"https:\/\/nextcloud.com\/de\/sign-up\/#breadcrumb\",\"itemListElement\":[{\"@type\":\"ListItem\",\"position\":1,\"name\":\"Home\",\"item\":\"https:\/\/nextcloud.com\/de\/\"},{\"@type\":\"ListItem\",\"position\":2,\"name\":\"Registrieren\"}]},{\"@type\":\"WebSite\",\"@id\":\"https:\/\/nextcloud.com\/de\/#website\",\"url\":\"https:\/\/nextcloud.com\/de\/\",\"name\":\"Nextcloud\",\"description\":\"Regain control over your data\",\"publisher\":{\"@id\":\"https:\/\/nextcloud.com\/de\/#organization\"},\"potentialAction\":[{\"@type\":\"SearchAction\",\"target\":{\"@type\":\"EntryPoint\",\"urlTemplate\":\"https:\/\/nextcloud.com\/de\/?s={search_term_string}\"},\"query-input\":{\"@type\":\"PropertyValueSpecification\",\"valueRequired\":true,\"valueName\":\"search_term_string\"}}],\"inLanguage\":\"de\"},{\"@type\":\"Organization\",\"@id\":\"https:\/\/nextcloud.com\/de\/#organization\",\"name\":\"Nextcloud\",\"url\":\"https:\/\/nextcloud.com\/de\/\",\"logo\":{\"@type\":\"ImageObject\",\"inLanguage\":\"de\",\"@id\":\"https:\/\/nextcloud.com\/de\/#\/schema\/logo\/image\/\",\"url\":\"https:\/\/nextcloud.com\/c\/uploads\/2022\/10\/nextcloud-logo-blue-transparent.svg\",\"contentUrl\":\"https:\/\/nextcloud.com\/c\/uploads\/2022\/10\/nextcloud-logo-blue-transparent.svg\",\"width\":\"1024\",\"height\":\"1024\",\"caption\":\"Nextcloud\"},\"image\":{\"@id\":\"https:\/\/nextcloud.com\/de\/#\/schema\/logo\/image\/\"},\"sameAs\":[\"https:\/\/www.facebook.com\/Nextclouders\/\",\"https:\/\/x.com\/nextclouders\",\"https:\/\/www.linkedin.com\/company\/10827569\/\",\"https:\/\/youtube.com\/nextcloud\",\"https:\/\/www.instagram.com\/nextclouders\/\"]}]}<\/script>\n<!-- \/ Yoast SEO plugin. -->","yoast_head_json":{"title":"Registrieren Sie sich f\u00fcr ein kostenloses Nextcloud-Konto","description":"W\u00e4hlen Sie einen unserer vertrauensw\u00fcrdigen, zertifizierten Anbieter, um Ihr kostenloses Privatkonto zu erhalten.","robots":{"index":"index","follow":"follow","max-snippet":"max-snippet:-1","max-image-preview":"max-image-preview:large","max-video-preview":"max-video-preview:-1"},"canonical":"https:\/\/nextcloud.com\/de\/sign-up\/","og_locale":"de_DE","og_type":"article","og_title":"Registrieren Sie sich f\u00fcr ein kostenloses Nextcloud-Konto","og_description":"W\u00e4hlen Sie einen unserer vertrauensw\u00fcrdigen, zertifizierten Anbieter, um Ihr kostenloses Privatkonto zu erhalten.","og_url":"https:\/\/nextcloud.com\/de\/sign-up\/","og_site_name":"Nextcloud","article_publisher":"https:\/\/www.facebook.com\/Nextclouders\/","article_modified_time":"2025-09-01T09:34:23+00:00","og_image":[{"width":1920,"height":1080,"url":"https:\/\/nextcloud.com\/c\/uploads\/2026\/01\/nextcloud-home-featured-image.png","type":"image\/png"}],"twitter_card":"summary_large_image","twitter_site":"@nextclouders","twitter_misc":{"Gesch\u00e4tzte Lesezeit":"5\u00a0Minuten"},"schema":{"@context":"https:\/\/schema.org","@graph":[{"@type":"WebPage","@id":"https:\/\/nextcloud.com\/de\/sign-up\/","url":"https:\/\/nextcloud.com\/de\/sign-up\/","name":"Registrieren Sie sich f\u00fcr ein kostenloses Nextcloud-Konto","isPartOf":{"@id":"https:\/\/nextcloud.com\/de\/#website"},"datePublished":"2022-03-04T15:57:01+00:00","dateModified":"2025-09-01T09:34:23+00:00","description":"W\u00e4hlen Sie einen unserer vertrauensw\u00fcrdigen, zertifizierten Anbieter, um Ihr kostenloses Privatkonto zu erhalten.","breadcrumb":{"@id":"https:\/\/nextcloud.com\/de\/sign-up\/#breadcrumb"},"inLanguage":"de","potentialAction":[{"@type":"ReadAction","target":["https:\/\/nextcloud.com\/de\/sign-up\/"]}]},{"@type":"BreadcrumbList","@id":"https:\/\/nextcloud.com\/de\/sign-up\/#breadcrumb","itemListElement":[{"@type":"ListItem","position":1,"name":"Home","item":"https:\/\/nextcloud.com\/de\/"},{"@type":"ListItem","position":2,"name":"Registrieren"}]},{"@type":"WebSite","@id":"https:\/\/nextcloud.com\/de\/#website","url":"https:\/\/nextcloud.com\/de\/","name":"Nextcloud","description":"Regain control over your data","publisher":{"@id":"https:\/\/nextcloud.com\/de\/#organization"},"potentialAction":[{"@type":"SearchAction","target":{"@type":"EntryPoint","urlTemplate":"https:\/\/nextcloud.com\/de\/?s={search_term_string}"},"query-input":{"@type":"PropertyValueSpecification","valueRequired":true,"valueName":"search_term_string"}}],"inLanguage":"de"},{"@type":"Organization","@id":"https:\/\/nextcloud.com\/de\/#organization","name":"Nextcloud","url":"https:\/\/nextcloud.com\/de\/","logo":{"@type":"ImageObject","inLanguage":"de","@id":"https:\/\/nextcloud.com\/de\/#\/schema\/logo\/image\/","url":"https:\/\/nextcloud.com\/c\/uploads\/2022\/10\/nextcloud-logo-blue-transparent.svg","contentUrl":"https:\/\/nextcloud.com\/c\/uploads\/2022\/10\/nextcloud-logo-blue-transparent.svg","width":"1024","height":"1024","caption":"Nextcloud"},"image":{"@id":"https:\/\/nextcloud.com\/de\/#\/schema\/logo\/image\/"},"sameAs":["https:\/\/www.facebook.com\/Nextclouders\/","https:\/\/x.com\/nextclouders","https:\/\/www.linkedin.com\/company\/10827569\/","https:\/\/youtube.com\/nextcloud","https:\/\/www.instagram.com\/nextclouders\/"]}]}},"_links":{"self":[{"href":"https:\/\/nextcloud.com\/de\/wp-json\/wp\/v2\/pages\/131839","targetHints":{"allow":["GET"]}}],"collection":[{"href":"https:\/\/nextcloud.com\/de\/wp-json\/wp\/v2\/pages"}],"about":[{"href":"https:\/\/nextcloud.com\/de\/wp-json\/wp\/v2\/types\/page"}],"author":[{"embeddable":true,"href":"https:\/\/nextcloud.com\/de\/wp-json\/wp\/v2\/users\/2"}],"replies":[{"embeddable":true,"href":"https:\/\/nextcloud.com\/de\/wp-json\/wp\/v2\/comments?post=131839"}],"version-history":[{"count":21,"href":"https:\/\/nextcloud.com\/de\/wp-json\/wp\/v2\/pages\/131839\/revisions"}],"predecessor-version":[{"id":332017,"href":"https:\/\/nextcloud.com\/de\/wp-json\/wp\/v2\/pages\/131839\/revisions\/332017"}],"wp:attachment":[{"href":"https:\/\/nextcloud.com\/de\/wp-json\/wp\/v2\/media?parent=131839"}],"wp:term":[{"taxonomy":"post_tag","embeddable":true,"href":"https:\/\/nextcloud.com\/de\/wp-json\/wp\/v2\/tags?post=131839"}],"curies":[{"name":"wp","href":"https:\/\/api.w.org\/{rel}","templated":true}]}}